{"id":1147,"date":"2025-04-10T10:45:22","date_gmt":"2025-04-10T08:45:22","guid":{"rendered":"https:\/\/www.empower2act.org\/politica-de-cookies\/"},"modified":"2025-07-03T08:40:50","modified_gmt":"2025-07-03T06:40:50","slug":"politica-de-cookies","status":"publish","type":"page","link":"https:\/\/www.empower2act.org\/es\/politica-de-cookies\/","title":{"rendered":"Pol\u00edtica de cookies"},"content":{"rendered":"\n<div class=\"cmplz-document cookie-statement cmplz-document-eu\" id=\"cmplz-document\"><p><br><\/p><\/div>\n<p><br\/>Esta pol\u00edtica de cookies se actualiz\u00f3 por \u00faltima vez el 10 de abril de 2025 y se aplica a los ciudadanos y residentes legales permanentes del Espacio Econ\u00f3mico Europeo y Suiza.<\/p>\n\n<h3 class=\"wp-block-heading\">1. Introducci\u00f3n<\/h3>\n\n<p>Nuestro sitio web, <a href=\"https:\/\/www.empower2act.org\/es\/\">https:\/\/www.empower2act.org <\/a>(en adelante, \u00abel sitio web\u00bb), utiliza cookies y otras tecnolog\u00edas relacionadas (para mayor comodidad, todas estas tecnolog\u00edas se denominan \u00abcookies\u00bb). Las cookies tambi\u00e9n son instaladas por terceros con los que hemos colaborado. En este documento, le informamos sobre el uso de cookies en nuestro sitio web.  <\/p>\n\n<h3 class=\"wp-block-heading\">2. \u00bfQu\u00e9 son las cookies?<\/h3>\n\n<p>Una cookie es un peque\u00f1o archivo que se env\u00eda junto con las p\u00e1ginas de este sitio web y que su navegador almacena en el disco duro de su ordenador u otro dispositivo. La informaci\u00f3n almacenada puede ser devuelta a nuestros servidores o a los servidores de terceros relevantes durante una visita posterior. <\/p>\n\n<h3 class=\"wp-block-heading\">3. \u00bfQu\u00e9 son los scripts?<\/h3>\n\n<p>Un script es un fragmento de c\u00f3digo que se utiliza para que nuestro sitio web funcione correctamente y de forma interactiva. Este c\u00f3digo se ejecuta en nuestro servidor o en su dispositivo. <\/p>\n\n<h3 class=\"wp-block-heading\">4. \u00bfQu\u00e9 es una baliza web?<\/h3>\n\n<p>Una baliza web (o etiqueta de p\u00edxel) es un peque\u00f1o fragmento invisible de texto o imagen en un sitio web que se utiliza para monitorizar el tr\u00e1fico web. Estas balizas web almacenan diversos datos sobre usted. <\/p>\n\n<h3 class=\"wp-block-heading\">5. Cookies<\/h3>\n\n<h4 class=\"wp-block-heading\">5.1 Cookies t\u00e9cnicas o funcionales<\/h4>\n\n<p>Algunas cookies garantizan el correcto funcionamiento de ciertas partes del sitio web y que se recuerden tus preferencias de usuario. Al instalar cookies funcionales, te facilitamos la visita a nuestro sitio web. De esta forma, no tienes que introducir repetidamente la misma informaci\u00f3n al visitar nuestro sitio y, por ejemplo, los art\u00edculos permanecen en tu carrito de compra hasta que hayas pagado. Podemos instalar estas cookies sin tu consentimiento.   <\/p>\n\n<h4 class=\"wp-block-heading\">5.2 Cookies estad\u00edsticas<\/h4>\n\n<p>Utilizamos cookies estad\u00edsticas para optimizar la experiencia del usuario en nuestro sitio web. Estas cookies nos permiten comprender c\u00f3mo se utiliza nuestro sitio web. Solicitamos su permiso para instalarlas.  <\/p>\n\n<h3 class=\"wp-block-heading\">6. Cookies utilizadas<\/h3>\n\n<ul class=\"wp-block-list\">\n<li><strong>WordPress <\/strong>\u2013 Funcional<br\/>Consentimiento para usar WordPress<\/li>\n\n\n\n<li><strong>Complianz<\/strong> \u2013 Funcional<br\/>Consentimiento para el servicio Complianz<\/li>\n\n\n\n<li><strong>Varios<\/strong> \u2013 Prop\u00f3sito pendiente de investigaci\u00f3n<br\/>Consentimiento para el servicio Varios<\/li>\n<\/ul>\n\n<h3 class=\"wp-block-heading\">7. Consentimiento<\/h3>\n\n<p>Cuando visite nuestro sitio web por primera vez, le mostraremos una ventana emergente con una explicaci\u00f3n sobre las cookies. Al hacer clic en \u00abGuardar preferencias\u00bb, nos autoriza a usar las categor\u00edas de cookies y plugins que seleccion\u00f3 en la ventana emergente, tal como se describe en esta pol\u00edtica de cookies. Puede desactivar el uso de cookies a trav\u00e9s de su navegador, pero tenga en cuenta que nuestro sitio web podr\u00eda no funcionar correctamente.  <\/p>\n\n<h4 class=\"wp-block-heading\">7.1 Gestiona tu configuraci\u00f3n de consentimiento<\/h4>\n\n<ul class=\"wp-block-list\">\n<li><strong>Funcionales<\/strong> \u2013 Siempre activas<\/li>\n\n\n\n<li><strong>Estad\u00edsticas<\/strong> \u2013 Estad\u00edsticas<\/li>\n<\/ul>\n\n<h3 class=\"wp-block-heading\">8. Habilitaci\u00f3n, deshabilitaci\u00f3n y eliminaci\u00f3n de cookies<\/h3>\n\n<p>Puede usar su navegador de internet para eliminar las cookies de forma autom\u00e1tica o manual. Tambi\u00e9n puede especificar que no se puedan instalar ciertas cookies. Otra opci\u00f3n es cambiar la configuraci\u00f3n de su navegador de internet para recibir un mensaje cada vez que se instale una cookie. Para obtener m\u00e1s informaci\u00f3n sobre estas opciones, consulte las instrucciones en la secci\u00f3n de \u00abAyuda\u00bb de su navegador.   <\/p>\n\n<p>Tenga en cuenta que nuestro sitio web podr\u00eda no funcionar correctamente si todas las cookies est\u00e1n desactivadas. Si elimina las cookies de su navegador, se volver\u00e1n a instalar despu\u00e9s de su consentimiento cuando vuelva a visitar nuestro sitio web. <\/p>\n\n<h3 class=\"wp-block-heading\">9. Sus derechos con respecto a los datos personales<\/h3>\n\n<p>Usted tiene los siguientes derechos con respecto a sus datos personales:<\/p>\n\n<ul class=\"wp-block-list\">\n<li><strong>Derecho a saber <\/strong>por qu\u00e9 se necesitan sus datos personales, qu\u00e9 pasar\u00e1 con ellos y durante cu\u00e1nto tiempo se conservar\u00e1n.<\/li>\n\n\n\n<li><strong>Derecho de acceso<\/strong>: Usted tiene derecho a acceder a los datos personales que tenemos sobre usted.<\/li>\n\n\n\n<li><strong>Derecho de rectificaci\u00f3n<\/strong>: Tienes derecho a completar, corregir, eliminar o bloquear tus datos personales cuando lo desees.<\/li>\n\n\n\n<li>Si nos da su consentimiento para procesar sus datos, tiene derecho a revocar dicho consentimiento y solicitar la eliminaci\u00f3n de sus datos personales.<\/li>\n\n\n\n<li><strong>Derecho a la portabilidad de los datos<\/strong>: Tienes derecho a solicitar al responsable del tratamiento todos tus datos personales y transferirlos \u00edntegramente a otro responsable del tratamiento.<\/li>\n\n\n\n<li><strong>Derecho de oposici\u00f3n<\/strong>: Puede oponerse al tratamiento de sus datos. Cumpliremos con su obligaci\u00f3n, salvo que existan motivos leg\u00edtimos para el tratamiento. <\/li>\n<\/ul>\n\n<p>Para ejercer estos derechos, p\u00f3ngase en contacto con nosotros. Consulte los datos de contacto al final de esta pol\u00edtica de cookies. Si tiene alguna queja sobre c\u00f3mo gestionamos sus datos, le agradecer\u00edamos que nos lo hiciera saber. Sin embargo, tambi\u00e9n tiene derecho a presentar una reclamaci\u00f3n ante la autoridad de control (la autoridad de protecci\u00f3n de datos).  <\/p>\n\n<h3 class=\"wp-block-heading\">10. Datos de contacto<\/h3>\n\n<p>Para preguntas y\/o comentarios sobre nuestra pol\u00edtica de cookies y esta declaraci\u00f3n, cont\u00e1ctenos utilizando los siguientes detalles:<\/p>\n\n<p><strong>FUNDACI\u00d3N INTRAS<\/strong><br\/>Calle Mart\u00edn Santos Romero 1, Valladolid CP 47016<br\/>Espa\u00f1a<br\/>Sitio web: <a href=\"https:\/\/www.empower2act.org\/es\/\">https:\/\/www.empower2act.org<\/a><br\/>Correo electr\u00f3nico: <a href=\"mailto:jcp@intras.es\">dpo@intras.es<\/a><br\/>N\u00famero de tel\u00e9fono: +34 983 399 633<\/p>\n\n<p>Esta pol\u00edtica de cookies se sincroniz\u00f3 con <a href=\"https:\/\/cookiedatabase.org\/\">cookiedatabase.org <\/a>el 10 de abril de 2025.<\/p>\n","protected":false},"excerpt":{"rendered":"<p>Esta pol\u00edtica de cookies se actualiz\u00f3 por \u00faltima vez el 10 de abril de 2025 y se aplica a los [&hellip;]<\/p>\n","protected":false},"author":1,"featured_media":0,"parent":0,"menu_order":0,"comment_status":"closed","ping_status":"closed","template":"","meta":{"_coblocks_attr":"","_coblocks_dimensions":"","_coblocks_responsive_height":"","_coblocks_accordion_ie_support":"","_uag_custom_page_level_css":"","site-sidebar-layout":"default","site-content-layout":"","ast-site-content-layout":"default","site-content-style":"default","site-sidebar-style":"default","ast-global-header-display":"","ast-banner-title-visibility":"","ast-main-header-display":"","ast-hfb-above-header-display":"","ast-hfb-below-header-display":"","ast-hfb-mobile-header-display":"","site-post-title":"","ast-breadcrumbs-content":"","ast-featured-img":"","footer-sml-layout":"","ast-disable-related-posts":"","theme-transparent-header-meta":"","adv-header-id-meta":"","stick-header-meta":"","header-above-stick-meta":"","header-main-stick-meta":"","header-below-stick-meta":"","astra-migrate-meta-layouts":"default","ast-page-background-enabled":"default","ast-page-background-meta":{"desktop":{"background-color":"var(--ast-global-color-5)","background-image":"","background-repeat":"repeat","background-position":"center center","background-size":"auto","background-attachment":"scroll","background-type":"","background-media":"","overlay-type":"","overlay-color":"","overlay-opacity":"","overlay-gradient":""},"tablet":{"background-color":"","background-image":"","background-repeat":"repeat","background-position":"center center","background-size":"auto","background-attachment":"scroll","background-type":"","background-media":"","overlay-type":"","overlay-color":"","overlay-opacity":"","overlay-gradient":""},"mobile":{"background-color":"","background-image":"","background-repeat":"repeat","background-position":"center center","background-size":"auto","background-attachment":"scroll","background-type":"","background-media":"","overlay-type":"","overlay-color":"","overlay-opacity":"","overlay-gradient":""}},"ast-content-background-meta":{"desktop":{"background-color":"var(--ast-global-color-4)","background-image":"","background-repeat":"repeat","background-position":"center center","background-size":"auto","background-attachment":"scroll","background-type":"","background-media":"","overlay-type":"","overlay-color":"","overlay-opacity":"","overlay-gradient":""},"tablet":{"background-color":"var(--ast-global-color-4)","background-image":"","background-repeat":"repeat","background-position":"center center","background-size":"auto","background-attachment":"scroll","background-type":"","background-media":"","overlay-type":"","overlay-color":"","overlay-opacity":"","overlay-gradient":""},"mobile":{"background-color":"var(--ast-global-color-4)","background-image":"","background-repeat":"repeat","background-position":"center center","background-size":"auto","background-attachment":"scroll","background-type":"","background-media":"","overlay-type":"","overlay-color":"","overlay-opacity":"","overlay-gradient":""}},"footnotes":""},"class_list":["post-1147","page","type-page","status-publish","hentry"],"yoast_head":"<!-- This site is optimized with the Yoast SEO plugin v27.4 - https:\/\/yoast.com\/product\/yoast-seo-wordpress\/ -->\n<title>Pol\u00edtica de cookies -<\/title>\n<meta name=\"robots\" content=\"index, follow, max-snippet:-1, max-image-preview:large, max-video-preview:-1\" \/>\n<link rel=\"canonical\" href=\"https:\/\/www.empower2act.org\/es\/politica-de-cookies\/\" \/>\n<meta property=\"og:locale\" content=\"es_ES\" \/>\n<meta property=\"og:type\" content=\"article\" \/>\n<meta property=\"og:title\" content=\"Pol\u00edtica de cookies -\" \/>\n<meta property=\"og:description\" content=\"Esta pol\u00edtica de cookies se actualiz\u00f3 por \u00faltima vez el 10 de abril de 2025 y se aplica a los [&hellip;]\" \/>\n<meta property=\"og:url\" content=\"https:\/\/www.empower2act.org\/es\/politica-de-cookies\/\" \/>\n<meta property=\"article:modified_time\" content=\"2025-07-03T06:40:50+00:00\" \/>\n<meta name=\"twitter:card\" content=\"summary_large_image\" \/>\n<meta name=\"twitter:label1\" content=\"Tiempo de lectura\" \/>\n\t<meta name=\"twitter:data1\" content=\"4 minutos\" \/>\n<script type=\"application\/ld+json\" class=\"yoast-schema-graph\">{\"@context\":\"https:\\\/\\\/schema.org\",\"@graph\":[{\"@type\":\"WebPage\",\"@id\":\"https:\\\/\\\/www.empower2act.org\\\/es\\\/politica-de-cookies\\\/\",\"url\":\"https:\\\/\\\/www.empower2act.org\\\/es\\\/politica-de-cookies\\\/\",\"name\":\"Pol\u00edtica de cookies -\",\"isPartOf\":{\"@id\":\"https:\\\/\\\/www.empower2act.org\\\/es\\\/#website\"},\"datePublished\":\"2025-04-10T08:45:22+00:00\",\"dateModified\":\"2025-07-03T06:40:50+00:00\",\"breadcrumb\":{\"@id\":\"https:\\\/\\\/www.empower2act.org\\\/es\\\/politica-de-cookies\\\/#breadcrumb\"},\"inLanguage\":\"es\",\"potentialAction\":[{\"@type\":\"ReadAction\",\"target\":[\"https:\\\/\\\/www.empower2act.org\\\/es\\\/politica-de-cookies\\\/\"]}]},{\"@type\":\"BreadcrumbList\",\"@id\":\"https:\\\/\\\/www.empower2act.org\\\/es\\\/politica-de-cookies\\\/#breadcrumb\",\"itemListElement\":[{\"@type\":\"ListItem\",\"position\":1,\"name\":\"Portada\",\"item\":\"https:\\\/\\\/www.empower2act.org\\\/es\\\/\"},{\"@type\":\"ListItem\",\"position\":2,\"name\":\"Pol\u00edtica de cookies\"}]},{\"@type\":\"WebSite\",\"@id\":\"https:\\\/\\\/www.empower2act.org\\\/es\\\/#website\",\"url\":\"https:\\\/\\\/www.empower2act.org\\\/es\\\/\",\"name\":\"empower2act\",\"description\":\"\",\"publisher\":{\"@id\":\"https:\\\/\\\/www.empower2act.org\\\/es\\\/#organization\"},\"potentialAction\":[{\"@type\":\"SearchAction\",\"target\":{\"@type\":\"EntryPoint\",\"urlTemplate\":\"https:\\\/\\\/www.empower2act.org\\\/es\\\/?s={search_term_string}\"},\"query-input\":{\"@type\":\"PropertyValueSpecification\",\"valueRequired\":true,\"valueName\":\"search_term_string\"}}],\"inLanguage\":\"es\"},{\"@type\":\"Organization\",\"@id\":\"https:\\\/\\\/www.empower2act.org\\\/es\\\/#organization\",\"name\":\"empower2act\",\"url\":\"https:\\\/\\\/www.empower2act.org\\\/es\\\/\",\"logo\":{\"@type\":\"ImageObject\",\"inLanguage\":\"es\",\"@id\":\"https:\\\/\\\/www.empower2act.org\\\/es\\\/#\\\/schema\\\/logo\\\/image\\\/\",\"url\":\"https:\\\/\\\/www.empower2act.org\\\/wp-content\\\/uploads\\\/2025\\\/01\\\/IDEA-LOGO.jpg\",\"contentUrl\":\"https:\\\/\\\/www.empower2act.org\\\/wp-content\\\/uploads\\\/2025\\\/01\\\/IDEA-LOGO.jpg\",\"width\":1213,\"height\":411,\"caption\":\"empower2act\"},\"image\":{\"@id\":\"https:\\\/\\\/www.empower2act.org\\\/es\\\/#\\\/schema\\\/logo\\\/image\\\/\"}}]}<\/script>\n<!-- \/ Yoast SEO plugin. -->","yoast_head_json":{"title":"Pol\u00edtica de cookies -","robots":{"index":"index","follow":"follow","max-snippet":"max-snippet:-1","max-image-preview":"max-image-preview:large","max-video-preview":"max-video-preview:-1"},"canonical":"https:\/\/www.empower2act.org\/es\/politica-de-cookies\/","og_locale":"es_ES","og_type":"article","og_title":"Pol\u00edtica de cookies -","og_description":"Esta pol\u00edtica de cookies se actualiz\u00f3 por \u00faltima vez el 10 de abril de 2025 y se aplica a los [&hellip;]","og_url":"https:\/\/www.empower2act.org\/es\/politica-de-cookies\/","article_modified_time":"2025-07-03T06:40:50+00:00","twitter_card":"summary_large_image","twitter_misc":{"Tiempo de lectura":"4 minutos"},"schema":{"@context":"https:\/\/schema.org","@graph":[{"@type":"WebPage","@id":"https:\/\/www.empower2act.org\/es\/politica-de-cookies\/","url":"https:\/\/www.empower2act.org\/es\/politica-de-cookies\/","name":"Pol\u00edtica de cookies -","isPartOf":{"@id":"https:\/\/www.empower2act.org\/es\/#website"},"datePublished":"2025-04-10T08:45:22+00:00","dateModified":"2025-07-03T06:40:50+00:00","breadcrumb":{"@id":"https:\/\/www.empower2act.org\/es\/politica-de-cookies\/#breadcrumb"},"inLanguage":"es","potentialAction":[{"@type":"ReadAction","target":["https:\/\/www.empower2act.org\/es\/politica-de-cookies\/"]}]},{"@type":"BreadcrumbList","@id":"https:\/\/www.empower2act.org\/es\/politica-de-cookies\/#breadcrumb","itemListElement":[{"@type":"ListItem","position":1,"name":"Portada","item":"https:\/\/www.empower2act.org\/es\/"},{"@type":"ListItem","position":2,"name":"Pol\u00edtica de cookies"}]},{"@type":"WebSite","@id":"https:\/\/www.empower2act.org\/es\/#website","url":"https:\/\/www.empower2act.org\/es\/","name":"empower2act","description":"","publisher":{"@id":"https:\/\/www.empower2act.org\/es\/#organization"},"potentialAction":[{"@type":"SearchAction","target":{"@type":"EntryPoint","urlTemplate":"https:\/\/www.empower2act.org\/es\/?s={search_term_string}"},"query-input":{"@type":"PropertyValueSpecification","valueRequired":true,"valueName":"search_term_string"}}],"inLanguage":"es"},{"@type":"Organization","@id":"https:\/\/www.empower2act.org\/es\/#organization","name":"empower2act","url":"https:\/\/www.empower2act.org\/es\/","logo":{"@type":"ImageObject","inLanguage":"es","@id":"https:\/\/www.empower2act.org\/es\/#\/schema\/logo\/image\/","url":"https:\/\/www.empower2act.org\/wp-content\/uploads\/2025\/01\/IDEA-LOGO.jpg","contentUrl":"https:\/\/www.empower2act.org\/wp-content\/uploads\/2025\/01\/IDEA-LOGO.jpg","width":1213,"height":411,"caption":"empower2act"},"image":{"@id":"https:\/\/www.empower2act.org\/es\/#\/schema\/logo\/image\/"}}]}},"uagb_featured_image_src":{"full":false,"thumbnail":false,"medium":false,"medium_large":false,"large":false,"1536x1536":false,"2048x2048":false},"uagb_author_info":{"display_name":"adminJULIACUNY","author_link":"https:\/\/www.empower2act.org\/es\/author\/adminjuliacuny\/"},"uagb_comment_info":0,"uagb_excerpt":"Esta pol\u00edtica de cookies se actualiz\u00f3 por \u00faltima vez el 10 de abril de 2025 y se aplica a los [&hellip;]","_links":{"self":[{"href":"https:\/\/www.empower2act.org\/es\/wp-json\/wp\/v2\/pages\/1147","targetHints":{"allow":["GET"]}}],"collection":[{"href":"https:\/\/www.empower2act.org\/es\/wp-json\/wp\/v2\/pages"}],"about":[{"href":"https:\/\/www.empower2act.org\/es\/wp-json\/wp\/v2\/types\/page"}],"author":[{"embeddable":true,"href":"https:\/\/www.empower2act.org\/es\/wp-json\/wp\/v2\/users\/1"}],"replies":[{"embeddable":true,"href":"https:\/\/www.empower2act.org\/es\/wp-json\/wp\/v2\/comments?post=1147"}],"version-history":[{"count":3,"href":"https:\/\/www.empower2act.org\/es\/wp-json\/wp\/v2\/pages\/1147\/revisions"}],"predecessor-version":[{"id":1211,"href":"https:\/\/www.empower2act.org\/es\/wp-json\/wp\/v2\/pages\/1147\/revisions\/1211"}],"wp:attachment":[{"href":"https:\/\/www.empower2act.org\/es\/wp-json\/wp\/v2\/media?parent=1147"}],"curies":[{"name":"wp","href":"https:\/\/api.w.org\/{rel}","templated":true}]}}