{"id":910,"date":"2025-04-09T13:37:23","date_gmt":"2025-04-09T11:37:23","guid":{"rendered":"https:\/\/www.empower2act.org\/politica-de-datos\/"},"modified":"2025-07-02T11:01:39","modified_gmt":"2025-07-02T09:01:39","slug":"politica-de-datos","status":"publish","type":"page","link":"https:\/\/www.empower2act.org\/es\/politica-de-datos\/","title":{"rendered":"Pol\u00edtica de Datos"},"content":{"rendered":"\n<h3 class=\"wp-block-heading\"><strong>1. Identidad del Responsable del Tratamiento<\/strong><\/h3>\n\n<p>La entidad responsable de la recogida y tratamiento de los datos personales es <strong>www.empower2act.org<\/strong>, alojada en los servidores de <a href=\"https:\/\/www.intras.es\">Fundaci\u00f3n Intras <\/a>(<strong>https:\/\/www.intras.es<\/strong>),<\/p>\n\n<p>\u2022 Nombre de la entidad: FUNDACI\u00d3N INTRAS<br\/>\u2022 Direcci\u00f3n: C\/ Mart\u00edn Santos Romero, 1. 47016 Valladolid, Espa\u00f1a.<br\/>\u2022 Tel\u00e9fono: 983 399 633<br\/>\u2022 Correo electr\u00f3nico: <a href=\"mailto:intras@intras.es\">intras@intras.es<\/a><br\/>\u2022 CIF: G-47345061<br\/>\u2022 Registro: Clasificada como Entidad Ben\u00e9fica Privada de Car\u00e1cter Social por el Ministerio de Asuntos Sociales mediante Orden de 2 de marzo de 1995 (BOE n.\u00ba 75) de 29 de marzo de 1995. Registro del Protectorado de Fundaciones n.\u00ba 47\/0102.<br\/>\u2022 Delegado de Protecci\u00f3n de Datos: Si desea contactar con nuestro Delegado de Protecci\u00f3n de Datos para cualquier consulta relacionada con el tratamiento de sus datos, puede hacerlo utilizando los datos que se facilitan a continuaci\u00f3n: C\/ Mart\u00edn Santos Romero, 1. 47016 Valladolid, <a href=\"mailto:dpo@intras.es\">dpo@intras.es<\/a>   <\/p>\n\n<h3 class=\"wp-block-heading\">FINALIDADES DEL TRATAMIENTO DE DATOS PERSONALES<\/h3>\n\n<h4 class=\"wp-block-heading\"><strong><u>PURPOSES OF THE PROCESSING OF <strong><u>PERSONAL DATA<\/u><\/strong><\/u><\/strong><\/h4>\n\n<ol class=\"wp-block-list\">\n<li><strong>Gesti\u00f3n de contactos y publicidad:<\/strong>\n<ol class=\"wp-block-list\">\n<li>Objetivo.\n<ul class=\"wp-block-list\">\n<li>Contactar con clientes potenciales o partes interesadas.<\/li>\n\n\n\n<li>Responder a su solicitud de informaci\u00f3n\/servicios realizada a trav\u00e9s de cualquier medio o formulario de contacto.<\/li>\n\n\n\n<li>Enviar productos, comunicaciones e informaci\u00f3n, por diversos medios, incluidos los electr\u00f3nicos.<\/li>\n<\/ul>\n<\/li>\n\n\n\n<li>Legitimaci\u00f3n. La legitimaci\u00f3n para el tratamiento de sus datos es el inter\u00e9s leg\u00edtimo y el consentimiento del interesado. <\/li>\n\n\n\n<li>Destinatario. No se ceder\u00e1n datos a terceros, salvo obligaci\u00f3n legal. <\/li>\n<\/ol>\n<\/li>\n\n\n\n<li><strong>Presentaci\u00f3n de curr\u00edculums y solicitudes<\/strong>\n<ol class=\"wp-block-list\">\n<li>Finalidad. Gestionar los procesos de selecci\u00f3n de personal que se lleven a cabo. <\/li>\n\n\n\n<li>Legitimaci\u00f3n. La legitimaci\u00f3n para el tratamiento de datos personales se basa en el consentimiento expreso del interesado. <\/li>\n\n\n\n<li>Destinatario. No se ceder\u00e1n datos a terceros, salvo obligaci\u00f3n legal<strong>.<\/strong> <\/li>\n<\/ol>\n<\/li>\n\n\n\n<li><strong>Exclusivo para contactos profesionales.<\/strong>\n<ol class=\"wp-block-list\">\n<li>Finalidad. Tratamos sus datos personales para mantener la relaci\u00f3n profesional que nos une. <\/li>\n\n\n\n<li>Legitimaci\u00f3n. La legitimaci\u00f3n para el tratamiento de sus datos es el inter\u00e9s leg\u00edtimo. <\/li>\n\n\n\n<li>Destinatario. No se ceder\u00e1n datos a terceros, salvo obligaci\u00f3n legal. <\/li>\n<\/ol>\n<\/li>\n\n\n\n<li><strong>Seguridad.<\/strong>\n<ol class=\"wp-block-list\">\n<li>Finalidad. Control y garant\u00eda de personas, bienes e instalaciones, accesos y visitas. <\/li>\n\n\n\n<li>Legitimaci\u00f3n. Inter\u00e9s p\u00fablico, inter\u00e9s leg\u00edtimo y consentimiento (en caso de que se realice un control de acceso a las visitas). <\/li>\n\n\n\n<li>Destinatario. No se ceder\u00e1n datos a terceros, salvo obligaci\u00f3n legal. <\/li>\n<\/ol>\n<\/li>\n\n\n\n<li><strong>Tratamiento de nuestros benefactores y aportaciones voluntarias.<\/strong>\n<ol class=\"wp-block-list\">\n<li>Finalidad. Tratamos sus datos para gestionar las obligaciones derivadas de su contribuci\u00f3n\/donaci\u00f3n voluntaria. <\/li>\n\n\n\n<li>Legitimaci\u00f3n. Cumplir con las obligaciones derivadas de su contribuci\u00f3n voluntaria. <\/li>\n\n\n\n<li>Destinatario. No se ceder\u00e1n datos a terceros, salvo obligaci\u00f3n legal. <\/li>\n<\/ol>\n<\/li>\n\n\n\n<li><strong>Recursos Humanos<\/strong>\n<ol class=\"wp-block-list\">\n<li>Finalidad.- Gesti\u00f3n de la relaci\u00f3n laboral existente: gesti\u00f3n de registros laborales, n\u00f3minas y acci\u00f3n social del personal, tratamiento de reclamaciones laborales, reclamaciones administrativas, as\u00ed como control de horas o absentismo.<\/li>\n\n\n\n<li>Legitimaci\u00f3n. Consentimiento, cumplimiento de una obligaci\u00f3n legal, ejecuci\u00f3n de un contrato e inter\u00e9s leg\u00edtimo. <\/li>\n\n\n\n<li>Destinatario. No se ceder\u00e1n datos a terceros, salvo obligaci\u00f3n legal. <\/li>\n<\/ol>\n<\/li>\n\n\n\n<li><strong>Atenci\u00f3n a los derechos del interesado.<\/strong>\n<ol class=\"wp-block-list\">\n<li>Finalidad.- Responder a las solicitudes de los interesados \u200b\u200ben el ejercicio de los derechos establecidos por el Reglamento General de Protecci\u00f3n de Datos.<\/li>\n\n\n\n<li>Legitimaci\u00f3n. Cumplimiento de una obligaci\u00f3n legal. <\/li>\n\n\n\n<li>Destinatario. No se ceder\u00e1n datos a terceros, salvo obligaci\u00f3n legal. <\/li>\n<\/ol>\n<\/li>\n\n\n\n<li><strong>Gesti\u00f3n de brechas de seguridad<\/strong>\n<ol class=\"wp-block-list\">\n<li>Finalidad.- Gesti\u00f3n y evaluaci\u00f3n de brechas de seguridad.<\/li>\n\n\n\n<li>Legitimaci\u00f3n. Cumplimiento de una obligaci\u00f3n legal o contractual. <\/li>\n\n\n\n<li>Destinatario. No se ceder\u00e1n datos a terceros, salvo obligaci\u00f3n legal. <\/li>\n<\/ol>\n<\/li>\n\n\n\n<li><strong>Servicios y clientes de la fundaci\u00f3n:<\/strong>\n<ol class=\"wp-block-list\">\n<li>Finalidad.- Gesti\u00f3n de proyectos relacionados con el objeto de la Fundaci\u00f3n y la participaci\u00f3n de los usuarios\/clientes en las actividades que dirige o en las que se integra la Fundaci\u00f3n (servicios asistenciales, formaci\u00f3n, centros residenciales, servicios tecnol\u00f3gicos, servicios de ocio, servicios de inserci\u00f3n y orientaci\u00f3n laboral)<\/li>\n\n\n\n<li>Legitimaci\u00f3n. Ejecuci\u00f3n y desarrollo de la relaci\u00f3n existente entre las partes (contractual o precontractual). Consentimiento de los interesados \u200b\u200bo de sus representantes. Tratamiento necesario para el cumplimiento de una obligaci\u00f3n legal e inter\u00e9s leg\u00edtimo.   <\/li>\n\n\n\n<li>Destinatario. No se ceder\u00e1n datos a terceros, salvo obligaci\u00f3n legal. <\/li>\n<\/ol>\n<\/li>\n<\/ol>\n\n<h3 class=\"wp-block-heading\">DERECHOS DE TRATAMIENTO DE DATOS<\/h3>\n\n<p>Tiene derecho a acceder a sus datos personales, rectificarlos o eliminarlos, limitar su tratamiento, oponerse al tratamiento, a la portabilidad, retirar su consentimiento y oponerse a la publicidad. Consulte <a href=\"https:\/\/www.intras.es\/politica-de-privacidad\">https:\/\/www.intras.es\/politica-de-privacidad<\/a> o dir\u00edjase a las direcciones del responsable. <\/p>\n\n<h3 class=\"wp-block-heading\">INFORMACI\u00d3N ADICIONAL SOBRE PROTECCI\u00d3N DE DATOS<\/h3>\n\n<p>Los datos que podemos recopilar mediante el uso y la navegaci\u00f3n en el sitio web, a trav\u00e9s de nuestros formularios, por correo electr\u00f3nico o con motivo de la relaci\u00f3n contractual que le une con nosotros son datos personales. Al completar cada formulario de recopilaci\u00f3n de informaci\u00f3n, se le solicitar\u00e1n datos que podr\u00edan considerarse obligatorios y que, de no proporcionarlos, no podr\u00e1n llevarse a cabo las finalidades descritas en cada formulario o documento que deba completar.  <br\/>En ocasiones, le informamos que, al usar y navegar por nuestro sitio web, as\u00ed como al enviar correos electr\u00f3nicos, es posible que se incorpore informaci\u00f3n a nuestras bases de datos. Le informamos de ello en nuestra pol\u00edtica de cookies.<br\/>El responsable del tratamiento de datos se reserva el derecho de modificar o adaptar esta Pol\u00edtica de Privacidad en cualquier momento. Por lo tanto, le recomendamos que la revise cada vez que acceda al sitio web. Si el usuario se ha registrado en el sitio web y accede a su cuenta o perfil, al hacerlo, se le informar\u00e1 de cualquier cambio sustancial en el tratamiento de sus datos personales.    <\/p>\n\n<p><strong>How long will we keep your personal data?<\/strong><\/p>\n\n<figure class=\"wp-block-table\"><table class=\"has-fixed-layout\"><tbody><tr><td><strong>PROCESO DE DATOS<\/strong><\/td><td><strong>TIEMPO DE RETENCI\u00d3N DE DATOS<\/strong><\/td><\/tr><tr><td><strong>Formulario de contacto con posibilidad de reactivar publicidad<\/strong><\/td><td><strong>Acepta recibir<\/strong> <strong>publicidad<\/strong><\/td><td>Sus datos personales ser\u00e1n tratados hasta que se revoque el consentimiento otorgado para tal finalidad.<\/td><\/tr><tr><td>\u00a0<\/td><td><strong>No acepto recibir publicidad<\/strong><\/td><td>Sus datos personales ser\u00e1n tratados durante el tiempo estrictamente necesario para atender su solicitud.<\/td><\/tr><tr><td><strong>Curr\u00edculos y aplicaciones<\/strong><\/td><td>Los datos personales de los demandantes de empleo se conservar\u00e1n durante el plazo m\u00e1ximo de <strong>UN A\u00d1O<\/strong> desde la recepci\u00f3n de la solicitud y\/o curr\u00edculum vitae.<\/td><\/tr><tr><td><strong>Exclusivo para contactos profesionales.<\/strong><\/td><td>Los datos personales de los demandantes de empleo se conservar\u00e1n durante el plazo m\u00e1ximo de <strong>UN A\u00d1O<\/strong> desde la recepci\u00f3n de la solicitud y\/o curr\u00edculum vitae.<\/td><\/tr><tr><td><strong>Exclusivo para contactos profesionales.<\/strong><\/td><td>Hasta la finalizaci\u00f3n de nuestras relaciones profesionales o hasta que usted decida cancelar u oponerse al tratamiento de sus datos de contacto<\/td><\/tr><tr><td><strong>Sistemas de videovigilancia<\/strong><\/td><td>Las grabaciones se conservar\u00e1n durante el plazo de <strong>UN MES<\/strong> desde su grabaci\u00f3n.<\/td><\/tr><tr><td><strong>Tratamiento de nuestros benefactores y aportaciones voluntarias.<\/strong><\/td><td>Se conservar\u00e1n hasta enero del a\u00f1o siguiente a la realizaci\u00f3n de la aportaci\u00f3n voluntaria, y durante el plazo de prescripci\u00f3n de acciones judiciales.<\/td><\/tr><tr><td><strong>Recursos Humanos<\/strong><\/td><td>Sus datos personales ser\u00e1n tratados hasta la finalizaci\u00f3n de la relaci\u00f3n contractual y durante el plazo de prescripci\u00f3n de acciones legales.<\/td><\/tr><tr><td><strong>Atenci\u00f3n a los derechos de los interesados \u200b\u200by gesti\u00f3n de las brechas de seguridad<\/strong><\/td><td>Sus datos personales ser\u00e1n tratados hasta la finalizaci\u00f3n de la reclamaci\u00f3n o proceso, y durante el plazo de prescripci\u00f3n de acciones legales.<\/td><\/tr><tr><td><strong>Servicios de la fundaci\u00f3n:<\/strong><\/td><td>Sus datos personales ser\u00e1n tratados hasta la finalizaci\u00f3n del servicio y durante el plazo de prescripci\u00f3n de acciones legales.<\/td><\/tr><\/tbody><\/table><\/figure>\n\n<p>Se conservar\u00e1n durante el tiempo necesario para cumplir con la finalidad para la que se recabaron y para determinar las posibles responsabilidades que se pudieran derivar de dicha finalidad y del tratamiento de los datos, estando a disposici\u00f3n \u00fanicamente de Jueces y Tribunales, Ministerio Fiscal, Autoridades y organismos competentes, debiendo atender al plazo de prescripci\u00f3n de responsabilidades.<\/p>\n\n<ul class=\"wp-block-list\">\n<li>Los datos econ\u00f3micos se conservar\u00e1n de conformidad con la Ley 58\/2003, de 17 de diciembre, General Tributaria. Una vez finalizada esta relaci\u00f3n contractual, sus datos se conservar\u00e1n durante 4 a\u00f1os, de conformidad con lo dispuesto en la Ley General Tributaria. <\/li>\n\n\n\n<li>Para fines comerciales, una vez finalizada esta relaci\u00f3n contractual, sus datos ser\u00e1n conservados durante un plazo de 6 a\u00f1os en cumplimiento de lo dispuesto en el Real Decreto de 22 de agosto de 1885 por el que se aprueba el C\u00f3digo de Comercio.<\/li>\n\n\n\n<li>A los efectos de Prevenci\u00f3n de Blanqueo de Capitales, sus datos podr\u00e1n ser conservados durante un periodo de 10 a\u00f1os.<\/li>\n\n\n\n<li>A efectos civiles, una vez finalizada dicha relaci\u00f3n contractual, sus datos ser\u00e1n conservados durante el plazo legal de prescripci\u00f3n de acciones de responsabilidad.<\/li>\n\n\n\n<li>Los datos laborales se conservar\u00e1n durante el plazo de prescripci\u00f3n de acciones legales, incluidas las del \u00e1mbito laboral.<\/li>\n<\/ul>\n\n<p><strong>\u00bfA qu\u00e9 destinatarios se comunicar\u00e1n sus datos?<\/strong><br\/>Como se indica en la informaci\u00f3n b\u00e1sica, no se ceder\u00e1n datos a terceros, salvo obligaci\u00f3n legal y consentimiento del interesado. En los casos en que sea necesario, los datos podr\u00e1n cederse a organismos en cumplimiento de una obligaci\u00f3n legal, como, por ejemplo: <\/p>\n\n<ol class=\"wp-block-list\">\n<li>Administraciones (por ejemplo, fiscal, laboral, de seguridad social, etc.)<\/li>\n\n\n\n<li>Cuerpos y Fuerzas de seguridad del estado<\/li>\n\n\n\n<li>A las entidades bancarias y financieras correspondientes, para estar al tanto de los pagos.<\/li>\n\n\n\n<li>Centros de salud y mutuas de seguros.<\/li>\n\n\n\n<li>Juzgados y Tribunales<\/li>\n<\/ol>\n\n<p><strong>\u00bfCu\u00e1les son sus derechos en relaci\u00f3n al tratamiento de datos?<\/strong><br\/>Usted como interesado tiene derecho a obtener confirmaci\u00f3n de la existencia de un tratamiento de sus datos, a acceder a sus datos personales, solicitar la rectificaci\u00f3n de los datos que sean inexactos o, en su caso, solicitar la supresi\u00f3n, cuando entre otros motivos, los datos ya no sean necesarios para los fines para los que fueron recogidos o usted como interesado retire el consentimiento.<br\/>Esta entidad tratar\u00e1 y conservar\u00e1 sus datos de acuerdo con la normativa vigente, sin perjuicio de que, como interesado, pueda solicitar en cualquier caso la limitaci\u00f3n del tratamiento de sus datos. En determinados casos, podr\u00e1 ejercer su derecho a la portabilidad de los datos, que se le entregar\u00e1n en un formato estructurado, de uso com\u00fan o lectura mec\u00e1nica, a usted o al nuevo responsable del tratamiento que usted designe. <br\/>Usted tendr\u00e1 derecho a revocar en cualquier momento el consentimiento para cualquiera de los tratamientos para los que lo haya otorgado.<br\/>Para ejercer sus derechos cont\u00e1ctenos a trav\u00e9s de las direcciones indicadas.<br\/>Disponemos de formularios para el ejercicio de todos los derechos indicados anteriormente, no obstante, tambi\u00e9n puede utilizar los elaborados por la Agencia Espa\u00f1ola de Protecci\u00f3n de Datos.<br\/>Tendr\u00e1 derecho a presentar una reclamaci\u00f3n ante la Agencia Espa\u00f1ola de Protecci\u00f3n de Datos si considera que no se ha atendido debidamente el ejercicio de sus derechos. El plazo m\u00e1ximo para resolverla ser\u00e1 de un mes desde la recepci\u00f3n de su solicitud.<br\/>En caso de modificaci\u00f3n de sus datos, le agradecemos que nos lo comunique por escrito para mantenerlos actualizados. <\/p>\n","protected":false},"excerpt":{"rendered":"<p>1. Identidad del Responsable del Tratamiento La entidad responsable de la recogida y tratamiento de los datos personales es www.empower2act.org, [&hellip;]<\/p>\n","protected":false},"author":1,"featured_media":0,"parent":0,"menu_order":0,"comment_status":"closed","ping_status":"closed","template":"","meta":{"_coblocks_attr":"","_coblocks_dimensions":"","_coblocks_responsive_height":"","_coblocks_accordion_ie_support":"","_uag_custom_page_level_css":"","site-sidebar-layout":"default","site-content-layout":"","ast-site-content-layout":"default","site-content-style":"default","site-sidebar-style":"default","ast-global-header-display":"","ast-banner-title-visibility":"","ast-main-header-display":"","ast-hfb-above-header-display":"","ast-hfb-below-header-display":"","ast-hfb-mobile-header-display":"","site-post-title":"","ast-breadcrumbs-content":"","ast-featured-img":"","footer-sml-layout":"","ast-disable-related-posts":"","theme-transparent-header-meta":"","adv-header-id-meta":"","stick-header-meta":"","header-above-stick-meta":"","header-main-stick-meta":"","header-below-stick-meta":"","astra-migrate-meta-layouts":"default","ast-page-background-enabled":"default","ast-page-background-meta":{"desktop":{"background-color":"var(--ast-global-color-5)","background-image":"","background-repeat":"repeat","background-position":"center center","background-size":"auto","background-attachment":"scroll","background-type":"","background-media":"","overlay-type":"","overlay-color":"","overlay-opacity":"","overlay-gradient":""},"tablet":{"background-color":"","background-image":"","background-repeat":"repeat","background-position":"center center","background-size":"auto","background-attachment":"scroll","background-type":"","background-media":"","overlay-type":"","overlay-color":"","overlay-opacity":"","overlay-gradient":""},"mobile":{"background-color":"","background-image":"","background-repeat":"repeat","background-position":"center center","background-size":"auto","background-attachment":"scroll","background-type":"","background-media":"","overlay-type":"","overlay-color":"","overlay-opacity":"","overlay-gradient":""}},"ast-content-background-meta":{"desktop":{"background-color":"var(--ast-global-color-4)","background-image":"","background-repeat":"repeat","background-position":"center center","background-size":"auto","background-attachment":"scroll","background-type":"","background-media":"","overlay-type":"","overlay-color":"","overlay-opacity":"","overlay-gradient":""},"tablet":{"background-color":"var(--ast-global-color-4)","background-image":"","background-repeat":"repeat","background-position":"center center","background-size":"auto","background-attachment":"scroll","background-type":"","background-media":"","overlay-type":"","overlay-color":"","overlay-opacity":"","overlay-gradient":""},"mobile":{"background-color":"var(--ast-global-color-4)","background-image":"","background-repeat":"repeat","background-position":"center center","background-size":"auto","background-attachment":"scroll","background-type":"","background-media":"","overlay-type":"","overlay-color":"","overlay-opacity":"","overlay-gradient":""}},"footnotes":""},"class_list":["post-910","page","type-page","status-publish","hentry"],"yoast_head":"<!-- This site is optimized with the Yoast SEO plugin v27.4 - https:\/\/yoast.com\/product\/yoast-seo-wordpress\/ -->\n<title>Pol\u00edtica de Datos -<\/title>\n<meta name=\"robots\" content=\"index, follow, max-snippet:-1, max-image-preview:large, max-video-preview:-1\" \/>\n<link rel=\"canonical\" href=\"https:\/\/www.empower2act.org\/es\/politica-de-datos\/\" \/>\n<meta property=\"og:locale\" content=\"es_ES\" \/>\n<meta property=\"og:type\" content=\"article\" \/>\n<meta property=\"og:title\" content=\"Pol\u00edtica de Datos -\" \/>\n<meta property=\"og:description\" content=\"1. Identidad del Responsable del Tratamiento La entidad responsable de la recogida y tratamiento de los datos personales es www.empower2act.org, [&hellip;]\" \/>\n<meta property=\"og:url\" content=\"https:\/\/www.empower2act.org\/es\/politica-de-datos\/\" \/>\n<meta property=\"article:modified_time\" content=\"2025-07-02T09:01:39+00:00\" \/>\n<meta name=\"twitter:card\" content=\"summary_large_image\" \/>\n<meta name=\"twitter:label1\" content=\"Tiempo de lectura\" \/>\n\t<meta name=\"twitter:data1\" content=\"9 minutos\" \/>\n<script type=\"application\/ld+json\" class=\"yoast-schema-graph\">{\"@context\":\"https:\\\/\\\/schema.org\",\"@graph\":[{\"@type\":\"WebPage\",\"@id\":\"https:\\\/\\\/www.empower2act.org\\\/es\\\/politica-de-datos\\\/\",\"url\":\"https:\\\/\\\/www.empower2act.org\\\/es\\\/politica-de-datos\\\/\",\"name\":\"Pol\u00edtica de Datos -\",\"isPartOf\":{\"@id\":\"https:\\\/\\\/www.empower2act.org\\\/es\\\/#website\"},\"datePublished\":\"2025-04-09T11:37:23+00:00\",\"dateModified\":\"2025-07-02T09:01:39+00:00\",\"breadcrumb\":{\"@id\":\"https:\\\/\\\/www.empower2act.org\\\/es\\\/politica-de-datos\\\/#breadcrumb\"},\"inLanguage\":\"es\",\"potentialAction\":[{\"@type\":\"ReadAction\",\"target\":[\"https:\\\/\\\/www.empower2act.org\\\/es\\\/politica-de-datos\\\/\"]}]},{\"@type\":\"BreadcrumbList\",\"@id\":\"https:\\\/\\\/www.empower2act.org\\\/es\\\/politica-de-datos\\\/#breadcrumb\",\"itemListElement\":[{\"@type\":\"ListItem\",\"position\":1,\"name\":\"Portada\",\"item\":\"https:\\\/\\\/www.empower2act.org\\\/es\\\/\"},{\"@type\":\"ListItem\",\"position\":2,\"name\":\"Pol\u00edtica de Datos\"}]},{\"@type\":\"WebSite\",\"@id\":\"https:\\\/\\\/www.empower2act.org\\\/es\\\/#website\",\"url\":\"https:\\\/\\\/www.empower2act.org\\\/es\\\/\",\"name\":\"empower2act\",\"description\":\"\",\"publisher\":{\"@id\":\"https:\\\/\\\/www.empower2act.org\\\/es\\\/#organization\"},\"potentialAction\":[{\"@type\":\"SearchAction\",\"target\":{\"@type\":\"EntryPoint\",\"urlTemplate\":\"https:\\\/\\\/www.empower2act.org\\\/es\\\/?s={search_term_string}\"},\"query-input\":{\"@type\":\"PropertyValueSpecification\",\"valueRequired\":true,\"valueName\":\"search_term_string\"}}],\"inLanguage\":\"es\"},{\"@type\":\"Organization\",\"@id\":\"https:\\\/\\\/www.empower2act.org\\\/es\\\/#organization\",\"name\":\"empower2act\",\"url\":\"https:\\\/\\\/www.empower2act.org\\\/es\\\/\",\"logo\":{\"@type\":\"ImageObject\",\"inLanguage\":\"es\",\"@id\":\"https:\\\/\\\/www.empower2act.org\\\/es\\\/#\\\/schema\\\/logo\\\/image\\\/\",\"url\":\"https:\\\/\\\/www.empower2act.org\\\/wp-content\\\/uploads\\\/2025\\\/01\\\/IDEA-LOGO.jpg\",\"contentUrl\":\"https:\\\/\\\/www.empower2act.org\\\/wp-content\\\/uploads\\\/2025\\\/01\\\/IDEA-LOGO.jpg\",\"width\":1213,\"height\":411,\"caption\":\"empower2act\"},\"image\":{\"@id\":\"https:\\\/\\\/www.empower2act.org\\\/es\\\/#\\\/schema\\\/logo\\\/image\\\/\"}}]}<\/script>\n<!-- \/ Yoast SEO plugin. -->","yoast_head_json":{"title":"Pol\u00edtica de Datos -","robots":{"index":"index","follow":"follow","max-snippet":"max-snippet:-1","max-image-preview":"max-image-preview:large","max-video-preview":"max-video-preview:-1"},"canonical":"https:\/\/www.empower2act.org\/es\/politica-de-datos\/","og_locale":"es_ES","og_type":"article","og_title":"Pol\u00edtica de Datos -","og_description":"1. Identidad del Responsable del Tratamiento La entidad responsable de la recogida y tratamiento de los datos personales es www.empower2act.org, [&hellip;]","og_url":"https:\/\/www.empower2act.org\/es\/politica-de-datos\/","article_modified_time":"2025-07-02T09:01:39+00:00","twitter_card":"summary_large_image","twitter_misc":{"Tiempo de lectura":"9 minutos"},"schema":{"@context":"https:\/\/schema.org","@graph":[{"@type":"WebPage","@id":"https:\/\/www.empower2act.org\/es\/politica-de-datos\/","url":"https:\/\/www.empower2act.org\/es\/politica-de-datos\/","name":"Pol\u00edtica de Datos -","isPartOf":{"@id":"https:\/\/www.empower2act.org\/es\/#website"},"datePublished":"2025-04-09T11:37:23+00:00","dateModified":"2025-07-02T09:01:39+00:00","breadcrumb":{"@id":"https:\/\/www.empower2act.org\/es\/politica-de-datos\/#breadcrumb"},"inLanguage":"es","potentialAction":[{"@type":"ReadAction","target":["https:\/\/www.empower2act.org\/es\/politica-de-datos\/"]}]},{"@type":"BreadcrumbList","@id":"https:\/\/www.empower2act.org\/es\/politica-de-datos\/#breadcrumb","itemListElement":[{"@type":"ListItem","position":1,"name":"Portada","item":"https:\/\/www.empower2act.org\/es\/"},{"@type":"ListItem","position":2,"name":"Pol\u00edtica de Datos"}]},{"@type":"WebSite","@id":"https:\/\/www.empower2act.org\/es\/#website","url":"https:\/\/www.empower2act.org\/es\/","name":"empower2act","description":"","publisher":{"@id":"https:\/\/www.empower2act.org\/es\/#organization"},"potentialAction":[{"@type":"SearchAction","target":{"@type":"EntryPoint","urlTemplate":"https:\/\/www.empower2act.org\/es\/?s={search_term_string}"},"query-input":{"@type":"PropertyValueSpecification","valueRequired":true,"valueName":"search_term_string"}}],"inLanguage":"es"},{"@type":"Organization","@id":"https:\/\/www.empower2act.org\/es\/#organization","name":"empower2act","url":"https:\/\/www.empower2act.org\/es\/","logo":{"@type":"ImageObject","inLanguage":"es","@id":"https:\/\/www.empower2act.org\/es\/#\/schema\/logo\/image\/","url":"https:\/\/www.empower2act.org\/wp-content\/uploads\/2025\/01\/IDEA-LOGO.jpg","contentUrl":"https:\/\/www.empower2act.org\/wp-content\/uploads\/2025\/01\/IDEA-LOGO.jpg","width":1213,"height":411,"caption":"empower2act"},"image":{"@id":"https:\/\/www.empower2act.org\/es\/#\/schema\/logo\/image\/"}}]}},"uagb_featured_image_src":{"full":false,"thumbnail":false,"medium":false,"medium_large":false,"large":false,"1536x1536":false,"2048x2048":false},"uagb_author_info":{"display_name":"adminJULIACUNY","author_link":"https:\/\/www.empower2act.org\/es\/author\/adminjuliacuny\/"},"uagb_comment_info":0,"uagb_excerpt":"1. Identidad del Responsable del Tratamiento La entidad responsable de la recogida y tratamiento de los datos personales es www.empower2act.org, [&hellip;]","_links":{"self":[{"href":"https:\/\/www.empower2act.org\/es\/wp-json\/wp\/v2\/pages\/910","targetHints":{"allow":["GET"]}}],"collection":[{"href":"https:\/\/www.empower2act.org\/es\/wp-json\/wp\/v2\/pages"}],"about":[{"href":"https:\/\/www.empower2act.org\/es\/wp-json\/wp\/v2\/types\/page"}],"author":[{"embeddable":true,"href":"https:\/\/www.empower2act.org\/es\/wp-json\/wp\/v2\/users\/1"}],"replies":[{"embeddable":true,"href":"https:\/\/www.empower2act.org\/es\/wp-json\/wp\/v2\/comments?post=910"}],"version-history":[{"count":2,"href":"https:\/\/www.empower2act.org\/es\/wp-json\/wp\/v2\/pages\/910\/revisions"}],"predecessor-version":[{"id":1155,"href":"https:\/\/www.empower2act.org\/es\/wp-json\/wp\/v2\/pages\/910\/revisions\/1155"}],"wp:attachment":[{"href":"https:\/\/www.empower2act.org\/es\/wp-json\/wp\/v2\/media?parent=910"}],"curies":[{"name":"wp","href":"https:\/\/api.w.org\/{rel}","templated":true}]}}