{"id":1168,"date":"2025-04-10T10:45:22","date_gmt":"2025-04-10T08:45:22","guid":{"rendered":"https:\/\/www.empower2act.org\/informasjonskapsler-eu\/"},"modified":"2025-07-03T08:23:57","modified_gmt":"2025-07-03T06:23:57","slug":"informasjonskapsler-eu","status":"publish","type":"page","link":"https:\/\/www.empower2act.org\/no\/informasjonskapsler-eu\/","title":{"rendered":"Informasjonskapsler (EU)"},"content":{"rendered":"\n<div class=\"cmplz-document cookie-statement cmplz-document-eu\" id=\"cmplz-document\"><p><br><\/p><\/div>\n<p><br\/>Denne informasjonskapselpolicyen ble sist oppdatert 10. april 2025, og gjelder for borgere og lovlige fastboende i Det europeiske \u00f8konomiske samarbeidsomr\u00e5det og Sveits.<\/p>\n\n<h3 class=\"wp-block-heading\">1. Innledning<\/h3>\n\n<p>V\u00e5rt nettsted, <a href=\"https:\/\/www.empower2act.org\/no\/\">https:\/\/www.empower2act.org <\/a>(heretter referert til som \u00abnettstedet\u00bb), bruker informasjonskapsler og andre relaterte teknologier (for enkelhets skyld refereres alle slike teknologier til som \u00abinformasjonskapsler\u00bb). Informasjonskapsler plasseres ogs\u00e5 av tredjeparter vi har engasjert. I dette dokumentet informerer vi deg om bruken av informasjonskapsler p\u00e5 nettstedet v\u00e5rt.  <\/p>\n\n<h3 class=\"wp-block-heading\">2. Hva er informasjonskapsler?<\/h3>\n\n<p>En informasjonskapsel er en liten fil som sendes sammen med sidene p\u00e5 dette nettstedet og lagres av nettleseren din p\u00e5 datamaskinens harddisk eller annen enhet. Den lagrede informasjonen kan returneres til v\u00e5re servere eller til serverne til relevante tredjeparter ved et senere bes\u00f8k. <\/p>\n\n<h3 class=\"wp-block-heading\">3. Hva er skript?<\/h3>\n\n<p>Et skript er en del programkode som brukes for \u00e5 f\u00e5 nettstedet v\u00e5rt til \u00e5 fungere ordentlig og interaktivt. Denne koden kj\u00f8rer p\u00e5 serveren v\u00e5r eller enheten din. <\/p>\n\n<h3 class=\"wp-block-heading\">4. Hva er en web-beacon?<\/h3>\n\n<p>En web beacon (eller en pikseltag) er en liten, usynlig tekst- eller bildebit p\u00e5 et nettsted som brukes til \u00e5 overv\u00e5ke nettrafikk. Ulike data om deg lagres ved hjelp av disse web beacons. <\/p>\n\n<h3 class=\"wp-block-heading\">5. Informasjonskapsler<\/h3>\n\n<h4 class=\"wp-block-heading\">5.1 Tekniske eller funksjonelle informasjonskapsler<\/h4>\n\n<p>Noen informasjonskapsler sikrer at visse deler av nettstedet fungerer som de skal, og at brukerpreferansene dine forblir husket. Ved \u00e5 plassere funksjonelle informasjonskapsler gj\u00f8r vi det enklere for deg \u00e5 bes\u00f8ke nettstedet v\u00e5rt. P\u00e5 denne m\u00e5ten trenger du ikke \u00e5 oppgi den samme informasjonen gjentatte ganger n\u00e5r du bes\u00f8ker nettstedet v\u00e5rt, og for eksempel blir varer liggende i handlekurven din til du har betalt. Vi kan plassere disse informasjonskapslene uten ditt samtykke.   <\/p>\n\n<h4 class=\"wp-block-heading\">5.2 Statistiske informasjonskapsler<\/h4>\n\n<p>Vi bruker statistiske informasjonskapsler for \u00e5 optimalisere brukeropplevelsen p\u00e5 nettstedet v\u00e5rt. Disse statistiske informasjonskapslene gir oss innsikt i hvordan nettstedet v\u00e5rt brukes. Vi ber om din tillatelse til \u00e5 plassere statistiske informasjonskapsler.  <\/p>\n\n<h3 class=\"wp-block-heading\">6. Informasjonskapsler som brukes<\/h3>\n\n<ul class=\"wp-block-list\">\n<li><strong>WordPress<\/strong> \u2013 Funksjonell<br\/>Samtykke til \u00e5 bruke WordPress-tjenesten<\/li>\n\n\n\n<li><strong>Complianz <\/strong>\u2013 Funksjonell<br\/>Samtykke til tjenesten Complianz<\/li>\n\n\n\n<li><strong>Diverse<\/strong> \u2013 Form\u00e5l i p\u00e5vente av etterforskning<br\/>Samtykke til tjeneste Diverse<\/li>\n<\/ul>\n\n<h3 class=\"wp-block-heading\">7. Samtykke<\/h3>\n\n<p>N\u00e5r du bes\u00f8ker nettstedet v\u00e5rt for f\u00f8rste gang, viser vi deg et popup-vindu med en forklaring om informasjonskapsler. S\u00e5 snart du klikker p\u00e5 \u00abLagre innstillinger\u00bb, samtykker du i at vi bruker kategoriene av informasjonskapsler og programtillegg du valgte i popup-vinduet, som beskrevet i denne informasjonskapselpolicyen. Du kan deaktivere bruken av informasjonskapsler via nettleseren din, men v\u00e6r oppmerksom p\u00e5 at nettstedet v\u00e5rt kanskje ikke fungerer som det skal.  <\/p>\n\n<h4 class=\"wp-block-heading\">7.1 Administrer samtykkeinnstillingene dine<\/h4>\n\n<ul class=\"wp-block-list\">\n<li><strong>Funksjonell <\/strong>\u2013 Alltid aktiv<\/li>\n\n\n\n<li><strong>Statistikk <\/strong>\u2013 Statistikk<\/li>\n<\/ul>\n\n<h3 class=\"wp-block-heading\">8. Aktivering\/deaktivering og sletting av informasjonskapsler<\/h3>\n\n<p>Du kan bruke nettleseren din til \u00e5 slette informasjonskapsler automatisk eller manuelt. Du kan ogs\u00e5 angi at visse informasjonskapsler ikke kan plasseres. Et annet alternativ er \u00e5 endre innstillingene i nettleseren din slik at du mottar en melding hver gang en informasjonskapsel plasseres. For mer informasjon om disse alternativene, se instruksjonene i nettleserens \u00abHjelp\u00bb-seksjon.   <\/p>\n\n<p>V\u00e6r oppmerksom p\u00e5 at nettstedet v\u00e5rt kanskje ikke fungerer som det skal hvis alle informasjonskapsler er deaktivert. Hvis du sletter informasjonskapsler i nettleseren din, vil de bli plassert p\u00e5 nytt etter ditt samtykke n\u00e5r du bes\u00f8ker nettstedet v\u00e5rt igjen. <\/p>\n\n<h3 class=\"wp-block-heading\">9. Dine rettigheter ang\u00e5ende personopplysninger<\/h3>\n\n<p>Du har f\u00f8lgende rettigheter ang\u00e5ende dine personopplysninger:<\/p>\n\n<ul class=\"wp-block-list\">\n<li><strong>Retten til \u00e5 vite <\/strong>hvorfor dine personopplysninger er n\u00f8dvendige, hva som vil skje med dem og hvor lenge de vil bli oppbevart.<\/li>\n\n\n\n<li><strong>Rett til innsyn<\/strong>: Du har rett til \u00e5 f\u00e5 tilgang til personopplysningene vi har om deg.<\/li>\n\n\n\n<li><strong>Rett til retting<\/strong>: Du har rett til \u00e5 fullf\u00f8re, korrigere, slette eller blokkere dine personopplysninger n\u00e5r du m\u00e5tte \u00f8nske det.<\/li>\n\n\n\n<li>Hvis du gir oss samtykke til \u00e5 behandle dataene dine, har du rett til \u00e5 trekke tilbake samtykket og be om sletting av personopplysningene dine.<\/li>\n\n\n\n<li><strong>Rett til dataportabilitet<\/strong>: Du har rett til \u00e5 be den behandlingsansvarlige om \u00e5 f\u00e5 utlevert alle dine personopplysninger og overf\u00f8re dem i sin helhet til en annen behandlingsansvarlig.<\/li>\n\n\n\n<li><strong>Rett til \u00e5 protestere<\/strong>: Du kan protestere mot behandlingen av dine data. Vi vil etterkomme dette med mindre det foreligger legitim grunn for behandlingen. <\/li>\n<\/ul>\n\n<p>For \u00e5 ut\u00f8ve disse rettighetene, vennligst kontakt oss. Se kontaktinformasjonen nederst i denne informasjonskapselpolicyen. Hvis du har klager p\u00e5 hvordan vi h\u00e5ndterer dataene dine, setter vi pris p\u00e5 om du gir oss beskjed, men du har ogs\u00e5 rett til \u00e5 sende inn en klage til tilsynsmyndigheten (databeskyttelsesmyndigheten).  <\/p>\n\n<h3 class=\"wp-block-heading\">10. Kontaktinformasjon<\/h3>\n\n<p>For sp\u00f8rsm\u00e5l og\/eller kommentarer om v\u00e5r policy for informasjonskapsler og denne erkl\u00e6ringen, vennligst kontakt oss ved hjelp av f\u00f8lgende opplysninger:<\/p>\n\n<p><strong>FUNDACI\u00d3N INTRAS<\/strong><br\/>Calle Mart\u00edn Santos Romero 1, Valladolid CP 47016<br\/>Spania<br\/>Nettsted: <a href=\"https:\/\/www.empower2act.org\/no\/\">https:\/\/www.empower2act.org<\/a><br\/>E-post: <a href=\"mailto:jcp@intras.es\">dpo@intras.es<\/a><br\/>Telefonnummer: +34 983 399 633<\/p>\n\n<p>Denne informasjonskapselpolicyen ble synkronisert med <a href=\"https:\/\/cookiedatabase.org\/\">cookiedatabase.org<\/a> 10. april 2025.<\/p>\n","protected":false},"excerpt":{"rendered":"<p>Denne informasjonskapselpolicyen ble sist oppdatert 10. april 2025, og gjelder for borgere og lovlige fastboende i Det europeiske \u00f8konomiske samarbeidsomr\u00e5det [&hellip;]<\/p>\n","protected":false},"author":1,"featured_media":0,"parent":0,"menu_order":0,"comment_status":"closed","ping_status":"closed","template":"","meta":{"_coblocks_attr":"","_coblocks_dimensions":"","_coblocks_responsive_height":"","_coblocks_accordion_ie_support":"","_uag_custom_page_level_css":"","site-sidebar-layout":"default","site-content-layout":"","ast-site-content-layout":"default","site-content-style":"default","site-sidebar-style":"default","ast-global-header-display":"","ast-banner-title-visibility":"","ast-main-header-display":"","ast-hfb-above-header-display":"","ast-hfb-below-header-display":"","ast-hfb-mobile-header-display":"","site-post-title":"","ast-breadcrumbs-content":"","ast-featured-img":"","footer-sml-layout":"","ast-disable-related-posts":"","theme-transparent-header-meta":"","adv-header-id-meta":"","stick-header-meta":"","header-above-stick-meta":"","header-main-stick-meta":"","header-below-stick-meta":"","astra-migrate-meta-layouts":"default","ast-page-background-enabled":"default","ast-page-background-meta":{"desktop":{"background-color":"var(--ast-global-color-5)","background-image":"","background-repeat":"repeat","background-position":"center center","background-size":"auto","background-attachment":"scroll","background-type":"","background-media":"","overlay-type":"","overlay-color":"","overlay-opacity":"","overlay-gradient":""},"tablet":{"background-color":"","background-image":"","background-repeat":"repeat","background-position":"center center","background-size":"auto","background-attachment":"scroll","background-type":"","background-media":"","overlay-type":"","overlay-color":"","overlay-opacity":"","overlay-gradient":""},"mobile":{"background-color":"","background-image":"","background-repeat":"repeat","background-position":"center center","background-size":"auto","background-attachment":"scroll","background-type":"","background-media":"","overlay-type":"","overlay-color":"","overlay-opacity":"","overlay-gradient":""}},"ast-content-background-meta":{"desktop":{"background-color":"var(--ast-global-color-4)","background-image":"","background-repeat":"repeat","background-position":"center center","background-size":"auto","background-attachment":"scroll","background-type":"","background-media":"","overlay-type":"","overlay-color":"","overlay-opacity":"","overlay-gradient":""},"tablet":{"background-color":"var(--ast-global-color-4)","background-image":"","background-repeat":"repeat","background-position":"center center","background-size":"auto","background-attachment":"scroll","background-type":"","background-media":"","overlay-type":"","overlay-color":"","overlay-opacity":"","overlay-gradient":""},"mobile":{"background-color":"var(--ast-global-color-4)","background-image":"","background-repeat":"repeat","background-position":"center center","background-size":"auto","background-attachment":"scroll","background-type":"","background-media":"","overlay-type":"","overlay-color":"","overlay-opacity":"","overlay-gradient":""}},"footnotes":""},"class_list":["post-1168","page","type-page","status-publish","hentry"],"yoast_head":"<!-- This site is optimized with the Yoast SEO plugin v27.4 - https:\/\/yoast.com\/product\/yoast-seo-wordpress\/ -->\n<title>Informasjonskapsler (EU) -<\/title>\n<meta name=\"robots\" content=\"index, follow, max-snippet:-1, max-image-preview:large, max-video-preview:-1\" \/>\n<link rel=\"canonical\" href=\"https:\/\/www.empower2act.org\/no\/informasjonskapsler-eu\/\" \/>\n<meta property=\"og:locale\" content=\"nb_NO\" \/>\n<meta property=\"og:type\" content=\"article\" \/>\n<meta property=\"og:title\" content=\"Informasjonskapsler (EU) -\" \/>\n<meta property=\"og:description\" content=\"Denne informasjonskapselpolicyen ble sist oppdatert 10. april 2025, og gjelder for borgere og lovlige fastboende i Det europeiske \u00f8konomiske samarbeidsomr\u00e5det [&hellip;]\" \/>\n<meta property=\"og:url\" content=\"https:\/\/www.empower2act.org\/no\/informasjonskapsler-eu\/\" \/>\n<meta property=\"article:modified_time\" content=\"2025-07-03T06:23:57+00:00\" \/>\n<meta name=\"twitter:card\" content=\"summary_large_image\" \/>\n<meta name=\"twitter:label1\" content=\"Ansl. lesetid\" \/>\n\t<meta name=\"twitter:data1\" content=\"4 minutter\" \/>\n<script type=\"application\/ld+json\" class=\"yoast-schema-graph\">{\"@context\":\"https:\\\/\\\/schema.org\",\"@graph\":[{\"@type\":\"WebPage\",\"@id\":\"https:\\\/\\\/www.empower2act.org\\\/no\\\/informasjonskapsler-eu\\\/\",\"url\":\"https:\\\/\\\/www.empower2act.org\\\/no\\\/informasjonskapsler-eu\\\/\",\"name\":\"Informasjonskapsler (EU) -\",\"isPartOf\":{\"@id\":\"https:\\\/\\\/www.empower2act.org\\\/no\\\/#website\"},\"datePublished\":\"2025-04-10T08:45:22+00:00\",\"dateModified\":\"2025-07-03T06:23:57+00:00\",\"breadcrumb\":{\"@id\":\"https:\\\/\\\/www.empower2act.org\\\/no\\\/informasjonskapsler-eu\\\/#breadcrumb\"},\"inLanguage\":\"nb-NO\",\"potentialAction\":[{\"@type\":\"ReadAction\",\"target\":[\"https:\\\/\\\/www.empower2act.org\\\/no\\\/informasjonskapsler-eu\\\/\"]}]},{\"@type\":\"BreadcrumbList\",\"@id\":\"https:\\\/\\\/www.empower2act.org\\\/no\\\/informasjonskapsler-eu\\\/#breadcrumb\",\"itemListElement\":[{\"@type\":\"ListItem\",\"position\":1,\"name\":\"Portada\",\"item\":\"https:\\\/\\\/www.empower2act.org\\\/no\\\/\"},{\"@type\":\"ListItem\",\"position\":2,\"name\":\"Informasjonskapsler (EU)\"}]},{\"@type\":\"WebSite\",\"@id\":\"https:\\\/\\\/www.empower2act.org\\\/no\\\/#website\",\"url\":\"https:\\\/\\\/www.empower2act.org\\\/no\\\/\",\"name\":\"empower2act\",\"description\":\"\",\"publisher\":{\"@id\":\"https:\\\/\\\/www.empower2act.org\\\/no\\\/#organization\"},\"potentialAction\":[{\"@type\":\"SearchAction\",\"target\":{\"@type\":\"EntryPoint\",\"urlTemplate\":\"https:\\\/\\\/www.empower2act.org\\\/no\\\/?s={search_term_string}\"},\"query-input\":{\"@type\":\"PropertyValueSpecification\",\"valueRequired\":true,\"valueName\":\"search_term_string\"}}],\"inLanguage\":\"nb-NO\"},{\"@type\":\"Organization\",\"@id\":\"https:\\\/\\\/www.empower2act.org\\\/no\\\/#organization\",\"name\":\"empower2act\",\"url\":\"https:\\\/\\\/www.empower2act.org\\\/no\\\/\",\"logo\":{\"@type\":\"ImageObject\",\"inLanguage\":\"nb-NO\",\"@id\":\"https:\\\/\\\/www.empower2act.org\\\/no\\\/#\\\/schema\\\/logo\\\/image\\\/\",\"url\":\"https:\\\/\\\/www.empower2act.org\\\/wp-content\\\/uploads\\\/2025\\\/01\\\/IDEA-LOGO.jpg\",\"contentUrl\":\"https:\\\/\\\/www.empower2act.org\\\/wp-content\\\/uploads\\\/2025\\\/01\\\/IDEA-LOGO.jpg\",\"width\":1213,\"height\":411,\"caption\":\"empower2act\"},\"image\":{\"@id\":\"https:\\\/\\\/www.empower2act.org\\\/no\\\/#\\\/schema\\\/logo\\\/image\\\/\"}}]}<\/script>\n<!-- \/ Yoast SEO plugin. -->","yoast_head_json":{"title":"Informasjonskapsler (EU) -","robots":{"index":"index","follow":"follow","max-snippet":"max-snippet:-1","max-image-preview":"max-image-preview:large","max-video-preview":"max-video-preview:-1"},"canonical":"https:\/\/www.empower2act.org\/no\/informasjonskapsler-eu\/","og_locale":"nb_NO","og_type":"article","og_title":"Informasjonskapsler (EU) -","og_description":"Denne informasjonskapselpolicyen ble sist oppdatert 10. april 2025, og gjelder for borgere og lovlige fastboende i Det europeiske \u00f8konomiske samarbeidsomr\u00e5det [&hellip;]","og_url":"https:\/\/www.empower2act.org\/no\/informasjonskapsler-eu\/","article_modified_time":"2025-07-03T06:23:57+00:00","twitter_card":"summary_large_image","twitter_misc":{"Ansl. lesetid":"4 minutter"},"schema":{"@context":"https:\/\/schema.org","@graph":[{"@type":"WebPage","@id":"https:\/\/www.empower2act.org\/no\/informasjonskapsler-eu\/","url":"https:\/\/www.empower2act.org\/no\/informasjonskapsler-eu\/","name":"Informasjonskapsler (EU) -","isPartOf":{"@id":"https:\/\/www.empower2act.org\/no\/#website"},"datePublished":"2025-04-10T08:45:22+00:00","dateModified":"2025-07-03T06:23:57+00:00","breadcrumb":{"@id":"https:\/\/www.empower2act.org\/no\/informasjonskapsler-eu\/#breadcrumb"},"inLanguage":"nb-NO","potentialAction":[{"@type":"ReadAction","target":["https:\/\/www.empower2act.org\/no\/informasjonskapsler-eu\/"]}]},{"@type":"BreadcrumbList","@id":"https:\/\/www.empower2act.org\/no\/informasjonskapsler-eu\/#breadcrumb","itemListElement":[{"@type":"ListItem","position":1,"name":"Portada","item":"https:\/\/www.empower2act.org\/no\/"},{"@type":"ListItem","position":2,"name":"Informasjonskapsler (EU)"}]},{"@type":"WebSite","@id":"https:\/\/www.empower2act.org\/no\/#website","url":"https:\/\/www.empower2act.org\/no\/","name":"empower2act","description":"","publisher":{"@id":"https:\/\/www.empower2act.org\/no\/#organization"},"potentialAction":[{"@type":"SearchAction","target":{"@type":"EntryPoint","urlTemplate":"https:\/\/www.empower2act.org\/no\/?s={search_term_string}"},"query-input":{"@type":"PropertyValueSpecification","valueRequired":true,"valueName":"search_term_string"}}],"inLanguage":"nb-NO"},{"@type":"Organization","@id":"https:\/\/www.empower2act.org\/no\/#organization","name":"empower2act","url":"https:\/\/www.empower2act.org\/no\/","logo":{"@type":"ImageObject","inLanguage":"nb-NO","@id":"https:\/\/www.empower2act.org\/no\/#\/schema\/logo\/image\/","url":"https:\/\/www.empower2act.org\/wp-content\/uploads\/2025\/01\/IDEA-LOGO.jpg","contentUrl":"https:\/\/www.empower2act.org\/wp-content\/uploads\/2025\/01\/IDEA-LOGO.jpg","width":1213,"height":411,"caption":"empower2act"},"image":{"@id":"https:\/\/www.empower2act.org\/no\/#\/schema\/logo\/image\/"}}]}},"uagb_featured_image_src":{"full":false,"thumbnail":false,"medium":false,"medium_large":false,"large":false,"1536x1536":false,"2048x2048":false},"uagb_author_info":{"display_name":"adminJULIACUNY","author_link":"https:\/\/www.empower2act.org\/no\/author\/adminjuliacuny\/"},"uagb_comment_info":0,"uagb_excerpt":"Denne informasjonskapselpolicyen ble sist oppdatert 10. april 2025, og gjelder for borgere og lovlige fastboende i Det europeiske \u00f8konomiske samarbeidsomr\u00e5det [&hellip;]","_links":{"self":[{"href":"https:\/\/www.empower2act.org\/no\/wp-json\/wp\/v2\/pages\/1168","targetHints":{"allow":["GET"]}}],"collection":[{"href":"https:\/\/www.empower2act.org\/no\/wp-json\/wp\/v2\/pages"}],"about":[{"href":"https:\/\/www.empower2act.org\/no\/wp-json\/wp\/v2\/types\/page"}],"author":[{"embeddable":true,"href":"https:\/\/www.empower2act.org\/no\/wp-json\/wp\/v2\/users\/1"}],"replies":[{"embeddable":true,"href":"https:\/\/www.empower2act.org\/no\/wp-json\/wp\/v2\/comments?post=1168"}],"version-history":[{"count":1,"href":"https:\/\/www.empower2act.org\/no\/wp-json\/wp\/v2\/pages\/1168\/revisions"}],"predecessor-version":[{"id":1175,"href":"https:\/\/www.empower2act.org\/no\/wp-json\/wp\/v2\/pages\/1168\/revisions\/1175"}],"wp:attachment":[{"href":"https:\/\/www.empower2act.org\/no\/wp-json\/wp\/v2\/media?parent=1168"}],"curies":[{"name":"wp","href":"https:\/\/api.w.org\/{rel}","templated":true}]}}