{"id":755,"date":"2025-01-28T12:41:22","date_gmt":"2025-01-28T11:41:22","guid":{"rendered":"https:\/\/www.empower2act.org\/personvernerklaering\/"},"modified":"2025-05-12T12:16:14","modified_gmt":"2025-05-12T10:16:14","slug":"personvernerklaering","status":"publish","type":"page","link":"https:\/\/www.empower2act.org\/no\/personvernerklaering\/","title":{"rendered":"Personvernerkl\u00e6ring"},"content":{"rendered":"\n<h3 class=\"wp-block-heading\"><strong>Kommentarer<\/strong><\/h3>\n\n<p>Nettadressen v\u00e5r er: <a href=\"https:\/\/www.empower2act.org\/no\/\">https:\/\/www.empower2act.org<\/a>.<\/p>\n\n<h3 class=\"wp-block-heading\"><strong>Kommentarer<\/strong><\/h3>\n\n<p>  N\u00e5r bes\u00f8kende legger igjen kommentarer p\u00e5 nettstedet, samler vi inn dataene som vises i kommentarskjemaet, samt den bes\u00f8kendes IP-adresse og nettleserens brukeragentstreng for \u00e5 kunne oppdage s\u00f8ppelpost.<\/p>\n\n<p>En anonymisert streng laget fra e-postadressen din (ogs\u00e5 kalt en hash) kan gis til Gravatar-tjenesten for \u00e5 se om du bruker den. Gravatars personvernerkl\u00e6ring er tilgjengelig her: <a href=\"https:\/\/automattic.com\/privacy\/\">https:\/\/automattic.com\/privacy\/<\/a>. Etter at kommentaren din er godkjent, vil profilbildet ditt v\u00e6re synlig for offentligheten i sammenheng med kommentaren.  <\/p>\n\n<h3 class=\"wp-block-heading\"><strong>Media<\/strong><\/h3>\n\n<p>Hvis du laster opp bilder til nettstedet, b\u00f8r du unng\u00e5 \u00e5 laste opp bilder som inneholder innebygde stedsdata<strong> (GPS EXIF)<\/strong>. Bes\u00f8kende p\u00e5 nettstedet kan laste ned og hente ut posisjonsdata fra bildene p\u00e5 nettstedet. <\/p>\n\n<h3 class=\"wp-block-heading\"><strong>Cookies<\/strong><\/h3>\n\n<p>If you leave a comment on our site, you may choose to save your name, email address, and website in cookies. This is for your convenience so that you do not have to fill in your details again when leaving another comment. These cookies will last for one year.  <\/p>\n\n<p>Hvis du legger igjen en kommentar p\u00e5 nettstedet v\u00e5rt, kan du velge \u00e5 lagre navnet ditt, e-postadressen din og nettstedet ditt i informasjonskapsler. Dette er for din bekvemmelighet slik at du ikke trenger \u00e5 fylle inn detaljene dine igjen neste gang du kommenterer. Disse informasjonskapslene varer i ett \u00e5r. <\/p>\n\n<p>Hvis du har en konto og logger inn p\u00e5 dette nettstedet, vil vi sette en midlertidig informasjonskapsel for \u00e5 avgj\u00f8re om nettleseren din godtar informasjonskapsler. Denne kapselen inneholder ingen personopplysninger og slettes n\u00e5r du lukker nettleseren.   <\/p>\n\n<p>N\u00e5r du logger inn, vil vi ogs\u00e5 opprette flere informasjonskapsler for \u00e5 lagre p\u00e5loggingsinformasjonen din og visningsinnstillingene dine. P\u00e5loggingskapsler varer i to dager, og visningsvalgkapsler varer i ett \u00e5r. Hvis du velger &laquo;Husk meg&raquo;, vil p\u00e5loggingen din vare i to uker. Hvis du logger ut av kontoen din, vil p\u00e5loggingskapslene bli fjernet.<br\/>Hvis du redigerer eller publiserer en artikkel, vil en ekstra informasjonskapsel lagres i nettleseren din. Denne kapselen inneholder ingen personlige data og indikerer bare ID-en til artikkelen du nettopp redigerte. Den utl\u00f8per etter \u00e9n dag.  <\/p>\n\n<h3 class=\"wp-block-heading\"><strong>Innebygd innhold fra andre nettsteder<\/strong><\/h3>\n\n<p>Artikler p\u00e5 dette nettstedet kan inneholde innebygd innhold (f.eks. videoer, bilder, artikler osv.). Innebygd innhold fra andre nettsteder oppf\u00f8rer seg p\u00e5 samme m\u00e5te som om den bes\u00f8kende hadde bes\u00f8kt det andre nettstedet. <\/p>\n\n<p>Disse nettstedene kan samle inn data om deg, bruke informasjonskapsler, bygge inn ekstra tredjeparts sporing og overv\u00e5ke samspillet ditt med det innebygde innholdet, inkludert sporing av interaksjonen hvis du har en konto og er logget inn p\u00e5 det nettstedet.<\/p>\n\n<h3 class=\"wp-block-heading\"><strong>Hvem vi deler dataene dine med<\/strong><\/h3>\n\n<p>Hvis du ber om tilbakestilling av passord, vil IP-adressen din bli inkludert i tilbakestillings-e-posten.<\/p>\n\n<h3 class=\"wp-block-heading\"><strong>Hvor lenge vi oppbevarer dataene dine<\/strong><\/h3>\n\n<p>Hvis du legger igjen en kommentar, blir kommentaren og metadataene oppbevart p\u00e5 ubestemt tid. Dette er slik at vi kan gjenkjenne og godkjenne oppf\u00f8lgende kommentarer automatisk i stedet for \u00e5 holde dem i moderasjonsk\u00f8. <\/p>\n\n<p><br\/>For brukere som registrerer seg p\u00e5 nettstedet v\u00e5rt (hvis noen), lagrer vi ogs\u00e5 personlig informasjon de gir i sin brukerprofil. Alle brukere kan se, redigere eller slette sin personlige informasjon n\u00e5r som helst (unntatt brukernavnet sitt). Nettstedsadministratorer kan ogs\u00e5 se og redigere denne informasjonen.  <\/p>\n\n<h3 class=\"wp-block-heading\"><strong>Hvilke rettigheter du har over dataene dine<\/strong><\/h3>\n\n<p>Hvis du har en konto p\u00e5 dette nettstedet eller har lagt igjen kommentarer, kan du be om en eksportfil med personopplysningene vi har om deg, inkludert alle data du har gitt oss. Du kan ogs\u00e5 be om at vi sletter alle personopplysningene vi har om deg. Dette inkluderer ikke data vi er forpliktet til \u00e5 oppbevare av administrative, juridiske eller sikkerhetsmessige \u00e5rsaker.  <\/p>\n\n<h3 class=\"wp-block-heading\"><strong>Hvor dataene dine sendes<\/strong><\/h3>\n\n<p>Kommentarer fra bes\u00f8kende kan kontrolleres gjennom en automatisk s\u00f8ppelpostdeteksjonstjeneste.<\/p>\n","protected":false},"excerpt":{"rendered":"<p>Kommentarer Nettadressen v\u00e5r er: https:\/\/www.empower2act.org. Kommentarer N\u00e5r bes\u00f8kende legger igjen kommentarer p\u00e5 nettstedet, samler vi inn dataene som vises i [&hellip;]<\/p>\n","protected":false},"author":1,"featured_media":0,"parent":0,"menu_order":0,"comment_status":"closed","ping_status":"open","template":"","meta":{"_coblocks_attr":"","_coblocks_dimensions":"","_coblocks_responsive_height":"","_coblocks_accordion_ie_support":"","_uag_custom_page_level_css":"","site-sidebar-layout":"default","site-content-layout":"","ast-site-content-layout":"default","site-content-style":"default","site-sidebar-style":"default","ast-global-header-display":"","ast-banner-title-visibility":"","ast-main-header-display":"","ast-hfb-above-header-display":"","ast-hfb-below-header-display":"","ast-hfb-mobile-header-display":"","site-post-title":"","ast-breadcrumbs-content":"","ast-featured-img":"","footer-sml-layout":"","ast-disable-related-posts":"","theme-transparent-header-meta":"","adv-header-id-meta":"","stick-header-meta":"","header-above-stick-meta":"","header-main-stick-meta":"","header-below-stick-meta":"","astra-migrate-meta-layouts":"default","ast-page-background-enabled":"default","ast-page-background-meta":{"desktop":{"background-color":"var(--ast-global-color-5)","background-image":"","background-repeat":"repeat","background-position":"center center","background-size":"auto","background-attachment":"scroll","background-type":"","background-media":"","overlay-type":"","overlay-color":"","overlay-opacity":"","overlay-gradient":""},"tablet":{"background-color":"","background-image":"","background-repeat":"repeat","background-position":"center center","background-size":"auto","background-attachment":"scroll","background-type":"","background-media":"","overlay-type":"","overlay-color":"","overlay-opacity":"","overlay-gradient":""},"mobile":{"background-color":"","background-image":"","background-repeat":"repeat","background-position":"center center","background-size":"auto","background-attachment":"scroll","background-type":"","background-media":"","overlay-type":"","overlay-color":"","overlay-opacity":"","overlay-gradient":""}},"ast-content-background-meta":{"desktop":{"background-color":"var(--ast-global-color-4)","background-image":"","background-repeat":"repeat","background-position":"center center","background-size":"auto","background-attachment":"scroll","background-type":"","background-media":"","overlay-type":"","overlay-color":"","overlay-opacity":"","overlay-gradient":""},"tablet":{"background-color":"var(--ast-global-color-4)","background-image":"","background-repeat":"repeat","background-position":"center center","background-size":"auto","background-attachment":"scroll","background-type":"","background-media":"","overlay-type":"","overlay-color":"","overlay-opacity":"","overlay-gradient":""},"mobile":{"background-color":"var(--ast-global-color-4)","background-image":"","background-repeat":"repeat","background-position":"center center","background-size":"auto","background-attachment":"scroll","background-type":"","background-media":"","overlay-type":"","overlay-color":"","overlay-opacity":"","overlay-gradient":""}},"footnotes":""},"class_list":["post-755","page","type-page","status-publish","hentry"],"yoast_head":"<!-- This site is optimized with the Yoast SEO plugin v27.4 - https:\/\/yoast.com\/product\/yoast-seo-wordpress\/ -->\n<title>Personvernerkl\u00e6ring -<\/title>\n<meta name=\"robots\" content=\"index, follow, max-snippet:-1, max-image-preview:large, max-video-preview:-1\" \/>\n<link rel=\"canonical\" href=\"https:\/\/www.empower2act.org\/no\/personvernerklaering\/\" \/>\n<meta property=\"og:locale\" content=\"nb_NO\" \/>\n<meta property=\"og:type\" content=\"article\" \/>\n<meta property=\"og:title\" content=\"Personvernerkl\u00e6ring -\" \/>\n<meta property=\"og:description\" content=\"Kommentarer Nettadressen v\u00e5r er: https:\/\/www.empower2act.org. Kommentarer N\u00e5r bes\u00f8kende legger igjen kommentarer p\u00e5 nettstedet, samler vi inn dataene som vises i [&hellip;]\" \/>\n<meta property=\"og:url\" content=\"https:\/\/www.empower2act.org\/no\/personvernerklaering\/\" \/>\n<meta property=\"article:modified_time\" content=\"2025-05-12T10:16:14+00:00\" \/>\n<meta name=\"twitter:card\" content=\"summary_large_image\" \/>\n<meta name=\"twitter:label1\" content=\"Ansl. lesetid\" \/>\n\t<meta name=\"twitter:data1\" content=\"3 minutter\" \/>\n<script type=\"application\/ld+json\" class=\"yoast-schema-graph\">{\"@context\":\"https:\\\/\\\/schema.org\",\"@graph\":[{\"@type\":\"WebPage\",\"@id\":\"https:\\\/\\\/www.empower2act.org\\\/no\\\/personvernerklaering\\\/\",\"url\":\"https:\\\/\\\/www.empower2act.org\\\/no\\\/personvernerklaering\\\/\",\"name\":\"Personvernerkl\u00e6ring -\",\"isPartOf\":{\"@id\":\"https:\\\/\\\/www.empower2act.org\\\/no\\\/#website\"},\"datePublished\":\"2025-01-28T11:41:22+00:00\",\"dateModified\":\"2025-05-12T10:16:14+00:00\",\"breadcrumb\":{\"@id\":\"https:\\\/\\\/www.empower2act.org\\\/no\\\/personvernerklaering\\\/#breadcrumb\"},\"inLanguage\":\"nb-NO\",\"potentialAction\":[{\"@type\":\"ReadAction\",\"target\":[\"https:\\\/\\\/www.empower2act.org\\\/no\\\/personvernerklaering\\\/\"]}]},{\"@type\":\"BreadcrumbList\",\"@id\":\"https:\\\/\\\/www.empower2act.org\\\/no\\\/personvernerklaering\\\/#breadcrumb\",\"itemListElement\":[{\"@type\":\"ListItem\",\"position\":1,\"name\":\"Portada\",\"item\":\"https:\\\/\\\/www.empower2act.org\\\/no\\\/\"},{\"@type\":\"ListItem\",\"position\":2,\"name\":\"Personvernerkl\u00e6ring\"}]},{\"@type\":\"WebSite\",\"@id\":\"https:\\\/\\\/www.empower2act.org\\\/no\\\/#website\",\"url\":\"https:\\\/\\\/www.empower2act.org\\\/no\\\/\",\"name\":\"empower2act\",\"description\":\"\",\"publisher\":{\"@id\":\"https:\\\/\\\/www.empower2act.org\\\/no\\\/#organization\"},\"potentialAction\":[{\"@type\":\"SearchAction\",\"target\":{\"@type\":\"EntryPoint\",\"urlTemplate\":\"https:\\\/\\\/www.empower2act.org\\\/no\\\/?s={search_term_string}\"},\"query-input\":{\"@type\":\"PropertyValueSpecification\",\"valueRequired\":true,\"valueName\":\"search_term_string\"}}],\"inLanguage\":\"nb-NO\"},{\"@type\":\"Organization\",\"@id\":\"https:\\\/\\\/www.empower2act.org\\\/no\\\/#organization\",\"name\":\"empower2act\",\"url\":\"https:\\\/\\\/www.empower2act.org\\\/no\\\/\",\"logo\":{\"@type\":\"ImageObject\",\"inLanguage\":\"nb-NO\",\"@id\":\"https:\\\/\\\/www.empower2act.org\\\/no\\\/#\\\/schema\\\/logo\\\/image\\\/\",\"url\":\"https:\\\/\\\/www.empower2act.org\\\/wp-content\\\/uploads\\\/2025\\\/01\\\/IDEA-LOGO.jpg\",\"contentUrl\":\"https:\\\/\\\/www.empower2act.org\\\/wp-content\\\/uploads\\\/2025\\\/01\\\/IDEA-LOGO.jpg\",\"width\":1213,\"height\":411,\"caption\":\"empower2act\"},\"image\":{\"@id\":\"https:\\\/\\\/www.empower2act.org\\\/no\\\/#\\\/schema\\\/logo\\\/image\\\/\"}}]}<\/script>\n<!-- \/ Yoast SEO plugin. -->","yoast_head_json":{"title":"Personvernerkl\u00e6ring -","robots":{"index":"index","follow":"follow","max-snippet":"max-snippet:-1","max-image-preview":"max-image-preview:large","max-video-preview":"max-video-preview:-1"},"canonical":"https:\/\/www.empower2act.org\/no\/personvernerklaering\/","og_locale":"nb_NO","og_type":"article","og_title":"Personvernerkl\u00e6ring -","og_description":"Kommentarer Nettadressen v\u00e5r er: https:\/\/www.empower2act.org. Kommentarer N\u00e5r bes\u00f8kende legger igjen kommentarer p\u00e5 nettstedet, samler vi inn dataene som vises i [&hellip;]","og_url":"https:\/\/www.empower2act.org\/no\/personvernerklaering\/","article_modified_time":"2025-05-12T10:16:14+00:00","twitter_card":"summary_large_image","twitter_misc":{"Ansl. lesetid":"3 minutter"},"schema":{"@context":"https:\/\/schema.org","@graph":[{"@type":"WebPage","@id":"https:\/\/www.empower2act.org\/no\/personvernerklaering\/","url":"https:\/\/www.empower2act.org\/no\/personvernerklaering\/","name":"Personvernerkl\u00e6ring -","isPartOf":{"@id":"https:\/\/www.empower2act.org\/no\/#website"},"datePublished":"2025-01-28T11:41:22+00:00","dateModified":"2025-05-12T10:16:14+00:00","breadcrumb":{"@id":"https:\/\/www.empower2act.org\/no\/personvernerklaering\/#breadcrumb"},"inLanguage":"nb-NO","potentialAction":[{"@type":"ReadAction","target":["https:\/\/www.empower2act.org\/no\/personvernerklaering\/"]}]},{"@type":"BreadcrumbList","@id":"https:\/\/www.empower2act.org\/no\/personvernerklaering\/#breadcrumb","itemListElement":[{"@type":"ListItem","position":1,"name":"Portada","item":"https:\/\/www.empower2act.org\/no\/"},{"@type":"ListItem","position":2,"name":"Personvernerkl\u00e6ring"}]},{"@type":"WebSite","@id":"https:\/\/www.empower2act.org\/no\/#website","url":"https:\/\/www.empower2act.org\/no\/","name":"empower2act","description":"","publisher":{"@id":"https:\/\/www.empower2act.org\/no\/#organization"},"potentialAction":[{"@type":"SearchAction","target":{"@type":"EntryPoint","urlTemplate":"https:\/\/www.empower2act.org\/no\/?s={search_term_string}"},"query-input":{"@type":"PropertyValueSpecification","valueRequired":true,"valueName":"search_term_string"}}],"inLanguage":"nb-NO"},{"@type":"Organization","@id":"https:\/\/www.empower2act.org\/no\/#organization","name":"empower2act","url":"https:\/\/www.empower2act.org\/no\/","logo":{"@type":"ImageObject","inLanguage":"nb-NO","@id":"https:\/\/www.empower2act.org\/no\/#\/schema\/logo\/image\/","url":"https:\/\/www.empower2act.org\/wp-content\/uploads\/2025\/01\/IDEA-LOGO.jpg","contentUrl":"https:\/\/www.empower2act.org\/wp-content\/uploads\/2025\/01\/IDEA-LOGO.jpg","width":1213,"height":411,"caption":"empower2act"},"image":{"@id":"https:\/\/www.empower2act.org\/no\/#\/schema\/logo\/image\/"}}]}},"uagb_featured_image_src":{"full":false,"thumbnail":false,"medium":false,"medium_large":false,"large":false,"1536x1536":false,"2048x2048":false},"uagb_author_info":{"display_name":"adminJULIACUNY","author_link":"https:\/\/www.empower2act.org\/no\/author\/adminjuliacuny\/"},"uagb_comment_info":0,"uagb_excerpt":"Kommentarer Nettadressen v\u00e5r er: https:\/\/www.empower2act.org. Kommentarer N\u00e5r bes\u00f8kende legger igjen kommentarer p\u00e5 nettstedet, samler vi inn dataene som vises i [&hellip;]","_links":{"self":[{"href":"https:\/\/www.empower2act.org\/no\/wp-json\/wp\/v2\/pages\/755","targetHints":{"allow":["GET"]}}],"collection":[{"href":"https:\/\/www.empower2act.org\/no\/wp-json\/wp\/v2\/pages"}],"about":[{"href":"https:\/\/www.empower2act.org\/no\/wp-json\/wp\/v2\/types\/page"}],"author":[{"embeddable":true,"href":"https:\/\/www.empower2act.org\/no\/wp-json\/wp\/v2\/users\/1"}],"replies":[{"embeddable":true,"href":"https:\/\/www.empower2act.org\/no\/wp-json\/wp\/v2\/comments?post=755"}],"version-history":[{"count":4,"href":"https:\/\/www.empower2act.org\/no\/wp-json\/wp\/v2\/pages\/755\/revisions"}],"predecessor-version":[{"id":762,"href":"https:\/\/www.empower2act.org\/no\/wp-json\/wp\/v2\/pages\/755\/revisions\/762"}],"wp:attachment":[{"href":"https:\/\/www.empower2act.org\/no\/wp-json\/wp\/v2\/media?parent=755"}],"curies":[{"name":"wp","href":"https:\/\/api.w.org\/{rel}","templated":true}]}}