{"id":1130,"date":"2025-04-10T10:45:22","date_gmt":"2025-04-10T08:45:22","guid":{"rendered":"https:\/\/www.empower2act.org\/politica-de-cookies-ue\/"},"modified":"2025-07-02T09:18:49","modified_gmt":"2025-07-02T07:18:49","slug":"politica-de-cookies-ue","status":"publish","type":"page","link":"https:\/\/www.empower2act.org\/pt-pt\/politica-de-cookies-ue\/","title":{"rendered":"Pol\u00edtica de Cookies (UE)"},"content":{"rendered":"\n<div class=\"cmplz-document cookie-statement cmplz-document-eu\" id=\"cmplz-document\"><p><br><\/p><\/div>\n<p><br\/>Esta pol\u00edtica de cookies foi atualizada pela \u00faltima vez em 10 de abril de 2025 e aplica-se aos cidad\u00e3os e residentes legais permanentes do Espa\u00e7o Econ\u00f3mico Europeu e da Su\u00ed\u00e7a.<\/p>\n\n<h3 class=\"wp-block-heading\">1. Introdu\u00e7\u00e3o<\/h3>\n\n<p>O nosso website, <a href=\"https:\/\/www.empower2act.org\/pt-pt\/\">https:\/\/www.empower2act.org<\/a> (doravante designado por &#8220;o website&#8221;), utiliza cookies e outras tecnologias relacionadas (para sua conveni\u00eancia, todas estas tecnologias s\u00e3o designadas por &#8220;cookies&#8221;). Os cookies s\u00e3o tamb\u00e9m inseridos por terceiros que contratamos. Neste documento, informamos sobre a utiliza\u00e7\u00e3o de cookies no nosso site.  <\/p>\n\n<h3 class=\"wp-block-heading\">2.\u00ba O que s\u00e3o cookies?<\/h3>\n\n<p>Um cookie \u00e9 um pequeno ficheiro enviado juntamente com as p\u00e1ginas deste site e armazenado pelo seu browser no disco r\u00edgido do seu computador ou noutro dispositivo. As informa\u00e7\u00f5es armazenadas podem ser enviadas de volta para os nossos servidores ou para os servidores de terceiros relevantes durante uma visita subsequente. <\/p>\n\n<h3 class=\"wp-block-heading\">3.\u00ba O que s\u00e3o scripts?<\/h3>\n\n<p>Um script \u00e9 um peda\u00e7o de c\u00f3digo de programa utilizado para fazer com que o nosso website funcione de forma adequada e interativa. Este c\u00f3digo \u00e9 executado no nosso servidor ou no seu dispositivo. <\/p>\n\n<h3 class=\"wp-block-heading\">4.\u00ba O que \u00e9 um web beacon?<\/h3>\n\n<p>Um web beacon (ou pixel tag) \u00e9 um pequeno texto ou imagem invis\u00edvel num website, utilizado para monitorizar o tr\u00e1fego web. Estes web beacons armazenam diversos dados sobre si. <\/p>\n\n<h3 class=\"wp-block-heading\">5. Cookies<\/h3>\n\n<h4 class=\"wp-block-heading\">5.1 Cookies t\u00e9cnicos ou funcionais<\/h4>\n\n<p>Alguns cookies garantem que determinadas partes do site funcionam corretamente e que as suas prefer\u00eancias de utilizador permanecem registadas. Ao inserir cookies funcionais, facilitamos a sua visita ao nosso site. Desta forma, n\u00e3o precisa de introduzir as mesmas informa\u00e7\u00f5es repetidamente ao visitar o nosso website e, por exemplo, os artigos permanecem no seu carrinho de compras at\u00e9 que conclua a compra. Podemos inserir estes cookies sem o seu consentimento.   <\/p>\n\n<h4 class=\"wp-block-heading\">5.2 Cookies estat\u00edsticos<\/h4>\n\n<p>Utilizamos cookies estat\u00edsticos para otimizar a experi\u00eancia do utilizador no nosso website. Estes cookies estat\u00edsticos fornecem-nos insights sobre como o nosso site \u00e9 utilizado. Solicitamos a sua autoriza\u00e7\u00e3o para inserir cookies estat\u00edsticos.  <\/p>\n\n<h3 class=\"wp-block-heading\">6. Cookies utilizados<\/h3>\n\n<ul class=\"wp-block-list\">\n<li><strong>WordPress <\/strong>\u2013 Funcional<br\/>Consentimento para o servi\u00e7o WordPress<\/li>\n\n\n\n<li><strong>Complianz<\/strong> \u2013 Funcional<br\/>Consentimento para o servi\u00e7o Complianz<\/li>\n\n\n\n<li><strong>Diversos<\/strong> \u2013 Finalidade pendente de investiga\u00e7\u00e3o<br\/>Consentimento para presta\u00e7\u00e3o de servi\u00e7o Diversos<\/li>\n<\/ul>\n\n<h3 class=\"wp-block-heading\">7.\u00ba Consentimento<\/h3>\n\n<p>Ao visitar o nosso website pela primeira vez, iremos exibir uma janela pop-up com uma explica\u00e7\u00e3o sobre os cookies. Ao clicar em &#8220;Guardar prefer\u00eancias&#8221;, concorda que utilizemos as categorias de cookies e plugins que selecionou na janela pop-up, conforme descrito nesta pol\u00edtica de cookies. Pode desativar o uso de cookies atrav\u00e9s do seu navegador, mas note que o nosso website pode n\u00e3o funcionar corretamente.  <\/p>\n\n<h4 class=\"wp-block-heading\">7.1 Gerir as suas configura\u00e7\u00f5es de consentimento<\/h4>\n\n<ul class=\"wp-block-list\">\n<li><strong>Funcional<\/strong> \u2013 Sempre ativo<\/li>\n\n\n\n<li><strong>Estat\u00edsticas<\/strong> \u2013 Estat\u00edsticas<\/li>\n<\/ul>\n\n<h3 class=\"wp-block-heading\">8. Ativa\u00e7\u00e3o\/desativa\u00e7\u00e3o e elimina\u00e7\u00e3o de cookies<\/h3>\n\n<p>Pode utilizar o seu navegador de internet para eliminar cookies autom\u00e1tica ou manualmente. Tamb\u00e9m pode especificar que determinados cookies n\u00e3o podem ser instalados. Outra op\u00e7\u00e3o \u00e9 alterar as defini\u00e7\u00f5es do seu navegador de internet para que receba uma mensagem sempre que um cookie \u00e9 instalado. Para obter mais informa\u00e7\u00f5es sobre estas op\u00e7\u00f5es, consulte as instru\u00e7\u00f5es na sec\u00e7\u00e3o &#8220;Ajuda&#8221; do seu navegador.   <\/p>\n\n<p>Note que o nosso website pode n\u00e3o funcionar corretamente se todos os cookies estiverem desativados. Se eliminar os cookies do seu navegador, estes ser\u00e3o novamente inseridos ap\u00f3s o seu consentimento quando visitar novamente o nosso website. <\/p>\n\n<h3 class=\"wp-block-heading\">9. Os seus direitos em rela\u00e7\u00e3o aos dados pessoais<\/h3>\n\n<p>Tem os seguintes direitos em rela\u00e7\u00e3o aos seus dados pessoais:<\/p>\n\n<ul class=\"wp-block-list\">\n<li><strong>Direito de saber<\/strong> por que raz\u00e3o os seus dados pessoais s\u00e3o necess\u00e1rios, o que lhes acontecer\u00e1 e durante quanto tempo ser\u00e3o conservados.<\/li>\n\n\n\n<li><strong>Direito de acesso<\/strong>: Tem o direito de aceder aos dados pessoais que temos sobre si.<\/li>\n\n\n\n<li><strong>Direito de retifica\u00e7\u00e3o<\/strong>: Tem o direito de completar, corrigir, eliminar ou bloquear os seus dados pessoais sempre que desejar.<\/li>\n\n\n\n<li>Se nos der consentimento para tratar os seus dados, tem o direito de revogar esse consentimento e solicitar a elimina\u00e7\u00e3o dos seus dados pessoais.<\/li>\n\n\n\n<li><strong>Direito \u00e0 portabilidade dos dados<\/strong>: Tem o direito de solicitar todos os seus dados pessoais ao respons\u00e1vel pelo tratamento de dados e transferi-los integralmente para outro respons\u00e1vel pelo tratamento de dados.<\/li>\n\n\n\n<li><strong>Direito de obje\u00e7\u00e3o<\/strong>: Pode opor-se ao tratamento dos seus dados. Cumpriremos o pedido, a menos que existam motivos leg\u00edtimos para o tratamento. <\/li>\n<\/ul>\n\n<p>Para exercer estes direitos, contacte-nos. Consulte os dados de contacto na parte inferior desta pol\u00edtica de cookies. Se tiver alguma reclama\u00e7\u00e3o sobre a forma como tratamos os seus dados, agradecemos que nos comunique, mas tamb\u00e9m tem o direito de apresentar uma reclama\u00e7\u00e3o \u00e0 autoridade de supervis\u00e3o (a autoridade de prote\u00e7\u00e3o de dados).  <\/p>\n\n<h3 class=\"wp-block-heading\">10. Detalhes de contacto<\/h3>\n\n<p>Para quest\u00f5es e\/ou coment\u00e1rios sobre a nossa pol\u00edtica de cookies e esta declara\u00e7\u00e3o, por favor contacte-nos atrav\u00e9s dos seguintes dados:<\/p>\n\n<p><strong>FUNDA\u00c7\u00c3O INTRAS<\/strong><br\/>Rua Mart\u00edn Santos Romero 1, Valladolid CP 47016<br\/>Espanha<br\/>Site: <a href=\"https:\/\/www.empower2act.org\/pt-pt\/\">https:\/\/www.empower2act.org<\/a><br\/>E-mail: <a href=\"mailto:jcp@intras.es\">dpo@intras.es<\/a><br\/>N\u00famero de telefone: +34 983 399 633<\/p>\n\n<p>Esta pol\u00edtica de cookies foi sincronizada com <a href=\"https:\/\/cookiedatabase.org\/\">cookiedatabase.org<\/a> a 10 de abril de 2025.<\/p>\n","protected":false},"excerpt":{"rendered":"<p>Esta pol\u00edtica de cookies foi atualizada pela \u00faltima vez em 10 de abril de 2025 e aplica-se aos cidad\u00e3os e [&hellip;]<\/p>\n","protected":false},"author":1,"featured_media":0,"parent":0,"menu_order":0,"comment_status":"closed","ping_status":"closed","template":"","meta":{"_coblocks_attr":"","_coblocks_dimensions":"","_coblocks_responsive_height":"","_coblocks_accordion_ie_support":"","_uag_custom_page_level_css":"","site-sidebar-layout":"default","site-content-layout":"","ast-site-content-layout":"default","site-content-style":"default","site-sidebar-style":"default","ast-global-header-display":"","ast-banner-title-visibility":"","ast-main-header-display":"","ast-hfb-above-header-display":"","ast-hfb-below-header-display":"","ast-hfb-mobile-header-display":"","site-post-title":"","ast-breadcrumbs-content":"","ast-featured-img":"","footer-sml-layout":"","ast-disable-related-posts":"","theme-transparent-header-meta":"","adv-header-id-meta":"","stick-header-meta":"","header-above-stick-meta":"","header-main-stick-meta":"","header-below-stick-meta":"","astra-migrate-meta-layouts":"default","ast-page-background-enabled":"default","ast-page-background-meta":{"desktop":{"background-color":"var(--ast-global-color-5)","background-image":"","background-repeat":"repeat","background-position":"center center","background-size":"auto","background-attachment":"scroll","background-type":"","background-media":"","overlay-type":"","overlay-color":"","overlay-opacity":"","overlay-gradient":""},"tablet":{"background-color":"","background-image":"","background-repeat":"repeat","background-position":"center center","background-size":"auto","background-attachment":"scroll","background-type":"","background-media":"","overlay-type":"","overlay-color":"","overlay-opacity":"","overlay-gradient":""},"mobile":{"background-color":"","background-image":"","background-repeat":"repeat","background-position":"center center","background-size":"auto","background-attachment":"scroll","background-type":"","background-media":"","overlay-type":"","overlay-color":"","overlay-opacity":"","overlay-gradient":""}},"ast-content-background-meta":{"desktop":{"background-color":"var(--ast-global-color-4)","background-image":"","background-repeat":"repeat","background-position":"center center","background-size":"auto","background-attachment":"scroll","background-type":"","background-media":"","overlay-type":"","overlay-color":"","overlay-opacity":"","overlay-gradient":""},"tablet":{"background-color":"var(--ast-global-color-4)","background-image":"","background-repeat":"repeat","background-position":"center center","background-size":"auto","background-attachment":"scroll","background-type":"","background-media":"","overlay-type":"","overlay-color":"","overlay-opacity":"","overlay-gradient":""},"mobile":{"background-color":"var(--ast-global-color-4)","background-image":"","background-repeat":"repeat","background-position":"center center","background-size":"auto","background-attachment":"scroll","background-type":"","background-media":"","overlay-type":"","overlay-color":"","overlay-opacity":"","overlay-gradient":""}},"footnotes":""},"class_list":["post-1130","page","type-page","status-publish","hentry"],"yoast_head":"<!-- This site is optimized with the Yoast SEO plugin v27.4 - https:\/\/yoast.com\/product\/yoast-seo-wordpress\/ -->\n<title>Pol\u00edtica de Cookies (UE) -<\/title>\n<meta name=\"robots\" content=\"index, follow, max-snippet:-1, max-image-preview:large, max-video-preview:-1\" \/>\n<link rel=\"canonical\" href=\"https:\/\/www.empower2act.org\/pt-pt\/politica-de-cookies-ue\/\" \/>\n<meta property=\"og:locale\" content=\"pt_PT\" \/>\n<meta property=\"og:type\" content=\"article\" \/>\n<meta property=\"og:title\" content=\"Pol\u00edtica de Cookies (UE) -\" \/>\n<meta property=\"og:description\" content=\"Esta pol\u00edtica de cookies foi atualizada pela \u00faltima vez em 10 de abril de 2025 e aplica-se aos cidad\u00e3os e [&hellip;]\" \/>\n<meta property=\"og:url\" content=\"https:\/\/www.empower2act.org\/pt-pt\/politica-de-cookies-ue\/\" \/>\n<meta property=\"article:modified_time\" content=\"2025-07-02T07:18:49+00:00\" \/>\n<meta name=\"twitter:card\" content=\"summary_large_image\" \/>\n<meta name=\"twitter:label1\" content=\"Tempo estimado de leitura\" \/>\n\t<meta name=\"twitter:data1\" content=\"4 minutos\" \/>\n<script type=\"application\/ld+json\" class=\"yoast-schema-graph\">{\"@context\":\"https:\\\/\\\/schema.org\",\"@graph\":[{\"@type\":\"WebPage\",\"@id\":\"https:\\\/\\\/www.empower2act.org\\\/pt-pt\\\/politica-de-cookies-ue\\\/\",\"url\":\"https:\\\/\\\/www.empower2act.org\\\/pt-pt\\\/politica-de-cookies-ue\\\/\",\"name\":\"Pol\u00edtica de Cookies (UE) -\",\"isPartOf\":{\"@id\":\"https:\\\/\\\/www.empower2act.org\\\/pt-pt\\\/#website\"},\"datePublished\":\"2025-04-10T08:45:22+00:00\",\"dateModified\":\"2025-07-02T07:18:49+00:00\",\"breadcrumb\":{\"@id\":\"https:\\\/\\\/www.empower2act.org\\\/pt-pt\\\/politica-de-cookies-ue\\\/#breadcrumb\"},\"inLanguage\":\"pt-PT\",\"potentialAction\":[{\"@type\":\"ReadAction\",\"target\":[\"https:\\\/\\\/www.empower2act.org\\\/pt-pt\\\/politica-de-cookies-ue\\\/\"]}]},{\"@type\":\"BreadcrumbList\",\"@id\":\"https:\\\/\\\/www.empower2act.org\\\/pt-pt\\\/politica-de-cookies-ue\\\/#breadcrumb\",\"itemListElement\":[{\"@type\":\"ListItem\",\"position\":1,\"name\":\"Portada\",\"item\":\"https:\\\/\\\/www.empower2act.org\\\/pt-pt\\\/\"},{\"@type\":\"ListItem\",\"position\":2,\"name\":\"Pol\u00edtica de Cookies (UE)\"}]},{\"@type\":\"WebSite\",\"@id\":\"https:\\\/\\\/www.empower2act.org\\\/pt-pt\\\/#website\",\"url\":\"https:\\\/\\\/www.empower2act.org\\\/pt-pt\\\/\",\"name\":\"empower2act\",\"description\":\"\",\"publisher\":{\"@id\":\"https:\\\/\\\/www.empower2act.org\\\/pt-pt\\\/#organization\"},\"potentialAction\":[{\"@type\":\"SearchAction\",\"target\":{\"@type\":\"EntryPoint\",\"urlTemplate\":\"https:\\\/\\\/www.empower2act.org\\\/pt-pt\\\/?s={search_term_string}\"},\"query-input\":{\"@type\":\"PropertyValueSpecification\",\"valueRequired\":true,\"valueName\":\"search_term_string\"}}],\"inLanguage\":\"pt-PT\"},{\"@type\":\"Organization\",\"@id\":\"https:\\\/\\\/www.empower2act.org\\\/pt-pt\\\/#organization\",\"name\":\"empower2act\",\"url\":\"https:\\\/\\\/www.empower2act.org\\\/pt-pt\\\/\",\"logo\":{\"@type\":\"ImageObject\",\"inLanguage\":\"pt-PT\",\"@id\":\"https:\\\/\\\/www.empower2act.org\\\/pt-pt\\\/#\\\/schema\\\/logo\\\/image\\\/\",\"url\":\"https:\\\/\\\/www.empower2act.org\\\/wp-content\\\/uploads\\\/2025\\\/01\\\/IDEA-LOGO.jpg\",\"contentUrl\":\"https:\\\/\\\/www.empower2act.org\\\/wp-content\\\/uploads\\\/2025\\\/01\\\/IDEA-LOGO.jpg\",\"width\":1213,\"height\":411,\"caption\":\"empower2act\"},\"image\":{\"@id\":\"https:\\\/\\\/www.empower2act.org\\\/pt-pt\\\/#\\\/schema\\\/logo\\\/image\\\/\"}}]}<\/script>\n<!-- \/ Yoast SEO plugin. -->","yoast_head_json":{"title":"Pol\u00edtica de Cookies (UE) -","robots":{"index":"index","follow":"follow","max-snippet":"max-snippet:-1","max-image-preview":"max-image-preview:large","max-video-preview":"max-video-preview:-1"},"canonical":"https:\/\/www.empower2act.org\/pt-pt\/politica-de-cookies-ue\/","og_locale":"pt_PT","og_type":"article","og_title":"Pol\u00edtica de Cookies (UE) -","og_description":"Esta pol\u00edtica de cookies foi atualizada pela \u00faltima vez em 10 de abril de 2025 e aplica-se aos cidad\u00e3os e [&hellip;]","og_url":"https:\/\/www.empower2act.org\/pt-pt\/politica-de-cookies-ue\/","article_modified_time":"2025-07-02T07:18:49+00:00","twitter_card":"summary_large_image","twitter_misc":{"Tempo estimado de leitura":"4 minutos"},"schema":{"@context":"https:\/\/schema.org","@graph":[{"@type":"WebPage","@id":"https:\/\/www.empower2act.org\/pt-pt\/politica-de-cookies-ue\/","url":"https:\/\/www.empower2act.org\/pt-pt\/politica-de-cookies-ue\/","name":"Pol\u00edtica de Cookies (UE) -","isPartOf":{"@id":"https:\/\/www.empower2act.org\/pt-pt\/#website"},"datePublished":"2025-04-10T08:45:22+00:00","dateModified":"2025-07-02T07:18:49+00:00","breadcrumb":{"@id":"https:\/\/www.empower2act.org\/pt-pt\/politica-de-cookies-ue\/#breadcrumb"},"inLanguage":"pt-PT","potentialAction":[{"@type":"ReadAction","target":["https:\/\/www.empower2act.org\/pt-pt\/politica-de-cookies-ue\/"]}]},{"@type":"BreadcrumbList","@id":"https:\/\/www.empower2act.org\/pt-pt\/politica-de-cookies-ue\/#breadcrumb","itemListElement":[{"@type":"ListItem","position":1,"name":"Portada","item":"https:\/\/www.empower2act.org\/pt-pt\/"},{"@type":"ListItem","position":2,"name":"Pol\u00edtica de Cookies (UE)"}]},{"@type":"WebSite","@id":"https:\/\/www.empower2act.org\/pt-pt\/#website","url":"https:\/\/www.empower2act.org\/pt-pt\/","name":"empower2act","description":"","publisher":{"@id":"https:\/\/www.empower2act.org\/pt-pt\/#organization"},"potentialAction":[{"@type":"SearchAction","target":{"@type":"EntryPoint","urlTemplate":"https:\/\/www.empower2act.org\/pt-pt\/?s={search_term_string}"},"query-input":{"@type":"PropertyValueSpecification","valueRequired":true,"valueName":"search_term_string"}}],"inLanguage":"pt-PT"},{"@type":"Organization","@id":"https:\/\/www.empower2act.org\/pt-pt\/#organization","name":"empower2act","url":"https:\/\/www.empower2act.org\/pt-pt\/","logo":{"@type":"ImageObject","inLanguage":"pt-PT","@id":"https:\/\/www.empower2act.org\/pt-pt\/#\/schema\/logo\/image\/","url":"https:\/\/www.empower2act.org\/wp-content\/uploads\/2025\/01\/IDEA-LOGO.jpg","contentUrl":"https:\/\/www.empower2act.org\/wp-content\/uploads\/2025\/01\/IDEA-LOGO.jpg","width":1213,"height":411,"caption":"empower2act"},"image":{"@id":"https:\/\/www.empower2act.org\/pt-pt\/#\/schema\/logo\/image\/"}}]}},"uagb_featured_image_src":{"full":false,"thumbnail":false,"medium":false,"medium_large":false,"large":false,"1536x1536":false,"2048x2048":false},"uagb_author_info":{"display_name":"adminJULIACUNY","author_link":"https:\/\/www.empower2act.org\/pt-pt\/author\/adminjuliacuny\/"},"uagb_comment_info":0,"uagb_excerpt":"Esta pol\u00edtica de cookies foi atualizada pela \u00faltima vez em 10 de abril de 2025 e aplica-se aos cidad\u00e3os e [&hellip;]","_links":{"self":[{"href":"https:\/\/www.empower2act.org\/pt-pt\/wp-json\/wp\/v2\/pages\/1130","targetHints":{"allow":["GET"]}}],"collection":[{"href":"https:\/\/www.empower2act.org\/pt-pt\/wp-json\/wp\/v2\/pages"}],"about":[{"href":"https:\/\/www.empower2act.org\/pt-pt\/wp-json\/wp\/v2\/types\/page"}],"author":[{"embeddable":true,"href":"https:\/\/www.empower2act.org\/pt-pt\/wp-json\/wp\/v2\/users\/1"}],"replies":[{"embeddable":true,"href":"https:\/\/www.empower2act.org\/pt-pt\/wp-json\/wp\/v2\/comments?post=1130"}],"version-history":[{"count":1,"href":"https:\/\/www.empower2act.org\/pt-pt\/wp-json\/wp\/v2\/pages\/1130\/revisions"}],"predecessor-version":[{"id":1137,"href":"https:\/\/www.empower2act.org\/pt-pt\/wp-json\/wp\/v2\/pages\/1130\/revisions\/1137"}],"wp:attachment":[{"href":"https:\/\/www.empower2act.org\/pt-pt\/wp-json\/wp\/v2\/media?parent=1130"}],"curies":[{"name":"wp","href":"https:\/\/api.w.org\/{rel}","templated":true}]}}