{"id":1224,"date":"2025-06-27T10:06:01","date_gmt":"2025-06-27T08:06:01","guid":{"rendered":"https:\/\/www.empower2act.org\/aviso-legal\/"},"modified":"2025-07-03T09:47:36","modified_gmt":"2025-07-03T07:47:36","slug":"aviso-legal","status":"publish","type":"page","link":"https:\/\/www.empower2act.org\/pt-pt\/aviso-legal\/","title":{"rendered":"Aviso legal"},"content":{"rendered":"\n<h2 class=\"wp-block-heading\">\ud83c\uddea\ud83c\uddfa <strong>AVISO LEGAL<\/strong><\/h2>\n\n<p><strong>\u00daltima atualiza\u00e7\u00e3o<\/strong>: 26 de junho de 2025<\/p>\n\n<h3 class=\"wp-block-heading\">1. Propriet\u00e1rio do site e informa\u00e7\u00f5es de contacto<\/h3>\n\n<p><strong>Propriet\u00e1rio<\/strong>: Funda\u00e7\u00e3o INTRAS<br\/><strong>Site<\/strong>: <a class=\"\" href=\"https:\/\/www.empower2act.org\/pt-pt\/\">https:\/\/www.empower2act.org<\/a><br\/><strong>E-mail de contacto<\/strong>: dpo@intras.es<br\/><strong>Endere\u00e7o postal<\/strong>: <strong>Funda\u00e7\u00e3o INTRAS<\/strong><br\/>C\/ Mart\u00edn Santos Romero, 1. 47016 Valladolid. Telf. 0034 0034 983 399 633 <a href=\"http:\/\/www.intras.es\">www.intras.es<\/a>   <\/p>\n\n<p><\/p>\n\n<hr class=\"wp-block-separator has-alpha-channel-opacity\"\/>\n\n<h3 class=\"wp-block-heading\">2. Termos de utiliza\u00e7\u00e3o<\/h3>\n\n<p>Ao aceder e utilizar este site, adquire o estatuto de utilizador e aceita estes termos de utiliza\u00e7\u00e3o.<\/p>\n\n<p>Os utilizadores concordam em utilizar o site e o seu conte\u00fado de forma legal, respons\u00e1vel e respeitosa. Os seguintes usos s\u00e3o expressamente proibidos: <\/p>\n\n<ul class=\"wp-block-list\">\n<li>Envolver-se em atividades ilegais ou fraudulentas.<\/li>\n\n\n\n<li>Danificar os sistemas f\u00edsicos ou l\u00f3gicos da Fundaci\u00f3n INTRAS, dos seus fornecedores ou de terceiros.<\/li>\n\n\n\n<li>Introdu\u00e7\u00e3o ou dissemina\u00e7\u00e3o de v\u00edrus inform\u00e1ticos ou qualquer outro c\u00f3digo prejudicial.<\/li>\n\n\n\n<li>Tentar obter acesso n\u00e3o autorizado ao site ou sistemas relacionados.<\/li>\n<\/ul>\n\n<p>A Fundaci\u00f3n INTRAS reserva-se o direito de negar o acesso ao site aos utilizadores que n\u00e3o cumpram estas condi\u00e7\u00f5es.<\/p>\n\n<hr class=\"wp-block-separator has-alpha-channel-opacity\"\/>\n\n<h3 class=\"wp-block-heading\">3. Propriedade intelectual<\/h3>\n\n<p>Todo o conte\u00fado deste website, incluindo, entre outros, textos, imagens, gr\u00e1ficos, log\u00f3tipos, designs, c\u00f3digo-fonte e estrutura, \u00e9 propriedade intelectual da Fundaci\u00f3n INTRAS ou dos seus parceiros licenciados e est\u00e1 protegido pelas leis de propriedade intelectual aplic\u00e1veis \u200b\u200bna Uni\u00e3o Europeia.<\/p>\n\n<p>\u00c9 estritamente proibido reproduzir, distribuir, comunicar publicamente ou modificar qualquer conte\u00fado do site sem autoriza\u00e7\u00e3o pr\u00e9via por escrito do propriet\u00e1rio.<\/p>\n\n<hr class=\"wp-block-separator has-alpha-channel-opacity\"\/>\n\n<h3 class=\"wp-block-heading\">4. Links externos<\/h3>\n\n<p>This website may include links to external websites. Fundaci\u00f3n INTRAS has no control over these sites and is not responsible for their content or for any damages that may result from their access or use. <\/p>\n\n<p>A inclus\u00e3o de tais links n\u00e3o implica qualquer tipo de associa\u00e7\u00e3o ou endosso por parte da Fundaci\u00f3n INTRAS.<\/p>\n\n<hr class=\"wp-block-separator has-alpha-channel-opacity\"\/>\n\n<h3 class=\"wp-block-heading\">5.\u00ba Lei aplic\u00e1vel e jurisdi\u00e7\u00e3o<\/h3>\n\n<p>Este aviso legal \u00e9 regido pelas leis da <strong>Uni\u00e3o Europeia<\/strong> e, quando aplic\u00e1vel, pelas leis de <strong>Espanha<\/strong>, incluindo, mas n\u00e3o se limitando a:<\/p>\n\n<ul class=\"wp-block-list\">\n<li><strong>Regulamento (UE) 2016\/679 <\/strong>relativo \u00e0 prote\u00e7\u00e3o de dados pessoais (Regulamento Geral sobre a Prote\u00e7\u00e3o de Dados \u2013 RGPD).<\/li>\n\n\n\n<li><strong>Lei espanhola 34\/2002<\/strong>, de 11 de Julho, dos Servi\u00e7os da Sociedade da Informa\u00e7\u00e3o e Com\u00e9rcio Electr\u00f3nico (LSSI-CE).<\/li>\n<\/ul>\n\n<p>Em caso de qualquer lit\u00edgio, e salvo se exigido de outra forma pelos regulamentos de prote\u00e7\u00e3o do consumidor, as partes concordam em submeter-se \u00e0 jurisdi\u00e7\u00e3o dos tribunais de <strong>Valladolid, Espanha<\/strong>, onde a Fundaci\u00f3n INTRAS est\u00e1 sediada.<\/p>\n\n<hr class=\"wp-block-separator has-alpha-channel-opacity\"\/>\n\n<h3 class=\"wp-block-heading\">\ud83d\udccc Nota<\/h3>\n\n<p>Este Aviso Legal faz parte de um pacote completo de conformidade legal que inclui tamb\u00e9m a nossa <a href=\"https:\/\/www.empower2act.org\/pt-pt\/politica-de-dados\/\">Pol\u00edtica de Privacidade<\/a> e <a href=\"https:\/\/www.empower2act.org\/pt-pt\/politica-de-cookies-ue\/\">Pol\u00edtica de Cookies.<\/a><\/p>\n","protected":false},"excerpt":{"rendered":"<p>\ud83c\uddea\ud83c\uddfa AVISO LEGAL \u00daltima atualiza\u00e7\u00e3o: 26 de junho de 2025 1. Propriet\u00e1rio do site e informa\u00e7\u00f5es de contacto Propriet\u00e1rio: Funda\u00e7\u00e3o [&hellip;]<\/p>\n","protected":false},"author":1,"featured_media":0,"parent":0,"menu_order":0,"comment_status":"closed","ping_status":"closed","template":"","meta":{"_coblocks_attr":"","_coblocks_dimensions":"","_coblocks_responsive_height":"","_coblocks_accordion_ie_support":"","_uag_custom_page_level_css":"","site-sidebar-layout":"default","site-content-layout":"","ast-site-content-layout":"","site-content-style":"default","site-sidebar-style":"default","ast-global-header-display":"","ast-banner-title-visibility":"","ast-main-header-display":"","ast-hfb-above-header-display":"","ast-hfb-below-header-display":"","ast-hfb-mobile-header-display":"","site-post-title":"disabled","ast-breadcrumbs-content":"","ast-featured-img":"","footer-sml-layout":"","ast-disable-related-posts":"","theme-transparent-header-meta":"","adv-header-id-meta":"","stick-header-meta":"","header-above-stick-meta":"","header-main-stick-meta":"","header-below-stick-meta":"","astra-migrate-meta-layouts":"default","ast-page-background-enabled":"default","ast-page-background-meta":{"desktop":{"background-color":"var(--ast-global-color-5)","background-image":"","background-repeat":"repeat","background-position":"center center","background-size":"auto","background-attachment":"scroll","background-type":"","background-media":"","overlay-type":"","overlay-color":"","overlay-opacity":"","overlay-gradient":""},"tablet":{"background-color":"","background-image":"","background-repeat":"repeat","background-position":"center center","background-size":"auto","background-attachment":"scroll","background-type":"","background-media":"","overlay-type":"","overlay-color":"","overlay-opacity":"","overlay-gradient":""},"mobile":{"background-color":"","background-image":"","background-repeat":"repeat","background-position":"center center","background-size":"auto","background-attachment":"scroll","background-type":"","background-media":"","overlay-type":"","overlay-color":"","overlay-opacity":"","overlay-gradient":""}},"ast-content-background-meta":{"desktop":{"background-color":"var(--ast-global-color-4)","background-image":"","background-repeat":"repeat","background-position":"center center","background-size":"auto","background-attachment":"scroll","background-type":"","background-media":"","overlay-type":"","overlay-color":"","overlay-opacity":"","overlay-gradient":""},"tablet":{"background-color":"var(--ast-global-color-4)","background-image":"","background-repeat":"repeat","background-position":"center center","background-size":"auto","background-attachment":"scroll","background-type":"","background-media":"","overlay-type":"","overlay-color":"","overlay-opacity":"","overlay-gradient":""},"mobile":{"background-color":"var(--ast-global-color-4)","background-image":"","background-repeat":"repeat","background-position":"center center","background-size":"auto","background-attachment":"scroll","background-type":"","background-media":"","overlay-type":"","overlay-color":"","overlay-opacity":"","overlay-gradient":""}},"footnotes":""},"class_list":["post-1224","page","type-page","status-publish","hentry"],"yoast_head":"<!-- This site is optimized with the Yoast SEO plugin v27.4 - https:\/\/yoast.com\/product\/yoast-seo-wordpress\/ -->\n<title>Aviso legal -<\/title>\n<meta name=\"robots\" content=\"index, follow, max-snippet:-1, max-image-preview:large, max-video-preview:-1\" \/>\n<link rel=\"canonical\" href=\"https:\/\/www.empower2act.org\/pt-pt\/aviso-legal\/\" \/>\n<meta property=\"og:locale\" content=\"pt_PT\" \/>\n<meta property=\"og:type\" content=\"article\" \/>\n<meta property=\"og:title\" content=\"Aviso legal -\" \/>\n<meta property=\"og:description\" content=\"\ud83c\uddea\ud83c\uddfa AVISO LEGAL \u00daltima atualiza\u00e7\u00e3o: 26 de junho de 2025 1. Propriet\u00e1rio do site e informa\u00e7\u00f5es de contacto Propriet\u00e1rio: Funda\u00e7\u00e3o [&hellip;]\" \/>\n<meta property=\"og:url\" content=\"https:\/\/www.empower2act.org\/pt-pt\/aviso-legal\/\" \/>\n<meta property=\"article:modified_time\" content=\"2025-07-03T07:47:36+00:00\" \/>\n<meta name=\"twitter:card\" content=\"summary_large_image\" \/>\n<meta name=\"twitter:label1\" content=\"Tempo estimado de leitura\" \/>\n\t<meta name=\"twitter:data1\" content=\"2 minutos\" \/>\n<script type=\"application\/ld+json\" class=\"yoast-schema-graph\">{\"@context\":\"https:\\\/\\\/schema.org\",\"@graph\":[{\"@type\":\"WebPage\",\"@id\":\"https:\\\/\\\/www.empower2act.org\\\/pt-pt\\\/aviso-legal\\\/\",\"url\":\"https:\\\/\\\/www.empower2act.org\\\/pt-pt\\\/aviso-legal\\\/\",\"name\":\"Aviso legal -\",\"isPartOf\":{\"@id\":\"https:\\\/\\\/www.empower2act.org\\\/pt-pt\\\/#website\"},\"datePublished\":\"2025-06-27T08:06:01+00:00\",\"dateModified\":\"2025-07-03T07:47:36+00:00\",\"breadcrumb\":{\"@id\":\"https:\\\/\\\/www.empower2act.org\\\/pt-pt\\\/aviso-legal\\\/#breadcrumb\"},\"inLanguage\":\"pt-PT\",\"potentialAction\":[{\"@type\":\"ReadAction\",\"target\":[\"https:\\\/\\\/www.empower2act.org\\\/pt-pt\\\/aviso-legal\\\/\"]}]},{\"@type\":\"BreadcrumbList\",\"@id\":\"https:\\\/\\\/www.empower2act.org\\\/pt-pt\\\/aviso-legal\\\/#breadcrumb\",\"itemListElement\":[{\"@type\":\"ListItem\",\"position\":1,\"name\":\"Portada\",\"item\":\"https:\\\/\\\/www.empower2act.org\\\/pt-pt\\\/\"},{\"@type\":\"ListItem\",\"position\":2,\"name\":\"Aviso legal\"}]},{\"@type\":\"WebSite\",\"@id\":\"https:\\\/\\\/www.empower2act.org\\\/pt-pt\\\/#website\",\"url\":\"https:\\\/\\\/www.empower2act.org\\\/pt-pt\\\/\",\"name\":\"empower2act\",\"description\":\"\",\"publisher\":{\"@id\":\"https:\\\/\\\/www.empower2act.org\\\/pt-pt\\\/#organization\"},\"potentialAction\":[{\"@type\":\"SearchAction\",\"target\":{\"@type\":\"EntryPoint\",\"urlTemplate\":\"https:\\\/\\\/www.empower2act.org\\\/pt-pt\\\/?s={search_term_string}\"},\"query-input\":{\"@type\":\"PropertyValueSpecification\",\"valueRequired\":true,\"valueName\":\"search_term_string\"}}],\"inLanguage\":\"pt-PT\"},{\"@type\":\"Organization\",\"@id\":\"https:\\\/\\\/www.empower2act.org\\\/pt-pt\\\/#organization\",\"name\":\"empower2act\",\"url\":\"https:\\\/\\\/www.empower2act.org\\\/pt-pt\\\/\",\"logo\":{\"@type\":\"ImageObject\",\"inLanguage\":\"pt-PT\",\"@id\":\"https:\\\/\\\/www.empower2act.org\\\/pt-pt\\\/#\\\/schema\\\/logo\\\/image\\\/\",\"url\":\"https:\\\/\\\/www.empower2act.org\\\/wp-content\\\/uploads\\\/2025\\\/01\\\/IDEA-LOGO.jpg\",\"contentUrl\":\"https:\\\/\\\/www.empower2act.org\\\/wp-content\\\/uploads\\\/2025\\\/01\\\/IDEA-LOGO.jpg\",\"width\":1213,\"height\":411,\"caption\":\"empower2act\"},\"image\":{\"@id\":\"https:\\\/\\\/www.empower2act.org\\\/pt-pt\\\/#\\\/schema\\\/logo\\\/image\\\/\"}}]}<\/script>\n<!-- \/ Yoast SEO plugin. -->","yoast_head_json":{"title":"Aviso legal -","robots":{"index":"index","follow":"follow","max-snippet":"max-snippet:-1","max-image-preview":"max-image-preview:large","max-video-preview":"max-video-preview:-1"},"canonical":"https:\/\/www.empower2act.org\/pt-pt\/aviso-legal\/","og_locale":"pt_PT","og_type":"article","og_title":"Aviso legal -","og_description":"\ud83c\uddea\ud83c\uddfa AVISO LEGAL \u00daltima atualiza\u00e7\u00e3o: 26 de junho de 2025 1. Propriet\u00e1rio do site e informa\u00e7\u00f5es de contacto Propriet\u00e1rio: Funda\u00e7\u00e3o [&hellip;]","og_url":"https:\/\/www.empower2act.org\/pt-pt\/aviso-legal\/","article_modified_time":"2025-07-03T07:47:36+00:00","twitter_card":"summary_large_image","twitter_misc":{"Tempo estimado de leitura":"2 minutos"},"schema":{"@context":"https:\/\/schema.org","@graph":[{"@type":"WebPage","@id":"https:\/\/www.empower2act.org\/pt-pt\/aviso-legal\/","url":"https:\/\/www.empower2act.org\/pt-pt\/aviso-legal\/","name":"Aviso legal -","isPartOf":{"@id":"https:\/\/www.empower2act.org\/pt-pt\/#website"},"datePublished":"2025-06-27T08:06:01+00:00","dateModified":"2025-07-03T07:47:36+00:00","breadcrumb":{"@id":"https:\/\/www.empower2act.org\/pt-pt\/aviso-legal\/#breadcrumb"},"inLanguage":"pt-PT","potentialAction":[{"@type":"ReadAction","target":["https:\/\/www.empower2act.org\/pt-pt\/aviso-legal\/"]}]},{"@type":"BreadcrumbList","@id":"https:\/\/www.empower2act.org\/pt-pt\/aviso-legal\/#breadcrumb","itemListElement":[{"@type":"ListItem","position":1,"name":"Portada","item":"https:\/\/www.empower2act.org\/pt-pt\/"},{"@type":"ListItem","position":2,"name":"Aviso legal"}]},{"@type":"WebSite","@id":"https:\/\/www.empower2act.org\/pt-pt\/#website","url":"https:\/\/www.empower2act.org\/pt-pt\/","name":"empower2act","description":"","publisher":{"@id":"https:\/\/www.empower2act.org\/pt-pt\/#organization"},"potentialAction":[{"@type":"SearchAction","target":{"@type":"EntryPoint","urlTemplate":"https:\/\/www.empower2act.org\/pt-pt\/?s={search_term_string}"},"query-input":{"@type":"PropertyValueSpecification","valueRequired":true,"valueName":"search_term_string"}}],"inLanguage":"pt-PT"},{"@type":"Organization","@id":"https:\/\/www.empower2act.org\/pt-pt\/#organization","name":"empower2act","url":"https:\/\/www.empower2act.org\/pt-pt\/","logo":{"@type":"ImageObject","inLanguage":"pt-PT","@id":"https:\/\/www.empower2act.org\/pt-pt\/#\/schema\/logo\/image\/","url":"https:\/\/www.empower2act.org\/wp-content\/uploads\/2025\/01\/IDEA-LOGO.jpg","contentUrl":"https:\/\/www.empower2act.org\/wp-content\/uploads\/2025\/01\/IDEA-LOGO.jpg","width":1213,"height":411,"caption":"empower2act"},"image":{"@id":"https:\/\/www.empower2act.org\/pt-pt\/#\/schema\/logo\/image\/"}}]}},"uagb_featured_image_src":{"full":false,"thumbnail":false,"medium":false,"medium_large":false,"large":false,"1536x1536":false,"2048x2048":false},"uagb_author_info":{"display_name":"adminJULIACUNY","author_link":"https:\/\/www.empower2act.org\/pt-pt\/author\/adminjuliacuny\/"},"uagb_comment_info":0,"uagb_excerpt":"\ud83c\uddea\ud83c\uddfa AVISO LEGAL \u00daltima atualiza\u00e7\u00e3o: 26 de junho de 2025 1. Propriet\u00e1rio do site e informa\u00e7\u00f5es de contacto Propriet\u00e1rio: Funda\u00e7\u00e3o [&hellip;]","_links":{"self":[{"href":"https:\/\/www.empower2act.org\/pt-pt\/wp-json\/wp\/v2\/pages\/1224","targetHints":{"allow":["GET"]}}],"collection":[{"href":"https:\/\/www.empower2act.org\/pt-pt\/wp-json\/wp\/v2\/pages"}],"about":[{"href":"https:\/\/www.empower2act.org\/pt-pt\/wp-json\/wp\/v2\/types\/page"}],"author":[{"embeddable":true,"href":"https:\/\/www.empower2act.org\/pt-pt\/wp-json\/wp\/v2\/users\/1"}],"replies":[{"embeddable":true,"href":"https:\/\/www.empower2act.org\/pt-pt\/wp-json\/wp\/v2\/comments?post=1224"}],"version-history":[{"count":1,"href":"https:\/\/www.empower2act.org\/pt-pt\/wp-json\/wp\/v2\/pages\/1224\/revisions"}],"predecessor-version":[{"id":1231,"href":"https:\/\/www.empower2act.org\/pt-pt\/wp-json\/wp\/v2\/pages\/1224\/revisions\/1231"}],"wp:attachment":[{"href":"https:\/\/www.empower2act.org\/pt-pt\/wp-json\/wp\/v2\/media?parent=1224"}],"curies":[{"name":"wp","href":"https:\/\/api.w.org\/{rel}","templated":true}]}}