{"id":712,"date":"2025-04-09T14:14:08","date_gmt":"2025-04-09T12:14:08","guid":{"rendered":"https:\/\/www.empower2act.org\/spojena-skola-kollarova-17-secovce\/"},"modified":"2025-05-19T11:57:07","modified_gmt":"2025-05-19T09:57:07","slug":"spojena-skola-kollarova-17-secovce","status":"publish","type":"page","link":"https:\/\/www.empower2act.org\/pt-pt\/spojena-skola-kollarova-17-secovce\/","title":{"rendered":"Spojena Skola Kollarova 17, Secovce"},"content":{"rendered":"\n<div class=\"wp-block-uagb-image uagb-block-c492ccd6 wp-block-uagb-image--layout-default wp-block-uagb-image--effect-static wp-block-uagb-image--align-none\"><figure class=\"wp-block-uagb-image__figure\"><img decoding=\"async\" srcset=\"https:\/\/www.empower2act.org\/wp-content\/uploads\/2025\/05\/SOMOS-1.gif ,https:\/\/www.empower2act.org\/wp-content\/uploads\/2025\/05\/SOMOS-1.gif 780w, https:\/\/www.empower2act.org\/wp-content\/uploads\/2025\/05\/SOMOS-1.gif 360w\" sizes=\"auto, (max-width: 480px) 150px\" src=\"https:\/\/www.empower2act.org\/wp-content\/uploads\/2025\/05\/SOMOS-1.gif\" alt=\"\" class=\"uag-image-237\" width=\"385\" height=\"178\" title=\"QUEM SOMOS\" loading=\"lazy\" role=\"img\"><\/figure><\/div>\n\n<hr class=\"wp-block-separator has-alpha-channel-opacity\"\/>\n\n<div class=\"wp-block-uagb-image aligncenter uagb-block-d43ce1f1 wp-block-uagb-image--layout-default wp-block-uagb-image--effect-static wp-block-uagb-image--align-center\"><figure class=\"wp-block-uagb-image__figure\"><img decoding=\"async\" srcset=\"https:\/\/www.empower2act.org\/wp-content\/uploads\/2025\/03\/SPOJENA-SKOLA-KOLLAROVA-17-SECOVCE-1.jpg ,https:\/\/www.empower2act.org\/wp-content\/uploads\/2025\/03\/SPOJENA-SKOLA-KOLLAROVA-17-SECOVCE-1.jpg 780w, https:\/\/www.empower2act.org\/wp-content\/uploads\/2025\/03\/SPOJENA-SKOLA-KOLLAROVA-17-SECOVCE-1.jpg 360w\" sizes=\"auto, (max-width: 480px) 150px\" src=\"https:\/\/www.empower2act.org\/wp-content\/uploads\/2025\/03\/SPOJENA-SKOLA-KOLLAROVA-17-SECOVCE-1.jpg\" alt=\"\" class=\"uag-image-221\" width=\"431\" height=\"432\" title=\"SPOJENA SKOLA KOLLAROVA 17, SECOVCE\" loading=\"lazy\" role=\"img\"><\/figure><\/div>\n\n<p>Localizada na parte oriental da Eslov\u00e1quia, a nossa escola \u00e9 constitu\u00edda por uma Escola Secund\u00e1ria Geral e uma Escola Secund\u00e1ria Profissional de Tecnologia e Servi\u00e7os. A Escola Secund\u00e1ria Geral oferece 4 anos de educa\u00e7\u00e3o geral e um programa de 8 anos em tecnologias da informa\u00e7\u00e3o. <\/p>\n\n<p>A Escola Profissional oferece forma\u00e7\u00e3o em TI, engenharia e prote\u00e7\u00e3o de pessoas e bens, com programas que conduzem a diplomas de n\u00edvel A e certificados profissionais.<\/p>\n\n<p>Com cerca de 800 alunos com idades entre os 15 e os 20 anos, a escola incentiva a participa\u00e7\u00e3o em competi\u00e7\u00f5es e atividades extracurriculares, incluindo desporto, l\u00ednguas estrangeiras e compet\u00eancias pr\u00e1ticas.<\/p>\n\n<p>Valoriza projetos internacionais, tendo participado em simula\u00e7\u00f5es da UNESCO em Buenos Aires, Nova Iorque e Istambul desde 2004. <\/p>\n\n<div class=\"wp-block-group is-nowrap is-layout-flex wp-container-core-group-is-layout-6c531013 wp-block-group-is-layout-flex\">\n<div class=\"wp-block-uagb-container uagb-block-7cca70a9 alignfull uagb-is-root-container\"><div class=\"uagb-container-inner-blocks-wrap\">\n<div class=\"wp-block-uagb-info-box uagb-block-abbb4464 uagb-infobox__content-wrap  uagb-infobox-icon-above-title uagb-infobox-image-valign-top\"><div class=\"uagb-ifb-content\"><div class=\"uagb-ifb-icon-wrap\"><svg xmlns=\"https:\/\/www.w3.org\/2000\/svg\" viewbox=\"0 0 512 512\"><path d=\"M256 0C114.6 0 0 114.6 0 256s114.6 256 256 256s256-114.6 256-256S397.4 0 256 0zM256 128c17.67 0 32 14.33 32 32c0 17.67-14.33 32-32 32S224 177.7 224 160C224 142.3 238.3 128 256 128zM296 384h-80C202.8 384 192 373.3 192 360s10.75-24 24-24h16v-64H224c-13.25 0-24-10.75-24-24S210.8 224 224 224h32c13.25 0 24 10.75 24 24v88h16c13.25 0 24 10.75 24 24S309.3 384 296 384z\"><\/path><\/svg><\/div><div class=\"uagb-ifb-title-wrap\"><h3 class=\"uagb-ifb-title\"><strong>CONTACTA-NOS ATRAV\u00c9S DO NOSSO SITE<\/strong><\/h3><\/div><p class=\"uagb-ifb-desc\"><a href=\"https:\/\/gdusecovce.edupage.org\/\">gdusecovce.edupage.org<\/a><\/p><\/div><\/div>\n<\/div><\/div>\n<\/div>\n\n<div class=\"wp-block-group alignfull has-ast-global-color-3-background-color has-background is-layout-constrained wp-container-core-group-is-layout-cfcca693 wp-block-group-is-layout-constrained\" id=\"contact\" style=\"padding-top:104px;padding-bottom:104px;background-image:url(&apos;https:\/\/www.empower2act.org\/wp-content\/uploads\/2025\/03\/FOOTER-IMAGEN.gif&apos;);background-size:cover;\">\n<div class=\"wp-block-columns alignfull is-layout-flex wp-container-core-columns-is-layout-28f84493 wp-block-columns-is-layout-flex\">\n<div class=\"wp-block-column is-layout-flow wp-block-column-is-layout-flow\"><\/div>\n\n\n\n<div class=\"wp-block-column is-layout-flow wp-block-column-is-layout-flow\">\n<div class=\"wp-block-uagb-image aligncenter uagb-block-d3d4b727 wp-block-uagb-image--layout-default wp-block-uagb-image--effect-static wp-block-uagb-image--align-center\"><figure class=\"wp-block-uagb-image__figure\"><img decoding=\"async\" srcset=\"https:\/\/www.empower2act.org\/wp-content\/uploads\/2025\/03\/LOGO-EMPOWER-white.gif ,https:\/\/www.empower2act.org\/wp-content\/uploads\/2025\/03\/LOGO-EMPOWER-white.gif 780w, https:\/\/www.empower2act.org\/wp-content\/uploads\/2025\/03\/LOGO-EMPOWER-white.gif 360w\" sizes=\"auto, (max-width: 480px) 150px\" src=\"https:\/\/www.empower2act.org\/wp-content\/uploads\/2025\/03\/LOGO-EMPOWER-white.gif\" alt=\"\" class=\"uag-image-225\" width=\"257\" height=\"101\" title=\"LOGO-EMPOWER-white\" loading=\"lazy\" role=\"img\"\/><\/figure><\/div>\n\n\n\n<p class=\"has-text-align-center has-ast-global-color-4-color has-text-color has-link-color has-medium-font-size wp-elements-eb60cd29e15c5f24ab7e3a932bf5bacf\" style=\"margin-top:var(--wp--preset--spacing--20);margin-bottom:var(--wp--preset--spacing--20)\">Segue-nos nas redes sociais<\/p>\n\n\n\n<div class=\"wp-block-group has-small-font-size is-content-justification-center is-nowrap is-layout-flex wp-container-core-group-is-layout-23441af8 wp-block-group-is-layout-flex\">      \n\t\t\t<div data-aos= \"zoom-in\" data-aos-duration=\"400\" data-aos-delay=\"0\" data-aos-easing=\"ease\" data-aos-once=\"true\" class=\"uagb-icon-wrapper uagb-block-ad806a6f      \"\n\t\t\tstyle=\"\" >\n\t\t\t\t\t\t\t\t\t<span class=\"uagb-svg-wrapper\" \n\t\t\t\t\t aria-label=\"tiktok\"\t\t\t\t\ttabindex=\"0\">\t\t\n\t\t\t\t\t\t\t\t\t\t<a rel=\"noopener noreferrer\" href=\"https:\/\/www.tiktok.com\/@empower2actproject\" target=\"_self\"><svg xmlns=\"https:\/\/www.w3.org\/2000\/svg\" viewBox= \"0 0 448 512\" role=\"graphics-symbol\" aria-hidden=\"false\" aria-label=\"\"><path d=\"M448 209.9a210.1 210.1 0 0 1 -122.8-39.25V349.4A162.6 162.6 0 1 1 185 188.3V278.2a74.62 74.62 0 1 0 52.23 71.18V0l88 0a121.2 121.2 0 0 0 1.86 22.17h0A122.2 122.2 0 0 0 381 102.4a121.4 121.4 0 0 0 67 20.14z\"><\/path><\/svg><\/a>\n\t\t\t\t\t\t\t\t\t<\/span>\n\t\t\t\t\t\t\t<\/div>\n\t\t\t\n\n      \n\t\t\t<div class=\"uagb-icon-wrapper uagb-block-7ab65e9d      \"\n\t\t\tstyle=\"\" >\n\t\t\t\t\t\t\t\t\t<span class=\"uagb-svg-wrapper\" \n\t\t\t\t\t aria-label=\"instagram\"\t\t\t\t\ttabindex=\"0\">\t\t\n\t\t\t\t\t\t\t\t\t\t<a rel=\"noopener noreferrer\" href=\"https:\/\/www.instagram.com\/empower2actproject\/%20\" target=\"_self\"><svg xmlns=\"https:\/\/www.w3.org\/2000\/svg\" viewBox= \"0 0 448 512\" role=\"graphics-symbol\" aria-hidden=\"false\" aria-label=\"\"><path d=\"M224.1 141c-63.6 0-114.9 51.3-114.9 114.9s51.3 114.9 114.9 114.9S339 319.5 339 255.9 287.7 141 224.1 141zm0 189.6c-41.1 0-74.7-33.5-74.7-74.7s33.5-74.7 74.7-74.7 74.7 33.5 74.7 74.7-33.6 74.7-74.7 74.7zm146.4-194.3c0 14.9-12 26.8-26.8 26.8-14.9 0-26.8-12-26.8-26.8s12-26.8 26.8-26.8 26.8 12 26.8 26.8zm76.1 27.2c-1.7-35.9-9.9-67.7-36.2-93.9-26.2-26.2-58-34.4-93.9-36.2-37-2.1-147.9-2.1-184.9 0-35.8 1.7-67.6 9.9-93.9 36.1s-34.4 58-36.2 93.9c-2.1 37-2.1 147.9 0 184.9 1.7 35.9 9.9 67.7 36.2 93.9s58 34.4 93.9 36.2c37 2.1 147.9 2.1 184.9 0 35.9-1.7 67.7-9.9 93.9-36.2 26.2-26.2 34.4-58 36.2-93.9 2.1-37 2.1-147.8 0-184.8zM398.8 388c-7.8 19.6-22.9 34.7-42.6 42.6-29.5 11.7-99.5 9-132.1 9s-102.7 2.6-132.1-9c-19.6-7.8-34.7-22.9-42.6-42.6-11.7-29.5-9-99.5-9-132.1s-2.6-102.7 9-132.1c7.8-19.6 22.9-34.7 42.6-42.6 29.5-11.7 99.5-9 132.1-9s102.7-2.6 132.1 9c19.6 7.8 34.7 22.9 42.6 42.6 11.7 29.5 9 99.5 9 132.1s2.7 102.7-9 132.1z\"><\/path><\/svg><\/a>\n\t\t\t\t\t\t\t\t\t<\/span>\n\t\t\t\t\t\t\t<\/div>\n\t\t\t<\/div>\n\n\n\n<div class=\"wp-block-uagb-image uagb-block-db9168d9 wp-block-uagb-image--layout-default wp-block-uagb-image--effect-static wp-block-uagb-image--align-none\"><figure class=\"wp-block-uagb-image__figure\"><img decoding=\"async\" srcset=\"https:\/\/www.empower2act.org\/wp-content\/uploads\/2025\/03\/LOGO-EU-co-funded.gif ,https:\/\/www.empower2act.org\/wp-content\/uploads\/2025\/03\/LOGO-EU-co-funded.gif 780w, https:\/\/www.empower2act.org\/wp-content\/uploads\/2025\/03\/LOGO-EU-co-funded.gif 360w\" sizes=\"auto, (max-width: 480px) 150px\" src=\"https:\/\/www.empower2act.org\/wp-content\/uploads\/2025\/03\/LOGO-EU-co-funded.gif\" alt=\"\" class=\"uag-image-231\" width=\"234\" height=\"56\" title=\"LOGO-EU-co-funded\" loading=\"lazy\" role=\"img\"\/><\/figure><\/div>\n\n\n\n<p class=\"has-text-align-center has-ast-global-color-4-color has-text-color has-link-color has-small-font-size wp-elements-cbb9cc436d4d6f25e05bcae201013707\">2024-1-PT01-KA220-SCH-000243565<br>Financiado pela Uni\u00e3o Europeia. As opini\u00f5es e pontos de vista expressos s\u00e3o, no entanto, apenas do(s) autor(es) e n\u00e3o refletem necessariamente as da Uni\u00e3o Europeia ou da Ag\u00eancia Nacional Erasmus+ Educa\u00e7\u00e3o e Forma\u00e7\u00e3o. Nem a Uni\u00e3o Europeia nem a autoridade concedente podem ser responsabilizadas por elas.  <\/p>\n<\/div>\n<\/div>\n<\/div>\n","protected":false},"excerpt":{"rendered":"<p>Localizada na parte oriental da Eslov\u00e1quia, a nossa escola \u00e9 constitu\u00edda por uma Escola Secund\u00e1ria Geral e uma Escola Secund\u00e1ria [&hellip;]<\/p>\n","protected":false},"author":1,"featured_media":0,"parent":0,"menu_order":0,"comment_status":"closed","ping_status":"closed","template":"","meta":{"_coblocks_attr":"","_coblocks_dimensions":"","_coblocks_responsive_height":"","_coblocks_accordion_ie_support":"","_uag_custom_page_level_css":"","site-sidebar-layout":"default","site-content-layout":"","ast-site-content-layout":"","site-content-style":"default","site-sidebar-style":"default","ast-global-header-display":"","ast-banner-title-visibility":"","ast-main-header-display":"","ast-hfb-above-header-display":"","ast-hfb-below-header-display":"","ast-hfb-mobile-header-display":"","site-post-title":"disabled","ast-breadcrumbs-content":"","ast-featured-img":"","footer-sml-layout":"","ast-disable-related-posts":"","theme-transparent-header-meta":"","adv-header-id-meta":"","stick-header-meta":"","header-above-stick-meta":"","header-main-stick-meta":"","header-below-stick-meta":"","astra-migrate-meta-layouts":"default","ast-page-background-enabled":"default","ast-page-background-meta":{"desktop":{"background-color":"var(--ast-global-color-5)","background-image":"","background-repeat":"repeat","background-position":"center center","background-size":"auto","background-attachment":"scroll","background-type":"","background-media":"","overlay-type":"","overlay-color":"","overlay-opacity":"","overlay-gradient":""},"tablet":{"background-color":"","background-image":"","background-repeat":"repeat","background-position":"center center","background-size":"auto","background-attachment":"scroll","background-type":"","background-media":"","overlay-type":"","overlay-color":"","overlay-opacity":"","overlay-gradient":""},"mobile":{"background-color":"","background-image":"","background-repeat":"repeat","background-position":"center center","background-size":"auto","background-attachment":"scroll","background-type":"","background-media":"","overlay-type":"","overlay-color":"","overlay-opacity":"","overlay-gradient":""}},"ast-content-background-meta":{"desktop":{"background-color":"var(--ast-global-color-4)","background-image":"","background-repeat":"repeat","background-position":"center center","background-size":"auto","background-attachment":"scroll","background-type":"","background-media":"","overlay-type":"","overlay-color":"","overlay-opacity":"","overlay-gradient":""},"tablet":{"background-color":"var(--ast-global-color-4)","background-image":"","background-repeat":"repeat","background-position":"center center","background-size":"auto","background-attachment":"scroll","background-type":"","background-media":"","overlay-type":"","overlay-color":"","overlay-opacity":"","overlay-gradient":""},"mobile":{"background-color":"var(--ast-global-color-4)","background-image":"","background-repeat":"repeat","background-position":"center center","background-size":"auto","background-attachment":"scroll","background-type":"","background-media":"","overlay-type":"","overlay-color":"","overlay-opacity":"","overlay-gradient":""}},"footnotes":""},"class_list":["post-712","page","type-page","status-publish","hentry"],"yoast_head":"<!-- This site is optimized with the Yoast SEO plugin v27.4 - https:\/\/yoast.com\/product\/yoast-seo-wordpress\/ -->\n<title>Spojena Skola Kollarova 17, Secovce -<\/title>\n<meta name=\"robots\" content=\"index, follow, max-snippet:-1, max-image-preview:large, max-video-preview:-1\" \/>\n<link rel=\"canonical\" href=\"https:\/\/www.empower2act.org\/pt-pt\/spojena-skola-kollarova-17-secovce\/\" \/>\n<meta property=\"og:locale\" content=\"pt_PT\" \/>\n<meta property=\"og:type\" content=\"article\" \/>\n<meta property=\"og:title\" content=\"Spojena Skola Kollarova 17, Secovce -\" \/>\n<meta property=\"og:description\" content=\"Localizada na parte oriental da Eslov\u00e1quia, a nossa escola \u00e9 constitu\u00edda por uma Escola Secund\u00e1ria Geral e uma Escola Secund\u00e1ria [&hellip;]\" \/>\n<meta property=\"og:url\" content=\"https:\/\/www.empower2act.org\/pt-pt\/spojena-skola-kollarova-17-secovce\/\" \/>\n<meta property=\"article:modified_time\" content=\"2025-05-19T09:57:07+00:00\" \/>\n<meta property=\"og:image\" content=\"https:\/\/www.empower2act.org\/wp-content\/uploads\/2025\/03\/WE-ARE.gif\" \/>\n<meta name=\"twitter:card\" content=\"summary_large_image\" \/>\n<meta name=\"twitter:label1\" content=\"Tempo estimado de leitura\" \/>\n\t<meta name=\"twitter:data1\" content=\"2 minutos\" \/>\n<script type=\"application\/ld+json\" class=\"yoast-schema-graph\">{\"@context\":\"https:\\\/\\\/schema.org\",\"@graph\":[{\"@type\":\"WebPage\",\"@id\":\"https:\\\/\\\/www.empower2act.org\\\/pt-pt\\\/spojena-skola-kollarova-17-secovce\\\/\",\"url\":\"https:\\\/\\\/www.empower2act.org\\\/pt-pt\\\/spojena-skola-kollarova-17-secovce\\\/\",\"name\":\"Spojena Skola Kollarova 17, Secovce -\",\"isPartOf\":{\"@id\":\"https:\\\/\\\/www.empower2act.org\\\/pt-pt\\\/#website\"},\"primaryImageOfPage\":{\"@id\":\"https:\\\/\\\/www.empower2act.org\\\/pt-pt\\\/spojena-skola-kollarova-17-secovce\\\/#primaryimage\"},\"image\":{\"@id\":\"https:\\\/\\\/www.empower2act.org\\\/pt-pt\\\/spojena-skola-kollarova-17-secovce\\\/#primaryimage\"},\"thumbnailUrl\":\"https:\\\/\\\/www.empower2act.org\\\/wp-content\\\/uploads\\\/2025\\\/05\\\/SOMOS-1.gif\",\"datePublished\":\"2025-04-09T12:14:08+00:00\",\"dateModified\":\"2025-05-19T09:57:07+00:00\",\"breadcrumb\":{\"@id\":\"https:\\\/\\\/www.empower2act.org\\\/pt-pt\\\/spojena-skola-kollarova-17-secovce\\\/#breadcrumb\"},\"inLanguage\":\"pt-PT\",\"potentialAction\":[{\"@type\":\"ReadAction\",\"target\":[\"https:\\\/\\\/www.empower2act.org\\\/pt-pt\\\/spojena-skola-kollarova-17-secovce\\\/\"]}]},{\"@type\":\"ImageObject\",\"inLanguage\":\"pt-PT\",\"@id\":\"https:\\\/\\\/www.empower2act.org\\\/pt-pt\\\/spojena-skola-kollarova-17-secovce\\\/#primaryimage\",\"url\":\"https:\\\/\\\/www.empower2act.org\\\/wp-content\\\/uploads\\\/2025\\\/05\\\/SOMOS-1.gif\",\"contentUrl\":\"https:\\\/\\\/www.empower2act.org\\\/wp-content\\\/uploads\\\/2025\\\/05\\\/SOMOS-1.gif\"},{\"@type\":\"BreadcrumbList\",\"@id\":\"https:\\\/\\\/www.empower2act.org\\\/pt-pt\\\/spojena-skola-kollarova-17-secovce\\\/#breadcrumb\",\"itemListElement\":[{\"@type\":\"ListItem\",\"position\":1,\"name\":\"Portada\",\"item\":\"https:\\\/\\\/www.empower2act.org\\\/pt-pt\\\/\"},{\"@type\":\"ListItem\",\"position\":2,\"name\":\"Spojena Skola Kollarova 17, Secovce\"}]},{\"@type\":\"WebSite\",\"@id\":\"https:\\\/\\\/www.empower2act.org\\\/pt-pt\\\/#website\",\"url\":\"https:\\\/\\\/www.empower2act.org\\\/pt-pt\\\/\",\"name\":\"empower2act\",\"description\":\"\",\"publisher\":{\"@id\":\"https:\\\/\\\/www.empower2act.org\\\/pt-pt\\\/#organization\"},\"potentialAction\":[{\"@type\":\"SearchAction\",\"target\":{\"@type\":\"EntryPoint\",\"urlTemplate\":\"https:\\\/\\\/www.empower2act.org\\\/pt-pt\\\/?s={search_term_string}\"},\"query-input\":{\"@type\":\"PropertyValueSpecification\",\"valueRequired\":true,\"valueName\":\"search_term_string\"}}],\"inLanguage\":\"pt-PT\"},{\"@type\":\"Organization\",\"@id\":\"https:\\\/\\\/www.empower2act.org\\\/pt-pt\\\/#organization\",\"name\":\"empower2act\",\"url\":\"https:\\\/\\\/www.empower2act.org\\\/pt-pt\\\/\",\"logo\":{\"@type\":\"ImageObject\",\"inLanguage\":\"pt-PT\",\"@id\":\"https:\\\/\\\/www.empower2act.org\\\/pt-pt\\\/#\\\/schema\\\/logo\\\/image\\\/\",\"url\":\"https:\\\/\\\/www.empower2act.org\\\/wp-content\\\/uploads\\\/2025\\\/01\\\/IDEA-LOGO.jpg\",\"contentUrl\":\"https:\\\/\\\/www.empower2act.org\\\/wp-content\\\/uploads\\\/2025\\\/01\\\/IDEA-LOGO.jpg\",\"width\":1213,\"height\":411,\"caption\":\"empower2act\"},\"image\":{\"@id\":\"https:\\\/\\\/www.empower2act.org\\\/pt-pt\\\/#\\\/schema\\\/logo\\\/image\\\/\"}}]}<\/script>\n<!-- \/ Yoast SEO plugin. -->","yoast_head_json":{"title":"Spojena Skola Kollarova 17, Secovce -","robots":{"index":"index","follow":"follow","max-snippet":"max-snippet:-1","max-image-preview":"max-image-preview:large","max-video-preview":"max-video-preview:-1"},"canonical":"https:\/\/www.empower2act.org\/pt-pt\/spojena-skola-kollarova-17-secovce\/","og_locale":"pt_PT","og_type":"article","og_title":"Spojena Skola Kollarova 17, Secovce -","og_description":"Localizada na parte oriental da Eslov\u00e1quia, a nossa escola \u00e9 constitu\u00edda por uma Escola Secund\u00e1ria Geral e uma Escola Secund\u00e1ria [&hellip;]","og_url":"https:\/\/www.empower2act.org\/pt-pt\/spojena-skola-kollarova-17-secovce\/","article_modified_time":"2025-05-19T09:57:07+00:00","og_image":[{"url":"https:\/\/www.empower2act.org\/wp-content\/uploads\/2025\/03\/WE-ARE.gif","type":"","width":"","height":""}],"twitter_card":"summary_large_image","twitter_misc":{"Tempo estimado de leitura":"2 minutos"},"schema":{"@context":"https:\/\/schema.org","@graph":[{"@type":"WebPage","@id":"https:\/\/www.empower2act.org\/pt-pt\/spojena-skola-kollarova-17-secovce\/","url":"https:\/\/www.empower2act.org\/pt-pt\/spojena-skola-kollarova-17-secovce\/","name":"Spojena Skola Kollarova 17, Secovce -","isPartOf":{"@id":"https:\/\/www.empower2act.org\/pt-pt\/#website"},"primaryImageOfPage":{"@id":"https:\/\/www.empower2act.org\/pt-pt\/spojena-skola-kollarova-17-secovce\/#primaryimage"},"image":{"@id":"https:\/\/www.empower2act.org\/pt-pt\/spojena-skola-kollarova-17-secovce\/#primaryimage"},"thumbnailUrl":"https:\/\/www.empower2act.org\/wp-content\/uploads\/2025\/05\/SOMOS-1.gif","datePublished":"2025-04-09T12:14:08+00:00","dateModified":"2025-05-19T09:57:07+00:00","breadcrumb":{"@id":"https:\/\/www.empower2act.org\/pt-pt\/spojena-skola-kollarova-17-secovce\/#breadcrumb"},"inLanguage":"pt-PT","potentialAction":[{"@type":"ReadAction","target":["https:\/\/www.empower2act.org\/pt-pt\/spojena-skola-kollarova-17-secovce\/"]}]},{"@type":"ImageObject","inLanguage":"pt-PT","@id":"https:\/\/www.empower2act.org\/pt-pt\/spojena-skola-kollarova-17-secovce\/#primaryimage","url":"https:\/\/www.empower2act.org\/wp-content\/uploads\/2025\/05\/SOMOS-1.gif","contentUrl":"https:\/\/www.empower2act.org\/wp-content\/uploads\/2025\/05\/SOMOS-1.gif"},{"@type":"BreadcrumbList","@id":"https:\/\/www.empower2act.org\/pt-pt\/spojena-skola-kollarova-17-secovce\/#breadcrumb","itemListElement":[{"@type":"ListItem","position":1,"name":"Portada","item":"https:\/\/www.empower2act.org\/pt-pt\/"},{"@type":"ListItem","position":2,"name":"Spojena Skola Kollarova 17, Secovce"}]},{"@type":"WebSite","@id":"https:\/\/www.empower2act.org\/pt-pt\/#website","url":"https:\/\/www.empower2act.org\/pt-pt\/","name":"empower2act","description":"","publisher":{"@id":"https:\/\/www.empower2act.org\/pt-pt\/#organization"},"potentialAction":[{"@type":"SearchAction","target":{"@type":"EntryPoint","urlTemplate":"https:\/\/www.empower2act.org\/pt-pt\/?s={search_term_string}"},"query-input":{"@type":"PropertyValueSpecification","valueRequired":true,"valueName":"search_term_string"}}],"inLanguage":"pt-PT"},{"@type":"Organization","@id":"https:\/\/www.empower2act.org\/pt-pt\/#organization","name":"empower2act","url":"https:\/\/www.empower2act.org\/pt-pt\/","logo":{"@type":"ImageObject","inLanguage":"pt-PT","@id":"https:\/\/www.empower2act.org\/pt-pt\/#\/schema\/logo\/image\/","url":"https:\/\/www.empower2act.org\/wp-content\/uploads\/2025\/01\/IDEA-LOGO.jpg","contentUrl":"https:\/\/www.empower2act.org\/wp-content\/uploads\/2025\/01\/IDEA-LOGO.jpg","width":1213,"height":411,"caption":"empower2act"},"image":{"@id":"https:\/\/www.empower2act.org\/pt-pt\/#\/schema\/logo\/image\/"}}]}},"uagb_featured_image_src":{"full":false,"thumbnail":false,"medium":false,"medium_large":false,"large":false,"1536x1536":false,"2048x2048":false},"uagb_author_info":{"display_name":"adminJULIACUNY","author_link":"https:\/\/www.empower2act.org\/pt-pt\/author\/adminjuliacuny\/"},"uagb_comment_info":0,"uagb_excerpt":"Localizada na parte oriental da Eslov\u00e1quia, a nossa escola \u00e9 constitu\u00edda por uma Escola Secund\u00e1ria Geral e uma Escola Secund\u00e1ria [&hellip;]","_links":{"self":[{"href":"https:\/\/www.empower2act.org\/pt-pt\/wp-json\/wp\/v2\/pages\/712","targetHints":{"allow":["GET"]}}],"collection":[{"href":"https:\/\/www.empower2act.org\/pt-pt\/wp-json\/wp\/v2\/pages"}],"about":[{"href":"https:\/\/www.empower2act.org\/pt-pt\/wp-json\/wp\/v2\/types\/page"}],"author":[{"embeddable":true,"href":"https:\/\/www.empower2act.org\/pt-pt\/wp-json\/wp\/v2\/users\/1"}],"replies":[{"embeddable":true,"href":"https:\/\/www.empower2act.org\/pt-pt\/wp-json\/wp\/v2\/comments?post=712"}],"version-history":[{"count":3,"href":"https:\/\/www.empower2act.org\/pt-pt\/wp-json\/wp\/v2\/pages\/712\/revisions"}],"predecessor-version":[{"id":994,"href":"https:\/\/www.empower2act.org\/pt-pt\/wp-json\/wp\/v2\/pages\/712\/revisions\/994"}],"wp:attachment":[{"href":"https:\/\/www.empower2act.org\/pt-pt\/wp-json\/wp\/v2\/media?parent=712"}],"curies":[{"name":"wp","href":"https:\/\/api.w.org\/{rel}","templated":true}]}}