{"id":1138,"date":"2025-04-10T10:45:22","date_gmt":"2025-04-10T08:45:22","guid":{"rendered":"https:\/\/www.empower2act.org\/zasady-pouzivania-suborov-cookie-eu\/"},"modified":"2025-07-03T08:40:13","modified_gmt":"2025-07-03T06:40:13","slug":"zasady-pouzivania-suborov-cookie-eu","status":"publish","type":"page","link":"https:\/\/www.empower2act.org\/sk\/zasady-pouzivania-suborov-cookie-eu\/","title":{"rendered":"Z\u00e1sady pou\u017e\u00edvania s\u00faborov cookie (E\u00da)"},"content":{"rendered":"\n<div class=\"cmplz-document cookie-statement cmplz-document-eu\" id=\"cmplz-document\"><p><br><\/p><\/div>\n<p><br\/>Tieto z\u00e1sady pou\u017e\u00edvania s\u00faborov cookie boli naposledy aktualizovan\u00e9 10. apr\u00edla 2025 a vz\u0165ahuj\u00fa sa na ob\u010danov a osoby s trval\u00fdm pobytom v Eur\u00f3pskom hospod\u00e1rskom priestore a \u0160vaj\u010diarsku.<\/p>\n\n<h3 class=\"wp-block-heading\">1. \u00davod<\/h3>\n\n<p>Na\u0161a webov\u00e1 str\u00e1nka <a href=\"https:\/\/www.empower2act.org\/sk\/\">https:\/\/www.empower2act.org <\/a>(\u010falej len \u201ewebov\u00e1 str\u00e1nka\u201c) pou\u017e\u00edva s\u00fabory cookie a \u010fal\u0161ie s\u00favisiace technol\u00f3gie (pre zjednodu\u0161enie sa v\u0161etky tak\u00e9to technol\u00f3gie ozna\u010duj\u00fa ako \u201es\u00fabory cookie\u201c). S\u00fabory cookie umiest\u0148uj\u00fa aj tretie strany, s ktor\u00fdmi sme spolupracovali. V tomto dokumente v\u00e1s informujeme o pou\u017e\u00edvan\u00ed s\u00faborov cookie na na\u0161ej webovej str\u00e1nke.  <\/p>\n\n<h3 class=\"wp-block-heading\">2. \u010co s\u00fa s\u00fabory cookie?<\/h3>\n\n<p>S\u00fabor cookie je mal\u00fd s\u00fabor, ktor\u00fd sa odosiela spolu so str\u00e1nkami tejto webovej str\u00e1nky a v\u00e1\u0161 prehliada\u010d ho uklad\u00e1 na pevn\u00fd disk v\u00e1\u0161ho po\u010d\u00edta\u010da alebo in\u00e9 zariadenie. Ulo\u017een\u00e9 inform\u00e1cie m\u00f4\u017eu by\u0165 po\u010das \u010fal\u0161ej n\u00e1v\u0161tevy vr\u00e1ten\u00e9 na na\u0161e servery alebo na servery pr\u00edslu\u0161n\u00fdch tret\u00edch str\u00e1n. <\/p>\n\n<h3 class=\"wp-block-heading\">3. \u010co s\u00fa to skripty?<\/h3>\n\n<p>Skript je kus programov\u00e9ho k\u00f3du, ktor\u00fd sa pou\u017e\u00edva na spr\u00e1vne a interakt\u00edvne fungovanie na\u0161ej webovej str\u00e1nky. Tento k\u00f3d be\u017e\u00ed na na\u0161om serveri alebo vo va\u0161om zariaden\u00ed. <\/p>\n\n<h3 class=\"wp-block-heading\">4. \u010co je webov\u00fd maj\u00e1k?<\/h3>\n\n<p>Webov\u00fd maj\u00e1k (alebo pixelov\u00fd tag) je mal\u00fd, nevidite\u013en\u00fd kus textu alebo obr\u00e1zka na webovej str\u00e1nke, ktor\u00fd sa pou\u017e\u00edva na monitorovanie webovej prev\u00e1dzky. Pomocou t\u00fdchto webov\u00fdch maj\u00e1kov sa ukladaj\u00fa r\u00f4zne \u00fadaje o v\u00e1s. <\/p>\n\n<h3 class=\"wp-block-heading\">5. S\u00fabory cookie<\/h3>\n\n<h4 class=\"wp-block-heading\">5.1 Technick\u00e9 alebo funk\u010dn\u00e9 s\u00fabory cookie<\/h4>\n\n<p>Niektor\u00e9 s\u00fabory cookie zabezpe\u010duj\u00fa spr\u00e1vne fungovanie ur\u010dit\u00fdch \u010dast\u00ed webovej str\u00e1nky a zachovanie va\u0161ich pou\u017e\u00edvate\u013esk\u00fdch preferenci\u00ed. Umiestnen\u00edm funk\u010dn\u00fdch s\u00faborov cookie v\u00e1m u\u013eah\u010dujeme n\u00e1v\u0161tevu na\u0161ej webovej str\u00e1nky. T\u00fdmto sp\u00f4sobom nemus\u00edte pri n\u00e1v\u0161teve na\u0161ej str\u00e1nky opakovane zad\u00e1va\u0165 tie ist\u00e9 inform\u00e1cie a napr\u00edklad polo\u017eky zostan\u00fa vo va\u0161om n\u00e1kupnom ko\u0161\u00edku, k\u00fdm nezaplat\u00edte. Tieto s\u00fabory cookie m\u00f4\u017eeme umiestni\u0165 bez v\u00e1\u0161ho s\u00fahlasu.   <\/p>\n\n<h4 class=\"wp-block-heading\">5.2 \u0160tatistick\u00e9 s\u00fabory cookie<\/h4>\n\n<p>Na optimaliz\u00e1ciu pou\u017e\u00edvate\u013esk\u00e9ho z\u00e1\u017eitku na na\u0161ej webovej str\u00e1nke pou\u017e\u00edvame \u0161tatistick\u00e9 s\u00fabory cookie. Tieto \u0161tatistick\u00e9 s\u00fabory cookie n\u00e1m poskytuj\u00fa preh\u013ead o tom, ako sa na\u0161a webov\u00e1 str\u00e1nka pou\u017e\u00edva. \u017diadame v\u00e1s o s\u00fahlas s umiestnen\u00edm \u0161tatistick\u00fdch s\u00faborov cookie.  <\/p>\n\n<h3 class=\"wp-block-heading\">6. Pou\u017e\u00edvan\u00e9 s\u00fabory cookie<\/h3>\n\n<ul class=\"wp-block-list\">\n<li><strong>WordPress <\/strong>\u2013 Funk\u010dn\u00e9<br\/>S\u00fahlas so slu\u017ebou WordPress<\/li>\n\n\n\n<li><strong>Complianz <\/strong>\u2013 Funk\u010dn\u00e9<br\/>S\u00fahlas so slu\u017ebou Complianz<\/li>\n\n\n\n<li><strong>R\u00f4zne <\/strong>\u2013 \u00da\u010del \u010dak\u00e1 na pre\u0161etrenie<br\/>S\u00fahlas s doru\u010den\u00edm R\u00f4zne<\/li>\n<\/ul>\n\n<h3 class=\"wp-block-heading\">7. S\u00fahlas<\/h3>\n\n<p>Ke\u010f prv\u00fdkr\u00e1t nav\u0161t\u00edvite na\u0161u webov\u00fa str\u00e1nku, zobraz\u00ed sa v\u00e1m kontextov\u00e9 okno s vysvetlen\u00edm o s\u00faboroch cookie. Hne\u010f ako kliknete na tla\u010didlo \u201eUlo\u017ei\u0165 nastavenia\u201c, s\u00fahlas\u00edte s pou\u017e\u00edvan\u00edm kateg\u00f3ri\u00ed s\u00faborov cookie a doplnkov, ktor\u00e9 ste vybrali vo kontextovom okne, ako je pop\u00edsan\u00e9 v t\u00fdchto z\u00e1sad\u00e1ch pou\u017e\u00edvania s\u00faborov cookie. Pou\u017e\u00edvanie s\u00faborov cookie m\u00f4\u017eete zak\u00e1za\u0165 prostredn\u00edctvom prehliada\u010da, ale upozor\u0148ujeme, \u017ee na\u0161a webov\u00e1 str\u00e1nka nemus\u00ed fungova\u0165 spr\u00e1vne.  <\/p>\n\n<h4 class=\"wp-block-heading\">7.1 Spravujte nastavenia s\u00fahlasu<\/h4>\n\n<ul class=\"wp-block-list\">\n<li><strong>Funk\u010dn\u00fd<\/strong> \u2013 V\u017edy akt\u00edvny<\/li>\n\n\n\n<li><strong>\u0160tatistika<\/strong> \u2013 \u0160tatistika<\/li>\n<\/ul>\n\n<h3 class=\"wp-block-heading\">8. Povolenie\/zak\u00e1zanie a odstr\u00e1nenie s\u00faborov cookie<\/h3>\n\n<p>S\u00fabory cookie m\u00f4\u017eete vymaza\u0165 automaticky alebo manu\u00e1lne pomocou internetov\u00e9ho prehliada\u010da. M\u00f4\u017eete tie\u017e nastavi\u0165, \u017ee niektor\u00e9 s\u00fabory cookie nie je mo\u017en\u00e9 umiestni\u0165. \u010eal\u0161ou mo\u017enos\u0165ou je zmeni\u0165 nastavenia internetov\u00e9ho prehliada\u010da tak, aby ste pri ka\u017edom umiestnen\u00ed s\u00faboru cookie dost\u00e1vali spr\u00e1vu. \u010eal\u0161ie inform\u00e1cie o t\u00fdchto mo\u017enostiach n\u00e1jdete v pokynoch v sekcii \u201ePomocn\u00edk\u201c vo va\u0161om prehliada\u010di.   <\/p>\n\n<p>Upozor\u0148ujeme, \u017ee na\u0161a webov\u00e1 str\u00e1nka nemus\u00ed fungova\u0165 spr\u00e1vne, ak s\u00fa v\u0161etky s\u00fabory cookie zak\u00e1zan\u00e9. Ak s\u00fabory cookie vo va\u0161om prehliada\u010di vyma\u017eete, bud\u00fa po va\u0161ej op\u00e4tovnej n\u00e1v\u0161teve na\u0161ej webovej str\u00e1nky znova umiestnen\u00e9 s va\u0161\u00edm s\u00fahlasom. <\/p>\n\n<h3 class=\"wp-block-heading\">9. Va\u0161e pr\u00e1va t\u00fdkaj\u00face sa osobn\u00fdch \u00fadajov<\/h3>\n\n<p>M\u00e1te nasleduj\u00face pr\u00e1va t\u00fdkaj\u00face sa va\u0161ich osobn\u00fdch \u00fadajov:<\/p>\n\n<ul class=\"wp-block-list\">\n<li><strong>Pr\u00e1vo vedie\u0165<\/strong>, pre\u010do s\u00fa va\u0161e osobn\u00e9 \u00fadaje potrebn\u00e9, \u010do sa s nimi stane a ako dlho bud\u00fa uchov\u00e1van\u00e9.<\/li>\n\n\n\n<li><strong>Pr\u00e1vo na pr\u00edstup<\/strong>: M\u00e1te pr\u00e1vo na pr\u00edstup k osobn\u00fdm \u00fadajom, ktor\u00e9 o v\u00e1s uchov\u00e1vame.<\/li>\n\n\n\n<li><strong>Pr\u00e1vo na opravu<\/strong>: M\u00e1te pr\u00e1vo kedyko\u013evek doplni\u0165, opravi\u0165, vymaza\u0165 alebo zablokova\u0165 svoje osobn\u00e9 \u00fadaje.<\/li>\n\n\n\n<li>Ak n\u00e1m udel\u00edte s\u00fahlas so spracovan\u00edm va\u0161ich \u00fadajov, m\u00e1te pr\u00e1vo tento s\u00fahlas odvola\u0165 a po\u017eiada\u0165 o vymazanie va\u0161ich osobn\u00fdch \u00fadajov.<\/li>\n\n\n\n<li><strong>Pr\u00e1vo na prenosnos\u0165 \u00fadajov<\/strong>: M\u00e1te pr\u00e1vo vy\u017eiada\u0165 si od prev\u00e1dzkovate\u013ea v\u0161etky svoje osobn\u00e9 \u00fadaje a prenies\u0165 ich v plnom rozsahu k in\u00e9mu prev\u00e1dzkovate\u013eovi.<\/li>\n\n\n\n<li><strong>Pr\u00e1vo namieta\u0165<\/strong>: M\u00f4\u017eete namieta\u0165 proti spracovaniu va\u0161ich \u00fadajov. Budeme vyhovova\u0165, pokia\u013e nebud\u00fa existova\u0165 opr\u00e1vnen\u00e9 d\u00f4vody na spracovanie. <\/li>\n<\/ul>\n\n<p>Ak chcete uplatni\u0165 tieto pr\u00e1va, kontaktujte n\u00e1s. Kontaktn\u00e9 \u00fadaje n\u00e1jdete v dolnej \u010dasti t\u00fdchto z\u00e1sad pou\u017e\u00edvania s\u00faborov cookie. Ak m\u00e1te ak\u00e9ko\u013evek s\u0165a\u017enosti t\u00fdkaj\u00face sa sp\u00f4sobu, ak\u00fdm naklad\u00e1me s va\u0161imi \u00fadajmi, budeme v\u010fa\u010dn\u00ed, ak n\u00e1s o tom budete informova\u0165, ale m\u00e1te tie\u017e pr\u00e1vo poda\u0165 s\u0165a\u017enos\u0165 dozorn\u00e9mu org\u00e1nu (\u00faradu na ochranu \u00fadajov).  <\/p>\n\n<h3 class=\"wp-block-heading\">10. Kontaktn\u00e9 \u00fadaje<\/h3>\n\n<p>V pr\u00edpade ot\u00e1zok a\/alebo pripomienok t\u00fdkaj\u00facich sa na\u0161ich z\u00e1sad pou\u017e\u00edvania s\u00faborov cookie a tohto vyhl\u00e1senia n\u00e1s pros\u00edm kontaktujte pomocou nasleduj\u00facich \u00fadajov:<\/p>\n\n<p><strong>FUNDACI\u00d3N INTRAS<\/strong><br\/>Calle Mart\u00edn Santos Romero 1, Valladolid CP 47016<br\/>\u0160panielsko<br\/>Webstr\u00e1nka: <a href=\"https:\/\/www.empower2act.org\/sk\/\">https:\/\/www.empower2act.org<\/a><br\/>E-mail: <a href=\"mailto:jcp@intras.es\">dpo@intras.es<\/a><br\/>Telef\u00f3nne \u010d\u00edslo: +34 983 399 633<\/p>\n\n<p>Tieto z\u00e1sady pou\u017e\u00edvania s\u00faborov cookie boli synchronizovan\u00e9 so str\u00e1nkou <a href=\"https:\/\/cookiedatabase.org\/\">cookiedatabase.org<\/a> d\u0148a 10. apr\u00edla 2025.<\/p>\n","protected":false},"excerpt":{"rendered":"<p>Tieto z\u00e1sady pou\u017e\u00edvania s\u00faborov cookie boli naposledy aktualizovan\u00e9 10. apr\u00edla 2025 a vz\u0165ahuj\u00fa sa na ob\u010danov a osoby s trval\u00fdm [&hellip;]<\/p>\n","protected":false},"author":1,"featured_media":0,"parent":0,"menu_order":0,"comment_status":"closed","ping_status":"closed","template":"","meta":{"_coblocks_attr":"","_coblocks_dimensions":"","_coblocks_responsive_height":"","_coblocks_accordion_ie_support":"","_uag_custom_page_level_css":"","site-sidebar-layout":"default","site-content-layout":"","ast-site-content-layout":"default","site-content-style":"default","site-sidebar-style":"default","ast-global-header-display":"","ast-banner-title-visibility":"","ast-main-header-display":"","ast-hfb-above-header-display":"","ast-hfb-below-header-display":"","ast-hfb-mobile-header-display":"","site-post-title":"","ast-breadcrumbs-content":"","ast-featured-img":"","footer-sml-layout":"","ast-disable-related-posts":"","theme-transparent-header-meta":"","adv-header-id-meta":"","stick-header-meta":"","header-above-stick-meta":"","header-main-stick-meta":"","header-below-stick-meta":"","astra-migrate-meta-layouts":"default","ast-page-background-enabled":"default","ast-page-background-meta":{"desktop":{"background-color":"var(--ast-global-color-5)","background-image":"","background-repeat":"repeat","background-position":"center center","background-size":"auto","background-attachment":"scroll","background-type":"","background-media":"","overlay-type":"","overlay-color":"","overlay-opacity":"","overlay-gradient":""},"tablet":{"background-color":"","background-image":"","background-repeat":"repeat","background-position":"center center","background-size":"auto","background-attachment":"scroll","background-type":"","background-media":"","overlay-type":"","overlay-color":"","overlay-opacity":"","overlay-gradient":""},"mobile":{"background-color":"","background-image":"","background-repeat":"repeat","background-position":"center center","background-size":"auto","background-attachment":"scroll","background-type":"","background-media":"","overlay-type":"","overlay-color":"","overlay-opacity":"","overlay-gradient":""}},"ast-content-background-meta":{"desktop":{"background-color":"var(--ast-global-color-4)","background-image":"","background-repeat":"repeat","background-position":"center center","background-size":"auto","background-attachment":"scroll","background-type":"","background-media":"","overlay-type":"","overlay-color":"","overlay-opacity":"","overlay-gradient":""},"tablet":{"background-color":"var(--ast-global-color-4)","background-image":"","background-repeat":"repeat","background-position":"center center","background-size":"auto","background-attachment":"scroll","background-type":"","background-media":"","overlay-type":"","overlay-color":"","overlay-opacity":"","overlay-gradient":""},"mobile":{"background-color":"var(--ast-global-color-4)","background-image":"","background-repeat":"repeat","background-position":"center center","background-size":"auto","background-attachment":"scroll","background-type":"","background-media":"","overlay-type":"","overlay-color":"","overlay-opacity":"","overlay-gradient":""}},"footnotes":""},"class_list":["post-1138","page","type-page","status-publish","hentry"],"yoast_head":"<!-- This site is optimized with the Yoast SEO plugin v27.4 - https:\/\/yoast.com\/product\/yoast-seo-wordpress\/ -->\n<title>Z\u00e1sady pou\u017e\u00edvania s\u00faborov cookie (E\u00da) -<\/title>\n<meta name=\"robots\" content=\"index, follow, max-snippet:-1, max-image-preview:large, max-video-preview:-1\" \/>\n<link rel=\"canonical\" href=\"https:\/\/www.empower2act.org\/sk\/zasady-pouzivania-suborov-cookie-eu\/\" \/>\n<meta property=\"og:locale\" content=\"sk_SK\" \/>\n<meta property=\"og:type\" content=\"article\" \/>\n<meta property=\"og:title\" content=\"Z\u00e1sady pou\u017e\u00edvania s\u00faborov cookie (E\u00da) -\" \/>\n<meta property=\"og:description\" content=\"Tieto z\u00e1sady pou\u017e\u00edvania s\u00faborov cookie boli naposledy aktualizovan\u00e9 10. apr\u00edla 2025 a vz\u0165ahuj\u00fa sa na ob\u010danov a osoby s trval\u00fdm [&hellip;]\" \/>\n<meta property=\"og:url\" content=\"https:\/\/www.empower2act.org\/sk\/zasady-pouzivania-suborov-cookie-eu\/\" \/>\n<meta property=\"article:modified_time\" content=\"2025-07-03T06:40:13+00:00\" \/>\n<meta name=\"twitter:card\" content=\"summary_large_image\" \/>\n<meta name=\"twitter:label1\" content=\"Predpokladan\u00fd \u010das \u010d\u00edtania\" \/>\n\t<meta name=\"twitter:data1\" content=\"5 min\u00fat\" \/>\n<script type=\"application\/ld+json\" class=\"yoast-schema-graph\">{\"@context\":\"https:\\\/\\\/schema.org\",\"@graph\":[{\"@type\":\"WebPage\",\"@id\":\"https:\\\/\\\/www.empower2act.org\\\/sk\\\/zasady-pouzivania-suborov-cookie-eu\\\/\",\"url\":\"https:\\\/\\\/www.empower2act.org\\\/sk\\\/zasady-pouzivania-suborov-cookie-eu\\\/\",\"name\":\"Z\u00e1sady pou\u017e\u00edvania s\u00faborov cookie (E\u00da) -\",\"isPartOf\":{\"@id\":\"https:\\\/\\\/www.empower2act.org\\\/sk\\\/#website\"},\"datePublished\":\"2025-04-10T08:45:22+00:00\",\"dateModified\":\"2025-07-03T06:40:13+00:00\",\"breadcrumb\":{\"@id\":\"https:\\\/\\\/www.empower2act.org\\\/sk\\\/zasady-pouzivania-suborov-cookie-eu\\\/#breadcrumb\"},\"inLanguage\":\"sk-SK\",\"potentialAction\":[{\"@type\":\"ReadAction\",\"target\":[\"https:\\\/\\\/www.empower2act.org\\\/sk\\\/zasady-pouzivania-suborov-cookie-eu\\\/\"]}]},{\"@type\":\"BreadcrumbList\",\"@id\":\"https:\\\/\\\/www.empower2act.org\\\/sk\\\/zasady-pouzivania-suborov-cookie-eu\\\/#breadcrumb\",\"itemListElement\":[{\"@type\":\"ListItem\",\"position\":1,\"name\":\"Portada\",\"item\":\"https:\\\/\\\/www.empower2act.org\\\/sk\\\/\"},{\"@type\":\"ListItem\",\"position\":2,\"name\":\"Z\u00e1sady pou\u017e\u00edvania s\u00faborov cookie (E\u00da)\"}]},{\"@type\":\"WebSite\",\"@id\":\"https:\\\/\\\/www.empower2act.org\\\/sk\\\/#website\",\"url\":\"https:\\\/\\\/www.empower2act.org\\\/sk\\\/\",\"name\":\"empower2act\",\"description\":\"\",\"publisher\":{\"@id\":\"https:\\\/\\\/www.empower2act.org\\\/sk\\\/#organization\"},\"potentialAction\":[{\"@type\":\"SearchAction\",\"target\":{\"@type\":\"EntryPoint\",\"urlTemplate\":\"https:\\\/\\\/www.empower2act.org\\\/sk\\\/?s={search_term_string}\"},\"query-input\":{\"@type\":\"PropertyValueSpecification\",\"valueRequired\":true,\"valueName\":\"search_term_string\"}}],\"inLanguage\":\"sk-SK\"},{\"@type\":\"Organization\",\"@id\":\"https:\\\/\\\/www.empower2act.org\\\/sk\\\/#organization\",\"name\":\"empower2act\",\"url\":\"https:\\\/\\\/www.empower2act.org\\\/sk\\\/\",\"logo\":{\"@type\":\"ImageObject\",\"inLanguage\":\"sk-SK\",\"@id\":\"https:\\\/\\\/www.empower2act.org\\\/sk\\\/#\\\/schema\\\/logo\\\/image\\\/\",\"url\":\"https:\\\/\\\/www.empower2act.org\\\/wp-content\\\/uploads\\\/2025\\\/01\\\/IDEA-LOGO.jpg\",\"contentUrl\":\"https:\\\/\\\/www.empower2act.org\\\/wp-content\\\/uploads\\\/2025\\\/01\\\/IDEA-LOGO.jpg\",\"width\":1213,\"height\":411,\"caption\":\"empower2act\"},\"image\":{\"@id\":\"https:\\\/\\\/www.empower2act.org\\\/sk\\\/#\\\/schema\\\/logo\\\/image\\\/\"}}]}<\/script>\n<!-- \/ Yoast SEO plugin. -->","yoast_head_json":{"title":"Z\u00e1sady pou\u017e\u00edvania s\u00faborov cookie (E\u00da) -","robots":{"index":"index","follow":"follow","max-snippet":"max-snippet:-1","max-image-preview":"max-image-preview:large","max-video-preview":"max-video-preview:-1"},"canonical":"https:\/\/www.empower2act.org\/sk\/zasady-pouzivania-suborov-cookie-eu\/","og_locale":"sk_SK","og_type":"article","og_title":"Z\u00e1sady pou\u017e\u00edvania s\u00faborov cookie (E\u00da) -","og_description":"Tieto z\u00e1sady pou\u017e\u00edvania s\u00faborov cookie boli naposledy aktualizovan\u00e9 10. apr\u00edla 2025 a vz\u0165ahuj\u00fa sa na ob\u010danov a osoby s trval\u00fdm [&hellip;]","og_url":"https:\/\/www.empower2act.org\/sk\/zasady-pouzivania-suborov-cookie-eu\/","article_modified_time":"2025-07-03T06:40:13+00:00","twitter_card":"summary_large_image","twitter_misc":{"Predpokladan\u00fd \u010das \u010d\u00edtania":"5 min\u00fat"},"schema":{"@context":"https:\/\/schema.org","@graph":[{"@type":"WebPage","@id":"https:\/\/www.empower2act.org\/sk\/zasady-pouzivania-suborov-cookie-eu\/","url":"https:\/\/www.empower2act.org\/sk\/zasady-pouzivania-suborov-cookie-eu\/","name":"Z\u00e1sady pou\u017e\u00edvania s\u00faborov cookie (E\u00da) -","isPartOf":{"@id":"https:\/\/www.empower2act.org\/sk\/#website"},"datePublished":"2025-04-10T08:45:22+00:00","dateModified":"2025-07-03T06:40:13+00:00","breadcrumb":{"@id":"https:\/\/www.empower2act.org\/sk\/zasady-pouzivania-suborov-cookie-eu\/#breadcrumb"},"inLanguage":"sk-SK","potentialAction":[{"@type":"ReadAction","target":["https:\/\/www.empower2act.org\/sk\/zasady-pouzivania-suborov-cookie-eu\/"]}]},{"@type":"BreadcrumbList","@id":"https:\/\/www.empower2act.org\/sk\/zasady-pouzivania-suborov-cookie-eu\/#breadcrumb","itemListElement":[{"@type":"ListItem","position":1,"name":"Portada","item":"https:\/\/www.empower2act.org\/sk\/"},{"@type":"ListItem","position":2,"name":"Z\u00e1sady pou\u017e\u00edvania s\u00faborov cookie (E\u00da)"}]},{"@type":"WebSite","@id":"https:\/\/www.empower2act.org\/sk\/#website","url":"https:\/\/www.empower2act.org\/sk\/","name":"empower2act","description":"","publisher":{"@id":"https:\/\/www.empower2act.org\/sk\/#organization"},"potentialAction":[{"@type":"SearchAction","target":{"@type":"EntryPoint","urlTemplate":"https:\/\/www.empower2act.org\/sk\/?s={search_term_string}"},"query-input":{"@type":"PropertyValueSpecification","valueRequired":true,"valueName":"search_term_string"}}],"inLanguage":"sk-SK"},{"@type":"Organization","@id":"https:\/\/www.empower2act.org\/sk\/#organization","name":"empower2act","url":"https:\/\/www.empower2act.org\/sk\/","logo":{"@type":"ImageObject","inLanguage":"sk-SK","@id":"https:\/\/www.empower2act.org\/sk\/#\/schema\/logo\/image\/","url":"https:\/\/www.empower2act.org\/wp-content\/uploads\/2025\/01\/IDEA-LOGO.jpg","contentUrl":"https:\/\/www.empower2act.org\/wp-content\/uploads\/2025\/01\/IDEA-LOGO.jpg","width":1213,"height":411,"caption":"empower2act"},"image":{"@id":"https:\/\/www.empower2act.org\/sk\/#\/schema\/logo\/image\/"}}]}},"uagb_featured_image_src":{"full":false,"thumbnail":false,"medium":false,"medium_large":false,"large":false,"1536x1536":false,"2048x2048":false},"uagb_author_info":{"display_name":"adminJULIACUNY","author_link":"https:\/\/www.empower2act.org\/sk\/author\/adminjuliacuny\/"},"uagb_comment_info":0,"uagb_excerpt":"Tieto z\u00e1sady pou\u017e\u00edvania s\u00faborov cookie boli naposledy aktualizovan\u00e9 10. apr\u00edla 2025 a vz\u0165ahuj\u00fa sa na ob\u010danov a osoby s trval\u00fdm [&hellip;]","_links":{"self":[{"href":"https:\/\/www.empower2act.org\/sk\/wp-json\/wp\/v2\/pages\/1138","targetHints":{"allow":["GET"]}}],"collection":[{"href":"https:\/\/www.empower2act.org\/sk\/wp-json\/wp\/v2\/pages"}],"about":[{"href":"https:\/\/www.empower2act.org\/sk\/wp-json\/wp\/v2\/types\/page"}],"author":[{"embeddable":true,"href":"https:\/\/www.empower2act.org\/sk\/wp-json\/wp\/v2\/users\/1"}],"replies":[{"embeddable":true,"href":"https:\/\/www.empower2act.org\/sk\/wp-json\/wp\/v2\/comments?post=1138"}],"version-history":[{"count":3,"href":"https:\/\/www.empower2act.org\/sk\/wp-json\/wp\/v2\/pages\/1138\/revisions"}],"predecessor-version":[{"id":1209,"href":"https:\/\/www.empower2act.org\/sk\/wp-json\/wp\/v2\/pages\/1138\/revisions\/1209"}],"wp:attachment":[{"href":"https:\/\/www.empower2act.org\/sk\/wp-json\/wp\/v2\/media?parent=1138"}],"curies":[{"name":"wp","href":"https:\/\/api.w.org\/{rel}","templated":true}]}}