{"id":1176,"date":"2025-01-28T12:41:22","date_gmt":"2025-01-28T11:41:22","guid":{"rendered":"https:\/\/www.empower2act.org\/zasady-ochrany-osobnych-udajov\/"},"modified":"2025-10-07T11:32:04","modified_gmt":"2025-10-07T09:32:04","slug":"zasady-ochrany-osobnych-udajov","status":"publish","type":"page","link":"https:\/\/www.empower2act.org\/sk\/zasady-ochrany-osobnych-udajov\/","title":{"rendered":"Z\u00e1sady ochrany osobn\u00fdch \u00fadajov"},"content":{"rendered":"\n<h3 class=\"wp-block-heading\"><strong>Koment\u00e1re<\/strong><\/h3>\n\n<p>Adresa na\u0161ej webovej str\u00e1nky je: <a href=\"https:\/\/www.empower2act.org\/sk\/\">https:\/\/www.empower2act.org<\/a>.<\/p>\n\n<h3 class=\"wp-block-heading\"><strong>Koment\u00e1re<\/strong><\/h3>\n\n<p> Navrhovan\u00fd text: Ke\u010f n\u00e1v\u0161tevn\u00edci zanechaj\u00fa koment\u00e1r na str\u00e1nke, zhroma\u017e\u010fujeme \u00fadaje zobrazen\u00e9 vo formul\u00e1ri koment\u00e1ra, ako aj IP adresu n\u00e1v\u0161tevn\u00edka a re\u0165azec pou\u017e\u00edvate\u013esk\u00e9ho agenta prehliada\u010da na pomoc pri detekcii spamu.<\/p>\n\n<p>Anonymizovan\u00fd re\u0165azec vytvoren\u00fd z va\u0161ej e-mailovej adresy (naz\u00fdvan\u00fd aj hash) m\u00f4\u017ee by\u0165 poskytnut\u00fd slu\u017ebe Gravatar, aby sa overilo, \u010di ju pou\u017e\u00edvate. Z\u00e1sady ochrany osobn\u00fdch \u00fadajov slu\u017eby Gravatar s\u00fa dostupn\u00e9 tu: <a href=\"https:\/\/automattic.com\/privacy\/\">https:\/\/automattic.com\/privacy\/<\/a>. Po schv\u00e1len\u00ed v\u00e1\u0161ho koment\u00e1ra bude v\u00e1\u0161 profilov\u00fd obr\u00e1zok verejne vidite\u013en\u00fd v s\u00favislosti s va\u0161\u00edm koment\u00e1rom.  <\/p>\n\n<h3 class=\"wp-block-heading\"><strong>M\u00e9di\u00e1<\/strong><\/h3>\n\n<p>Ak nahr\u00e1vate obr\u00e1zky na webov\u00fa str\u00e1nku, mali by ste sa vyhn\u00fa\u0165 nahr\u00e1vaniu obr\u00e1zkov s vlo\u017een\u00fdmi \u00fadajmi o polohe <strong>(GPS EXIF)<\/strong>. N\u00e1v\u0161tevn\u00edci webovej str\u00e1nky si m\u00f4\u017eu stiahnu\u0165 a extrahova\u0165 \u00fadaje o polohe z obr\u00e1zkov na str\u00e1nke. <\/p>\n\n<h3 class=\"wp-block-heading\"><strong>Cookies<\/strong><\/h3>\n\n<p>Ak zanech\u00e1te koment\u00e1r na na\u0161ej str\u00e1nke, m\u00f4\u017eete si ulo\u017ei\u0165 svoje meno, e-mailov\u00fa adresu a webov\u00fa str\u00e1nku do s\u00faborov cookie. Je to pre va\u0161e pohodlie, aby ste nemuseli pri \u010fal\u0161om komentovan\u00ed znova vyp\u013a\u0148a\u0165 svoje \u00fadaje. Tieto s\u00fabory cookie bud\u00fa ulo\u017een\u00e9 po dobu jedn\u00e9ho roka.  <\/p>\n\n<p>Ak m\u00e1te \u00fa\u010det a prihl\u00e1site sa na t\u00fato str\u00e1nku, nastav\u00edme do\u010dasn\u00fd s\u00fabor cookie na zistenie, \u010di v\u00e1\u0161 prehliada\u010d akceptuje cookies. Tento s\u00fabor cookie neobsahuje \u017eiadne osobn\u00e9 \u00fadaje a bude odstr\u00e1nen\u00fd po zatvoren\u00ed prehliada\u010da. <\/p>\n\n<p>Ke\u010f sa prihl\u00e1site, nastav\u00edme aj nieko\u013eko s\u00faborov cookie na ulo\u017eenie va\u0161ich prihlasovac\u00edch inform\u00e1ci\u00ed a mo\u017enost\u00ed zobrazenia. Prihlasovacie cookies vydr\u017eia dva dni a cookies pre zobrazenie obrazovky jeden rok. Ak vyberiete \u201eZapam\u00e4ta\u0165 si ma\u201c, va\u0161e prihl\u00e1senie bude trva\u0165 dva t\u00fd\u017edne. Ak sa odhl\u00e1site, prihlasovacie cookies bud\u00fa odstr\u00e1nen\u00e9.   <\/p>\n\n<p>Ak uprav\u00edte alebo publikujete \u010dl\u00e1nok, do v\u00e1\u0161ho prehliada\u010da sa ulo\u017e\u00ed \u010fal\u0161\u00ed s\u00fabor cookie. Tento s\u00fabor cookie neobsahuje \u017eiadne osobn\u00e9 \u00fadaje a jednoducho ozna\u010duje ID \u010dl\u00e1nku, ktor\u00fd ste pr\u00e1ve upravili. Platnos\u0165 vypr\u0161\u00ed po jednom dni.  <\/p>\n\n<h3 class=\"wp-block-heading\"><strong>Vlo\u017een\u00fd obsah z in\u00fdch webov\u00fdch str\u00e1nok<\/strong><\/h3>\n\n<p>\u010cl\u00e1nky na tejto str\u00e1nke m\u00f4\u017eu obsahova\u0165 vlo\u017een\u00fd obsah (napr. vide\u00e1, obr\u00e1zky, \u010dl\u00e1nky at\u010f.). Vlo\u017een\u00fd obsah z in\u00fdch webov\u00fdch str\u00e1nok sa spr\u00e1va presne tak, ako keby n\u00e1v\u0161tevn\u00edk nav\u0161t\u00edvil t\u00fato in\u00fa webov\u00fa str\u00e1nku. <\/p>\n\n<p>Tieto webov\u00e9 str\u00e1nky m\u00f4\u017eu o v\u00e1s zhroma\u017e\u010fova\u0165 \u00fadaje, pou\u017e\u00edva\u0165 s\u00fabory cookie, vklada\u0165 \u010fal\u0161ie sledovanie tret\u00edch str\u00e1n a monitorova\u0165 va\u0161u interakciu s vlo\u017een\u00fdm obsahom, vr\u00e1tane sledovania, ak m\u00e1te \u00fa\u010det a ste na danej str\u00e1nke prihl\u00e1sen\u00fd.<\/p>\n\n<h3 class=\"wp-block-heading\"><strong>S k\u00fdm zdie\u013eame va\u0161e \u00fadaje<\/strong><\/h3>\n\n<p>Ak po\u017eiadate o obnovenie hesla, va\u0161a IP adresa bude zahrnut\u00e1 v e-maile s odkazom na obnovenie.<\/p>\n\n<h3 class=\"wp-block-heading\"><strong>Ako dlho uchov\u00e1vame va\u0161e \u00fadaje<\/strong><\/h3>\n\n<p>Ak zanech\u00e1te koment\u00e1r, koment\u00e1r a jeho metad\u00e1ta sa uchov\u00e1vaj\u00fa na neur\u010dito. Je to preto, aby sme mohli automaticky rozpozna\u0165 a schv\u00e1li\u0165 n\u00e1sledn\u00e9 koment\u00e1re namiesto ich dr\u017eania v poradovn\u00edku na schv\u00e1lenie. <\/p>\n\n<p>Pre pou\u017e\u00edvate\u013eov, ktor\u00ed sa zaregistruj\u00fa na na\u0161ej webovej str\u00e1nke (ak v\u00f4bec), tie\u017e uklad\u00e1me osobn\u00e9 \u00fadaje, ktor\u00e9 poskytn\u00fa vo svojom pou\u017e\u00edvate\u013eskom profile. V\u0161etci pou\u017e\u00edvatelia m\u00f4\u017eu kedyko\u013evek vidie\u0165, upravi\u0165 alebo vymaza\u0165 svoje osobn\u00e9 \u00fadaje (s v\u00fdnimkou pou\u017e\u00edvate\u013esk\u00e9ho mena). Administr\u00e1tori str\u00e1nky m\u00f4\u017eu tieto inform\u00e1cie tie\u017e vidie\u0165 a upravova\u0165.  <\/p>\n\n<h3 class=\"wp-block-heading\"><strong>Ak\u00e9 pr\u00e1va m\u00e1te nad svojimi \u00fadajmi<\/strong><\/h3>\n\n<p>Ak m\u00e1te \u00fa\u010det na tejto str\u00e1nke alebo ste zanechali koment\u00e1re, m\u00f4\u017eete po\u017eiada\u0165 o exportovan\u00fd s\u00fabor osobn\u00fdch \u00fadajov, ktor\u00e9 o v\u00e1s uchov\u00e1vame, vr\u00e1tane \u00fadajov, ktor\u00e9 ste n\u00e1m poskytli. M\u00f4\u017eete tie\u017e po\u017eiada\u0165 o vymazanie v\u0161etk\u00fdch osobn\u00fdch \u00fadajov, ktor\u00e9 o v\u00e1s uchov\u00e1vame. To nezah\u0155\u0148a \u00fadaje, ktor\u00e9 sme povinn\u00ed uchov\u00e1va\u0165 na administrat\u00edvne, pr\u00e1vne alebo bezpe\u010dnostn\u00e9 \u00fa\u010dely.  <\/p>\n\n<h3 class=\"wp-block-heading\"><strong>Kam sa va\u0161e \u00fadaje odosielaj\u00fa<\/strong><\/h3>\n\n<p>Koment\u00e1re n\u00e1v\u0161tevn\u00edkov m\u00f4\u017eu by\u0165 kontrolovan\u00e9 prostredn\u00edctvom automatizovanej slu\u017eby na detekciu spamu.<\/p>\n","protected":false},"excerpt":{"rendered":"<p>Koment\u00e1re Adresa na\u0161ej webovej str\u00e1nky je: https:\/\/www.empower2act.org. Koment\u00e1re Navrhovan\u00fd text: Ke\u010f n\u00e1v\u0161tevn\u00edci zanechaj\u00fa koment\u00e1r na str\u00e1nke, zhroma\u017e\u010fujeme \u00fadaje zobrazen\u00e9 vo [&hellip;]<\/p>\n","protected":false},"author":1,"featured_media":0,"parent":0,"menu_order":0,"comment_status":"closed","ping_status":"open","template":"","meta":{"_coblocks_attr":"","_coblocks_dimensions":"","_coblocks_responsive_height":"","_coblocks_accordion_ie_support":"","_uag_custom_page_level_css":"","site-sidebar-layout":"default","site-content-layout":"","ast-site-content-layout":"default","site-content-style":"default","site-sidebar-style":"default","ast-global-header-display":"","ast-banner-title-visibility":"","ast-main-header-display":"","ast-hfb-above-header-display":"","ast-hfb-below-header-display":"","ast-hfb-mobile-header-display":"","site-post-title":"","ast-breadcrumbs-content":"","ast-featured-img":"","footer-sml-layout":"","ast-disable-related-posts":"","theme-transparent-header-meta":"","adv-header-id-meta":"","stick-header-meta":"","header-above-stick-meta":"","header-main-stick-meta":"","header-below-stick-meta":"","astra-migrate-meta-layouts":"default","ast-page-background-enabled":"default","ast-page-background-meta":{"desktop":{"background-color":"var(--ast-global-color-5)","background-image":"","background-repeat":"repeat","background-position":"center center","background-size":"auto","background-attachment":"scroll","background-type":"","background-media":"","overlay-type":"","overlay-color":"","overlay-opacity":"","overlay-gradient":""},"tablet":{"background-color":"","background-image":"","background-repeat":"repeat","background-position":"center center","background-size":"auto","background-attachment":"scroll","background-type":"","background-media":"","overlay-type":"","overlay-color":"","overlay-opacity":"","overlay-gradient":""},"mobile":{"background-color":"","background-image":"","background-repeat":"repeat","background-position":"center center","background-size":"auto","background-attachment":"scroll","background-type":"","background-media":"","overlay-type":"","overlay-color":"","overlay-opacity":"","overlay-gradient":""}},"ast-content-background-meta":{"desktop":{"background-color":"var(--ast-global-color-4)","background-image":"","background-repeat":"repeat","background-position":"center center","background-size":"auto","background-attachment":"scroll","background-type":"","background-media":"","overlay-type":"","overlay-color":"","overlay-opacity":"","overlay-gradient":""},"tablet":{"background-color":"var(--ast-global-color-4)","background-image":"","background-repeat":"repeat","background-position":"center center","background-size":"auto","background-attachment":"scroll","background-type":"","background-media":"","overlay-type":"","overlay-color":"","overlay-opacity":"","overlay-gradient":""},"mobile":{"background-color":"var(--ast-global-color-4)","background-image":"","background-repeat":"repeat","background-position":"center center","background-size":"auto","background-attachment":"scroll","background-type":"","background-media":"","overlay-type":"","overlay-color":"","overlay-opacity":"","overlay-gradient":""}},"footnotes":""},"class_list":["post-1176","page","type-page","status-publish","hentry"],"yoast_head":"<!-- This site is optimized with the Yoast SEO plugin v27.4 - https:\/\/yoast.com\/product\/yoast-seo-wordpress\/ -->\n<title>Z\u00e1sady ochrany osobn\u00fdch \u00fadajov -<\/title>\n<meta name=\"robots\" content=\"index, follow, max-snippet:-1, max-image-preview:large, max-video-preview:-1\" \/>\n<link rel=\"canonical\" href=\"https:\/\/www.empower2act.org\/sk\/zasady-ochrany-osobnych-udajov\/\" \/>\n<meta property=\"og:locale\" content=\"sk_SK\" \/>\n<meta property=\"og:type\" content=\"article\" \/>\n<meta property=\"og:title\" content=\"Z\u00e1sady ochrany osobn\u00fdch \u00fadajov -\" \/>\n<meta property=\"og:description\" content=\"Koment\u00e1re Adresa na\u0161ej webovej str\u00e1nky je: https:\/\/www.empower2act.org. Koment\u00e1re Navrhovan\u00fd text: Ke\u010f n\u00e1v\u0161tevn\u00edci zanechaj\u00fa koment\u00e1r na str\u00e1nke, zhroma\u017e\u010fujeme \u00fadaje zobrazen\u00e9 vo [&hellip;]\" \/>\n<meta property=\"og:url\" content=\"https:\/\/www.empower2act.org\/sk\/zasady-ochrany-osobnych-udajov\/\" \/>\n<meta property=\"article:modified_time\" content=\"2025-10-07T09:32:04+00:00\" \/>\n<meta name=\"twitter:card\" content=\"summary_large_image\" \/>\n<meta name=\"twitter:label1\" content=\"Predpokladan\u00fd \u010das \u010d\u00edtania\" \/>\n\t<meta name=\"twitter:data1\" content=\"4 min\u00faty\" \/>\n<script type=\"application\/ld+json\" class=\"yoast-schema-graph\">{\"@context\":\"https:\\\/\\\/schema.org\",\"@graph\":[{\"@type\":\"WebPage\",\"@id\":\"https:\\\/\\\/www.empower2act.org\\\/sk\\\/zasady-ochrany-osobnych-udajov\\\/\",\"url\":\"https:\\\/\\\/www.empower2act.org\\\/sk\\\/zasady-ochrany-osobnych-udajov\\\/\",\"name\":\"Z\u00e1sady ochrany osobn\u00fdch \u00fadajov -\",\"isPartOf\":{\"@id\":\"https:\\\/\\\/www.empower2act.org\\\/sk\\\/#website\"},\"datePublished\":\"2025-01-28T11:41:22+00:00\",\"dateModified\":\"2025-10-07T09:32:04+00:00\",\"breadcrumb\":{\"@id\":\"https:\\\/\\\/www.empower2act.org\\\/sk\\\/zasady-ochrany-osobnych-udajov\\\/#breadcrumb\"},\"inLanguage\":\"sk-SK\",\"potentialAction\":[{\"@type\":\"ReadAction\",\"target\":[\"https:\\\/\\\/www.empower2act.org\\\/sk\\\/zasady-ochrany-osobnych-udajov\\\/\"]}]},{\"@type\":\"BreadcrumbList\",\"@id\":\"https:\\\/\\\/www.empower2act.org\\\/sk\\\/zasady-ochrany-osobnych-udajov\\\/#breadcrumb\",\"itemListElement\":[{\"@type\":\"ListItem\",\"position\":1,\"name\":\"Portada\",\"item\":\"https:\\\/\\\/www.empower2act.org\\\/sk\\\/\"},{\"@type\":\"ListItem\",\"position\":2,\"name\":\"Z\u00e1sady ochrany osobn\u00fdch \u00fadajov\"}]},{\"@type\":\"WebSite\",\"@id\":\"https:\\\/\\\/www.empower2act.org\\\/sk\\\/#website\",\"url\":\"https:\\\/\\\/www.empower2act.org\\\/sk\\\/\",\"name\":\"empower2act\",\"description\":\"\",\"publisher\":{\"@id\":\"https:\\\/\\\/www.empower2act.org\\\/sk\\\/#organization\"},\"potentialAction\":[{\"@type\":\"SearchAction\",\"target\":{\"@type\":\"EntryPoint\",\"urlTemplate\":\"https:\\\/\\\/www.empower2act.org\\\/sk\\\/?s={search_term_string}\"},\"query-input\":{\"@type\":\"PropertyValueSpecification\",\"valueRequired\":true,\"valueName\":\"search_term_string\"}}],\"inLanguage\":\"sk-SK\"},{\"@type\":\"Organization\",\"@id\":\"https:\\\/\\\/www.empower2act.org\\\/sk\\\/#organization\",\"name\":\"empower2act\",\"url\":\"https:\\\/\\\/www.empower2act.org\\\/sk\\\/\",\"logo\":{\"@type\":\"ImageObject\",\"inLanguage\":\"sk-SK\",\"@id\":\"https:\\\/\\\/www.empower2act.org\\\/sk\\\/#\\\/schema\\\/logo\\\/image\\\/\",\"url\":\"https:\\\/\\\/www.empower2act.org\\\/wp-content\\\/uploads\\\/2025\\\/01\\\/IDEA-LOGO.jpg\",\"contentUrl\":\"https:\\\/\\\/www.empower2act.org\\\/wp-content\\\/uploads\\\/2025\\\/01\\\/IDEA-LOGO.jpg\",\"width\":1213,\"height\":411,\"caption\":\"empower2act\"},\"image\":{\"@id\":\"https:\\\/\\\/www.empower2act.org\\\/sk\\\/#\\\/schema\\\/logo\\\/image\\\/\"}}]}<\/script>\n<!-- \/ Yoast SEO plugin. -->","yoast_head_json":{"title":"Z\u00e1sady ochrany osobn\u00fdch \u00fadajov -","robots":{"index":"index","follow":"follow","max-snippet":"max-snippet:-1","max-image-preview":"max-image-preview:large","max-video-preview":"max-video-preview:-1"},"canonical":"https:\/\/www.empower2act.org\/sk\/zasady-ochrany-osobnych-udajov\/","og_locale":"sk_SK","og_type":"article","og_title":"Z\u00e1sady ochrany osobn\u00fdch \u00fadajov -","og_description":"Koment\u00e1re Adresa na\u0161ej webovej str\u00e1nky je: https:\/\/www.empower2act.org. Koment\u00e1re Navrhovan\u00fd text: Ke\u010f n\u00e1v\u0161tevn\u00edci zanechaj\u00fa koment\u00e1r na str\u00e1nke, zhroma\u017e\u010fujeme \u00fadaje zobrazen\u00e9 vo [&hellip;]","og_url":"https:\/\/www.empower2act.org\/sk\/zasady-ochrany-osobnych-udajov\/","article_modified_time":"2025-10-07T09:32:04+00:00","twitter_card":"summary_large_image","twitter_misc":{"Predpokladan\u00fd \u010das \u010d\u00edtania":"4 min\u00faty"},"schema":{"@context":"https:\/\/schema.org","@graph":[{"@type":"WebPage","@id":"https:\/\/www.empower2act.org\/sk\/zasady-ochrany-osobnych-udajov\/","url":"https:\/\/www.empower2act.org\/sk\/zasady-ochrany-osobnych-udajov\/","name":"Z\u00e1sady ochrany osobn\u00fdch \u00fadajov -","isPartOf":{"@id":"https:\/\/www.empower2act.org\/sk\/#website"},"datePublished":"2025-01-28T11:41:22+00:00","dateModified":"2025-10-07T09:32:04+00:00","breadcrumb":{"@id":"https:\/\/www.empower2act.org\/sk\/zasady-ochrany-osobnych-udajov\/#breadcrumb"},"inLanguage":"sk-SK","potentialAction":[{"@type":"ReadAction","target":["https:\/\/www.empower2act.org\/sk\/zasady-ochrany-osobnych-udajov\/"]}]},{"@type":"BreadcrumbList","@id":"https:\/\/www.empower2act.org\/sk\/zasady-ochrany-osobnych-udajov\/#breadcrumb","itemListElement":[{"@type":"ListItem","position":1,"name":"Portada","item":"https:\/\/www.empower2act.org\/sk\/"},{"@type":"ListItem","position":2,"name":"Z\u00e1sady ochrany osobn\u00fdch \u00fadajov"}]},{"@type":"WebSite","@id":"https:\/\/www.empower2act.org\/sk\/#website","url":"https:\/\/www.empower2act.org\/sk\/","name":"empower2act","description":"","publisher":{"@id":"https:\/\/www.empower2act.org\/sk\/#organization"},"potentialAction":[{"@type":"SearchAction","target":{"@type":"EntryPoint","urlTemplate":"https:\/\/www.empower2act.org\/sk\/?s={search_term_string}"},"query-input":{"@type":"PropertyValueSpecification","valueRequired":true,"valueName":"search_term_string"}}],"inLanguage":"sk-SK"},{"@type":"Organization","@id":"https:\/\/www.empower2act.org\/sk\/#organization","name":"empower2act","url":"https:\/\/www.empower2act.org\/sk\/","logo":{"@type":"ImageObject","inLanguage":"sk-SK","@id":"https:\/\/www.empower2act.org\/sk\/#\/schema\/logo\/image\/","url":"https:\/\/www.empower2act.org\/wp-content\/uploads\/2025\/01\/IDEA-LOGO.jpg","contentUrl":"https:\/\/www.empower2act.org\/wp-content\/uploads\/2025\/01\/IDEA-LOGO.jpg","width":1213,"height":411,"caption":"empower2act"},"image":{"@id":"https:\/\/www.empower2act.org\/sk\/#\/schema\/logo\/image\/"}}]}},"uagb_featured_image_src":{"full":false,"thumbnail":false,"medium":false,"medium_large":false,"large":false,"1536x1536":false,"2048x2048":false},"uagb_author_info":{"display_name":"adminJULIACUNY","author_link":"https:\/\/www.empower2act.org\/sk\/author\/adminjuliacuny\/"},"uagb_comment_info":0,"uagb_excerpt":"Koment\u00e1re Adresa na\u0161ej webovej str\u00e1nky je: https:\/\/www.empower2act.org. Koment\u00e1re Navrhovan\u00fd text: Ke\u010f n\u00e1v\u0161tevn\u00edci zanechaj\u00fa koment\u00e1r na str\u00e1nke, zhroma\u017e\u010fujeme \u00fadaje zobrazen\u00e9 vo [&hellip;]","_links":{"self":[{"href":"https:\/\/www.empower2act.org\/sk\/wp-json\/wp\/v2\/pages\/1176","targetHints":{"allow":["GET"]}}],"collection":[{"href":"https:\/\/www.empower2act.org\/sk\/wp-json\/wp\/v2\/pages"}],"about":[{"href":"https:\/\/www.empower2act.org\/sk\/wp-json\/wp\/v2\/types\/page"}],"author":[{"embeddable":true,"href":"https:\/\/www.empower2act.org\/sk\/wp-json\/wp\/v2\/users\/1"}],"replies":[{"embeddable":true,"href":"https:\/\/www.empower2act.org\/sk\/wp-json\/wp\/v2\/comments?post=1176"}],"version-history":[{"count":3,"href":"https:\/\/www.empower2act.org\/sk\/wp-json\/wp\/v2\/pages\/1176\/revisions"}],"predecessor-version":[{"id":1290,"href":"https:\/\/www.empower2act.org\/sk\/wp-json\/wp\/v2\/pages\/1176\/revisions\/1290"}],"wp:attachment":[{"href":"https:\/\/www.empower2act.org\/sk\/wp-json\/wp\/v2\/media?parent=1176"}],"curies":[{"name":"wp","href":"https:\/\/api.w.org\/{rel}","templated":true}]}}