{"id":1240,"date":"2025-06-27T10:06:01","date_gmt":"2025-06-27T08:06:01","guid":{"rendered":"https:\/\/www.empower2act.org\/pravne-upozornenie\/"},"modified":"2025-07-03T10:06:54","modified_gmt":"2025-07-03T08:06:54","slug":"pravne-upozornenie","status":"publish","type":"page","link":"https:\/\/www.empower2act.org\/sk\/pravne-upozornenie\/","title":{"rendered":"Pr\u00e1vne upozornenie."},"content":{"rendered":"\n<h2 class=\"wp-block-heading\">\ud83c\uddea\ud83c\uddfa <strong>PR\u00c1VNE UPOZORNENIE<\/strong><\/h2>\n\n<p><strong>Posledn\u00e1 aktualiz\u00e1cia<\/strong>: 26. j\u00fana 2025<\/p>\n\n<h3 class=\"wp-block-heading\">1. Vlastn\u00edk str\u00e1nky a kontaktn\u00e9 inform\u00e1cie<\/h3>\n\n<p><strong>Vlastn\u00edk<\/strong>: Nad\u00e1cia INTRAS<br\/><strong>Webov\u00e1 str\u00e1nka<\/strong>: <a class=\"\" href=\"https:\/\/www.empower2act.org\/sk\/\">https:\/\/www.empower2act.org<\/a><br\/><strong>Kontaktn\u00fd e-mail<\/strong>: dpo@intras.es<br\/><strong>Po\u0161tov\u00e1 adresa<\/strong>: <strong>Nad\u00e1cia INTRAS<\/strong><br\/>C\/ Mart\u00edn Santos Romero, 1. 47016 Valladolid. Tel. 0034 0034 983 399 633 <a href=\"http:\/\/www.intras.es\">www.intras.es<\/a>   <\/p>\n\n<p><\/p>\n\n<hr class=\"wp-block-separator has-alpha-channel-opacity\"\/>\n\n<h3 class=\"wp-block-heading\">2. Podmienky pou\u017e\u00edvania<\/h3>\n\n<p>Pr\u00edstupom na t\u00fato webov\u00fa str\u00e1nku a jej pou\u017e\u00edvan\u00edm z\u00edskavate status pou\u017e\u00edvate\u013ea a s\u00fahlas\u00edte s t\u00fdmito podmienkami pou\u017e\u00edvania.<\/p>\n\n<p>Pou\u017e\u00edvatelia s\u00fahlasia s pou\u017e\u00edvan\u00edm webovej str\u00e1nky a jej obsahu z\u00e1konn\u00fdm, zodpovedn\u00fdm a \u00factiv\u00fdm sp\u00f4sobom. Nasleduj\u00face sp\u00f4soby pou\u017eitia s\u00fa v\u00fdslovne zak\u00e1zan\u00e9: <\/p>\n\n<ul class=\"wp-block-list\">\n<li>Zapojenie sa do nez\u00e1konn\u00fdch alebo podvodn\u00fdch aktiv\u00edt.<\/li>\n\n\n\n<li>Poskytnutie fyzick\u00fdch alebo logick\u00fdch syst\u00e9mov Fundaci\u00f3n INTRAS, jej poskytovate\u013eov alebo tret\u00edch str\u00e1n.<\/li>\n\n\n\n<li>Zav\u00e1dzanie alebo \u0161\u00edrenie po\u010d\u00edta\u010dov\u00fdch v\u00edrusov alebo in\u00e9ho \u0161kodliv\u00e9ho k\u00f3du.<\/li>\n\n\n\n<li>Pokus o z\u00edskanie neopr\u00e1vnen\u00e9ho pr\u00edstupu k webovej str\u00e1nke alebo s\u00favisiacim syst\u00e9mom.<\/li>\n<\/ul>\n\n<p>Nad\u00e1cia INTRAS si vyhradzuje pr\u00e1vo odmietnu\u0165 pr\u00edstup na webov\u00fa str\u00e1nku pou\u017e\u00edvate\u013eom, ktor\u00ed poru\u0161ia tieto podmienky.<\/p>\n\n<hr class=\"wp-block-separator has-alpha-channel-opacity\"\/>\n\n<h3 class=\"wp-block-heading\">3. Du\u0161evn\u00e9 vlastn\u00edctvo<\/h3>\n\n<p>V\u0161etok obsah na tejto webovej str\u00e1nke vr\u00e1tane, ale nie v\u00fdlu\u010dne, textu, obr\u00e1zkov, grafiky, log, dizajnu, zdrojov\u00e9ho k\u00f3du a \u0161trukt\u00fary je du\u0161evn\u00fdm vlastn\u00edctvom Fundaci\u00f3n INTRAS alebo jej licencovan\u00fdch partnerov a je chr\u00e1nen\u00fd platn\u00fdmi z\u00e1konmi o du\u0161evnom vlastn\u00edctve v Eur\u00f3pskej \u00fanii.<\/p>\n\n<p>Je pr\u00edsne zak\u00e1zan\u00e9 reprodukova\u0165, \u0161\u00edri\u0165, verejne komunikova\u0165 alebo upravova\u0165 ak\u00fdko\u013evek obsah webovej str\u00e1nky bez predch\u00e1dzaj\u00faceho p\u00edsomn\u00e9ho s\u00fahlasu vlastn\u00edka.<\/p>\n\n<hr class=\"wp-block-separator has-alpha-channel-opacity\"\/>\n\n<h3 class=\"wp-block-heading\">4. Extern\u00e9 odkazy<\/h3>\n\n<p>T\u00e1to webov\u00e1 str\u00e1nka m\u00f4\u017ee obsahova\u0165 odkazy na extern\u00e9 webov\u00e9 str\u00e1nky. Fundaci\u00f3n INTRAS nem\u00e1 \u017eiadnu kontrolu nad t\u00fdmito webov\u00fdmi str\u00e1nkami a nezodpoved\u00e1 za ich obsah ani za \u017eiadne \u0161kody, ktor\u00e9 m\u00f4\u017eu vznikn\u00fa\u0165 v d\u00f4sledku ich pr\u00edstupu alebo pou\u017e\u00edvania. <\/p>\n\n<p>Zahrnutie tak\u00fdchto odkazov neznamen\u00e1 \u017eiadny druh prepojenia alebo schv\u00e1lenia zo strany Fundaci\u00f3n INTRAS.<\/p>\n\n<hr class=\"wp-block-separator has-alpha-channel-opacity\"\/>\n\n<h3 class=\"wp-block-heading\">5. Rozhodn\u00e9 pr\u00e1vo a jurisdikcia<\/h3>\n\n<p>Toto pr\u00e1vne upozornenie sa riadi z\u00e1konmi <strong>Eur\u00f3pskej \u00fanie<\/strong> a pr\u00edpadne aj z\u00e1konmi <strong>\u0160panielska<\/strong>, vr\u00e1tane, ale nie v\u00fdlu\u010dne:<\/p>\n\n<ul class=\"wp-block-list\">\n<li><strong>Nariadenie (E\u00da) 2016\/679<\/strong> o ochrane osobn\u00fdch \u00fadajov (v\u0161eobecn\u00e9 nariadenie o ochrane \u00fadajov \u2013 GDPR).<\/li>\n\n\n\n<li><strong>\u0160panielsky z\u00e1kon 34\/2002 <\/strong>z 11. j\u00fala o slu\u017eb\u00e1ch informa\u010dnej spolo\u010dnosti a elektronickom obchode (LSSI-CE).<\/li>\n<\/ul>\n\n<p>V pr\u00edpade ak\u00e9hoko\u013evek sporu, a pokia\u013e to nevy\u017eaduj\u00fa predpisy o ochrane spotrebite\u013ea, sa strany dohodli, \u017ee sa podriadia jurisdikcii s\u00fadov vo<strong> Valladolide v \u0160panielsku<\/strong>, kde m\u00e1 s\u00eddlo Fundaci\u00f3n INTRAS.<\/p>\n\n<hr class=\"wp-block-separator has-alpha-channel-opacity\"\/>\n\n<h3 class=\"wp-block-heading\">\ud83d\udccc Ozn\u00e1menie<\/h3>\n\n<p>Toto pr\u00e1vne ozn\u00e1menie je s\u00fa\u010das\u0165ou kompletn\u00e9ho bal\u00edka dodr\u017eiavania pr\u00e1vnych predpisov, ktor\u00fd zah\u0155\u0148a aj na\u0161e <a href=\"https:\/\/www.empower2act.org\/sk\/zasady-spracovania-udajov\/\">Z\u00e1sady ochrany osobn\u00fdch \u00fadajov<\/a> a <a href=\"https:\/\/www.empower2act.org\/sk\/zasady-pouzivania-suborov-cookie-eu\/\">Z\u00e1sady pou\u017e\u00edvania s\u00faborov cookie.<\/a><\/p>\n","protected":false},"excerpt":{"rendered":"<p>\ud83c\uddea\ud83c\uddfa PR\u00c1VNE UPOZORNENIE Posledn\u00e1 aktualiz\u00e1cia: 26. j\u00fana 2025 1. Vlastn\u00edk str\u00e1nky a kontaktn\u00e9 inform\u00e1cie Vlastn\u00edk: Nad\u00e1cia INTRASWebov\u00e1 str\u00e1nka: https:\/\/www.empower2act.orgKontaktn\u00fd e-mail: [&hellip;]<\/p>\n","protected":false},"author":1,"featured_media":0,"parent":0,"menu_order":0,"comment_status":"closed","ping_status":"closed","template":"","meta":{"_coblocks_attr":"","_coblocks_dimensions":"","_coblocks_responsive_height":"","_coblocks_accordion_ie_support":"","_uag_custom_page_level_css":"","site-sidebar-layout":"default","site-content-layout":"","ast-site-content-layout":"","site-content-style":"default","site-sidebar-style":"default","ast-global-header-display":"","ast-banner-title-visibility":"","ast-main-header-display":"","ast-hfb-above-header-display":"","ast-hfb-below-header-display":"","ast-hfb-mobile-header-display":"","site-post-title":"disabled","ast-breadcrumbs-content":"","ast-featured-img":"","footer-sml-layout":"","ast-disable-related-posts":"","theme-transparent-header-meta":"","adv-header-id-meta":"","stick-header-meta":"","header-above-stick-meta":"","header-main-stick-meta":"","header-below-stick-meta":"","astra-migrate-meta-layouts":"default","ast-page-background-enabled":"default","ast-page-background-meta":{"desktop":{"background-color":"var(--ast-global-color-5)","background-image":"","background-repeat":"repeat","background-position":"center center","background-size":"auto","background-attachment":"scroll","background-type":"","background-media":"","overlay-type":"","overlay-color":"","overlay-opacity":"","overlay-gradient":""},"tablet":{"background-color":"","background-image":"","background-repeat":"repeat","background-position":"center center","background-size":"auto","background-attachment":"scroll","background-type":"","background-media":"","overlay-type":"","overlay-color":"","overlay-opacity":"","overlay-gradient":""},"mobile":{"background-color":"","background-image":"","background-repeat":"repeat","background-position":"center center","background-size":"auto","background-attachment":"scroll","background-type":"","background-media":"","overlay-type":"","overlay-color":"","overlay-opacity":"","overlay-gradient":""}},"ast-content-background-meta":{"desktop":{"background-color":"var(--ast-global-color-4)","background-image":"","background-repeat":"repeat","background-position":"center center","background-size":"auto","background-attachment":"scroll","background-type":"","background-media":"","overlay-type":"","overlay-color":"","overlay-opacity":"","overlay-gradient":""},"tablet":{"background-color":"var(--ast-global-color-4)","background-image":"","background-repeat":"repeat","background-position":"center center","background-size":"auto","background-attachment":"scroll","background-type":"","background-media":"","overlay-type":"","overlay-color":"","overlay-opacity":"","overlay-gradient":""},"mobile":{"background-color":"var(--ast-global-color-4)","background-image":"","background-repeat":"repeat","background-position":"center center","background-size":"auto","background-attachment":"scroll","background-type":"","background-media":"","overlay-type":"","overlay-color":"","overlay-opacity":"","overlay-gradient":""}},"footnotes":""},"class_list":["post-1240","page","type-page","status-publish","hentry"],"yoast_head":"<!-- This site is optimized with the Yoast SEO plugin v27.4 - https:\/\/yoast.com\/product\/yoast-seo-wordpress\/ -->\n<title>Pr\u00e1vne upozornenie. -<\/title>\n<meta name=\"robots\" content=\"index, follow, max-snippet:-1, max-image-preview:large, max-video-preview:-1\" \/>\n<link rel=\"canonical\" href=\"https:\/\/www.empower2act.org\/sk\/pravne-upozornenie\/\" \/>\n<meta property=\"og:locale\" content=\"sk_SK\" \/>\n<meta property=\"og:type\" content=\"article\" \/>\n<meta property=\"og:title\" content=\"Pr\u00e1vne upozornenie. -\" \/>\n<meta property=\"og:description\" content=\"\ud83c\uddea\ud83c\uddfa PR\u00c1VNE UPOZORNENIE Posledn\u00e1 aktualiz\u00e1cia: 26. j\u00fana 2025 1. Vlastn\u00edk str\u00e1nky a kontaktn\u00e9 inform\u00e1cie Vlastn\u00edk: Nad\u00e1cia INTRASWebov\u00e1 str\u00e1nka: https:\/\/www.empower2act.orgKontaktn\u00fd e-mail: [&hellip;]\" \/>\n<meta property=\"og:url\" content=\"https:\/\/www.empower2act.org\/sk\/pravne-upozornenie\/\" \/>\n<meta property=\"article:modified_time\" content=\"2025-07-03T08:06:54+00:00\" \/>\n<meta name=\"twitter:card\" content=\"summary_large_image\" \/>\n<meta name=\"twitter:label1\" content=\"Predpokladan\u00fd \u010das \u010d\u00edtania\" \/>\n\t<meta name=\"twitter:data1\" content=\"2 min\u00faty\" \/>\n<script type=\"application\/ld+json\" class=\"yoast-schema-graph\">{\"@context\":\"https:\\\/\\\/schema.org\",\"@graph\":[{\"@type\":\"WebPage\",\"@id\":\"https:\\\/\\\/www.empower2act.org\\\/sk\\\/pravne-upozornenie\\\/\",\"url\":\"https:\\\/\\\/www.empower2act.org\\\/sk\\\/pravne-upozornenie\\\/\",\"name\":\"Pr\u00e1vne upozornenie. -\",\"isPartOf\":{\"@id\":\"https:\\\/\\\/www.empower2act.org\\\/sk\\\/#website\"},\"datePublished\":\"2025-06-27T08:06:01+00:00\",\"dateModified\":\"2025-07-03T08:06:54+00:00\",\"breadcrumb\":{\"@id\":\"https:\\\/\\\/www.empower2act.org\\\/sk\\\/pravne-upozornenie\\\/#breadcrumb\"},\"inLanguage\":\"sk-SK\",\"potentialAction\":[{\"@type\":\"ReadAction\",\"target\":[\"https:\\\/\\\/www.empower2act.org\\\/sk\\\/pravne-upozornenie\\\/\"]}]},{\"@type\":\"BreadcrumbList\",\"@id\":\"https:\\\/\\\/www.empower2act.org\\\/sk\\\/pravne-upozornenie\\\/#breadcrumb\",\"itemListElement\":[{\"@type\":\"ListItem\",\"position\":1,\"name\":\"Portada\",\"item\":\"https:\\\/\\\/www.empower2act.org\\\/sk\\\/\"},{\"@type\":\"ListItem\",\"position\":2,\"name\":\"Pr\u00e1vne upozornenie.\"}]},{\"@type\":\"WebSite\",\"@id\":\"https:\\\/\\\/www.empower2act.org\\\/sk\\\/#website\",\"url\":\"https:\\\/\\\/www.empower2act.org\\\/sk\\\/\",\"name\":\"empower2act\",\"description\":\"\",\"publisher\":{\"@id\":\"https:\\\/\\\/www.empower2act.org\\\/sk\\\/#organization\"},\"potentialAction\":[{\"@type\":\"SearchAction\",\"target\":{\"@type\":\"EntryPoint\",\"urlTemplate\":\"https:\\\/\\\/www.empower2act.org\\\/sk\\\/?s={search_term_string}\"},\"query-input\":{\"@type\":\"PropertyValueSpecification\",\"valueRequired\":true,\"valueName\":\"search_term_string\"}}],\"inLanguage\":\"sk-SK\"},{\"@type\":\"Organization\",\"@id\":\"https:\\\/\\\/www.empower2act.org\\\/sk\\\/#organization\",\"name\":\"empower2act\",\"url\":\"https:\\\/\\\/www.empower2act.org\\\/sk\\\/\",\"logo\":{\"@type\":\"ImageObject\",\"inLanguage\":\"sk-SK\",\"@id\":\"https:\\\/\\\/www.empower2act.org\\\/sk\\\/#\\\/schema\\\/logo\\\/image\\\/\",\"url\":\"https:\\\/\\\/www.empower2act.org\\\/wp-content\\\/uploads\\\/2025\\\/01\\\/IDEA-LOGO.jpg\",\"contentUrl\":\"https:\\\/\\\/www.empower2act.org\\\/wp-content\\\/uploads\\\/2025\\\/01\\\/IDEA-LOGO.jpg\",\"width\":1213,\"height\":411,\"caption\":\"empower2act\"},\"image\":{\"@id\":\"https:\\\/\\\/www.empower2act.org\\\/sk\\\/#\\\/schema\\\/logo\\\/image\\\/\"}}]}<\/script>\n<!-- \/ Yoast SEO plugin. -->","yoast_head_json":{"title":"Pr\u00e1vne upozornenie. -","robots":{"index":"index","follow":"follow","max-snippet":"max-snippet:-1","max-image-preview":"max-image-preview:large","max-video-preview":"max-video-preview:-1"},"canonical":"https:\/\/www.empower2act.org\/sk\/pravne-upozornenie\/","og_locale":"sk_SK","og_type":"article","og_title":"Pr\u00e1vne upozornenie. -","og_description":"\ud83c\uddea\ud83c\uddfa PR\u00c1VNE UPOZORNENIE Posledn\u00e1 aktualiz\u00e1cia: 26. j\u00fana 2025 1. Vlastn\u00edk str\u00e1nky a kontaktn\u00e9 inform\u00e1cie Vlastn\u00edk: Nad\u00e1cia INTRASWebov\u00e1 str\u00e1nka: https:\/\/www.empower2act.orgKontaktn\u00fd e-mail: [&hellip;]","og_url":"https:\/\/www.empower2act.org\/sk\/pravne-upozornenie\/","article_modified_time":"2025-07-03T08:06:54+00:00","twitter_card":"summary_large_image","twitter_misc":{"Predpokladan\u00fd \u010das \u010d\u00edtania":"2 min\u00faty"},"schema":{"@context":"https:\/\/schema.org","@graph":[{"@type":"WebPage","@id":"https:\/\/www.empower2act.org\/sk\/pravne-upozornenie\/","url":"https:\/\/www.empower2act.org\/sk\/pravne-upozornenie\/","name":"Pr\u00e1vne upozornenie. -","isPartOf":{"@id":"https:\/\/www.empower2act.org\/sk\/#website"},"datePublished":"2025-06-27T08:06:01+00:00","dateModified":"2025-07-03T08:06:54+00:00","breadcrumb":{"@id":"https:\/\/www.empower2act.org\/sk\/pravne-upozornenie\/#breadcrumb"},"inLanguage":"sk-SK","potentialAction":[{"@type":"ReadAction","target":["https:\/\/www.empower2act.org\/sk\/pravne-upozornenie\/"]}]},{"@type":"BreadcrumbList","@id":"https:\/\/www.empower2act.org\/sk\/pravne-upozornenie\/#breadcrumb","itemListElement":[{"@type":"ListItem","position":1,"name":"Portada","item":"https:\/\/www.empower2act.org\/sk\/"},{"@type":"ListItem","position":2,"name":"Pr\u00e1vne upozornenie."}]},{"@type":"WebSite","@id":"https:\/\/www.empower2act.org\/sk\/#website","url":"https:\/\/www.empower2act.org\/sk\/","name":"empower2act","description":"","publisher":{"@id":"https:\/\/www.empower2act.org\/sk\/#organization"},"potentialAction":[{"@type":"SearchAction","target":{"@type":"EntryPoint","urlTemplate":"https:\/\/www.empower2act.org\/sk\/?s={search_term_string}"},"query-input":{"@type":"PropertyValueSpecification","valueRequired":true,"valueName":"search_term_string"}}],"inLanguage":"sk-SK"},{"@type":"Organization","@id":"https:\/\/www.empower2act.org\/sk\/#organization","name":"empower2act","url":"https:\/\/www.empower2act.org\/sk\/","logo":{"@type":"ImageObject","inLanguage":"sk-SK","@id":"https:\/\/www.empower2act.org\/sk\/#\/schema\/logo\/image\/","url":"https:\/\/www.empower2act.org\/wp-content\/uploads\/2025\/01\/IDEA-LOGO.jpg","contentUrl":"https:\/\/www.empower2act.org\/wp-content\/uploads\/2025\/01\/IDEA-LOGO.jpg","width":1213,"height":411,"caption":"empower2act"},"image":{"@id":"https:\/\/www.empower2act.org\/sk\/#\/schema\/logo\/image\/"}}]}},"uagb_featured_image_src":{"full":false,"thumbnail":false,"medium":false,"medium_large":false,"large":false,"1536x1536":false,"2048x2048":false},"uagb_author_info":{"display_name":"adminJULIACUNY","author_link":"https:\/\/www.empower2act.org\/sk\/author\/adminjuliacuny\/"},"uagb_comment_info":0,"uagb_excerpt":"\ud83c\uddea\ud83c\uddfa PR\u00c1VNE UPOZORNENIE Posledn\u00e1 aktualiz\u00e1cia: 26. j\u00fana 2025 1. Vlastn\u00edk str\u00e1nky a kontaktn\u00e9 inform\u00e1cie Vlastn\u00edk: Nad\u00e1cia INTRASWebov\u00e1 str\u00e1nka: https:\/\/www.empower2act.orgKontaktn\u00fd e-mail: [&hellip;]","_links":{"self":[{"href":"https:\/\/www.empower2act.org\/sk\/wp-json\/wp\/v2\/pages\/1240","targetHints":{"allow":["GET"]}}],"collection":[{"href":"https:\/\/www.empower2act.org\/sk\/wp-json\/wp\/v2\/pages"}],"about":[{"href":"https:\/\/www.empower2act.org\/sk\/wp-json\/wp\/v2\/types\/page"}],"author":[{"embeddable":true,"href":"https:\/\/www.empower2act.org\/sk\/wp-json\/wp\/v2\/users\/1"}],"replies":[{"embeddable":true,"href":"https:\/\/www.empower2act.org\/sk\/wp-json\/wp\/v2\/comments?post=1240"}],"version-history":[{"count":1,"href":"https:\/\/www.empower2act.org\/sk\/wp-json\/wp\/v2\/pages\/1240\/revisions"}],"predecessor-version":[{"id":1247,"href":"https:\/\/www.empower2act.org\/sk\/wp-json\/wp\/v2\/pages\/1240\/revisions\/1247"}],"wp:attachment":[{"href":"https:\/\/www.empower2act.org\/sk\/wp-json\/wp\/v2\/media?parent=1240"}],"curies":[{"name":"wp","href":"https:\/\/api.w.org\/{rel}","templated":true}]}}