{"id":1156,"date":"2025-04-10T10:45:22","date_gmt":"2025-04-10T08:45:22","guid":{"rendered":"https:\/\/www.empower2act.org\/cerez-politikasi-ab\/"},"modified":"2025-07-02T12:33:39","modified_gmt":"2025-07-02T10:33:39","slug":"cerez-politikasi-ab","status":"publish","type":"page","link":"https:\/\/www.empower2act.org\/tr\/cerez-politikasi-ab\/","title":{"rendered":"\u00c7erez Politikas\u0131 (AB)"},"content":{"rendered":"\n<div class=\"cmplz-document cookie-statement cmplz-document-eu\" id=\"cmplz-document\"><p><br><\/p><\/div>\n<p><br\/>Bu \u00e7erez politikas\u0131 en son 10 Nisan 2025 tarihinde g\u00fcncellenmi\u015ftir ve Avrupa Ekonomik Alan\u0131 ve \u0130svi\u00e7re vatanda\u015flar\u0131 ve yasal daimi ikamet edenler i\u00e7in ge\u00e7erlidir.<\/p>\n\n<h3 class=\"wp-block-heading\">1. Giri\u015f<\/h3>\n\n<p>Web sitemiz <a href=\"https:\/\/www.empower2act.org\/tr\/\">https:\/\/www.empower2act.org <\/a>(bundan b\u00f6yle &#8220;web sitesi&#8221; olarak an\u0131lacakt\u0131r), \u00e7erezler ve di\u011fer ilgili teknolojileri kullan\u0131r (kolayl\u0131k olmas\u0131 a\u00e7\u0131s\u0131ndan, bu t\u00fcr teknolojilerin t\u00fcm\u00fcne &#8220;\u00e7erezler&#8221; denir). \u00c7erezler ayr\u0131ca bizim g\u00f6revlendirdi\u011fimiz \u00fc\u00e7\u00fcnc\u00fc taraflarca da yerle\u015ftirilir. Bu belgede, web sitemizde \u00e7erezlerin kullan\u0131m\u0131 hakk\u0131nda sizi bilgilendiriyoruz.  <\/p>\n\n<h3 class=\"wp-block-heading\">2. \u00c7erezler nelerdir?<\/h3>\n\n<p>\u00c7erez, bu web sitesinin sayfalar\u0131yla birlikte g\u00f6nderilen ve taray\u0131c\u0131n\u0131z taraf\u0131ndan bilgisayar\u0131n\u0131z\u0131n sabit s\u00fcr\u00fcc\u00fcs\u00fcnde veya di\u011fer bir cihazda saklanan k\u00fc\u00e7\u00fck bir dosyad\u0131r. Saklanan bilgiler, sonraki bir ziyaret s\u0131ras\u0131nda sunucular\u0131m\u0131za veya ilgili \u00fc\u00e7\u00fcnc\u00fc taraflar\u0131n sunucular\u0131na geri g\u00f6nderilebilir. <\/p>\n\n<h3 class=\"wp-block-heading\">3. Senaryolar nelerdir?<\/h3>\n\n<p>Bir betik, web sitemizin d\u00fczg\u00fcn ve etkile\u015fimli bir \u015fekilde \u00e7al\u0131\u015fmas\u0131n\u0131 sa\u011flamak i\u00e7in kullan\u0131lan bir program kodu par\u00e7as\u0131d\u0131r. Bu kod sunucumuzda veya cihaz\u0131n\u0131zda \u00e7al\u0131\u015f\u0131r. <\/p>\n\n<h3 class=\"wp-block-heading\">4. Web i\u015faret\u00e7isi nedir?<\/h3>\n\n<p>Bir web i\u015faret\u00e7isi (veya piksel etiketi), web trafi\u011fini izlemek i\u00e7in kullan\u0131lan bir web sitesindeki k\u00fc\u00e7\u00fck, g\u00f6r\u00fcnmez bir metin veya resim par\u00e7as\u0131d\u0131r. Bu web i\u015faret\u00e7ileri kullan\u0131larak hakk\u0131n\u0131zdaki \u00e7e\u015fitli veriler depolan\u0131r. <\/p>\n\n<h3 class=\"wp-block-heading\">5. \u00c7erezler<\/h3>\n\n<h4 class=\"wp-block-heading\">5.1 Teknik veya i\u015flevsel \u00e7erezler<\/h4>\n\n<p>Baz\u0131 \u00e7erezler, web sitesinin belirli b\u00f6l\u00fcmlerinin do\u011fru \u015fekilde \u00e7al\u0131\u015fmas\u0131n\u0131 ve kullan\u0131c\u0131 tercihlerinizin hat\u0131rlanmaya devam etmesini sa\u011flar. \u0130\u015flevsel \u00e7erezler yerle\u015ftirerek web sitemizi ziyaret etmenizi kolayla\u015ft\u0131r\u0131r\u0131z. Bu \u015fekilde, sitemizi ziyaret etti\u011finizde ayn\u0131 bilgileri tekrar tekrar girmenize gerek kalmaz ve \u00f6rne\u011fin, \u00f6deme yapana kadar \u00fcr\u00fcnler al\u0131\u015fveri\u015f sepetinizde kal\u0131r. Bu \u00e7erezleri sizin izniniz olmadan yerle\u015ftirebiliriz.   <\/p>\n\n<h4 class=\"wp-block-heading\">5.2 \u0130statistiksel \u00e7erezler<\/h4>\n\n<p>Web sitemizdeki kullan\u0131c\u0131 deneyimini optimize etmek i\u00e7in istatistiksel \u00e7erezler kullan\u0131yoruz. Bu istatistiksel \u00e7erezler bize web sitemizin nas\u0131l kullan\u0131ld\u0131\u011f\u0131na dair i\u00e7g\u00f6r\u00fcler sa\u011flar. \u0130statistiksel \u00e7erezleri yerle\u015ftirmek i\u00e7in izninizi istiyoruz.  <\/p>\n\n<h3 class=\"wp-block-heading\">6. Kullan\u0131lan \u00e7erezler<\/h3>\n\n<ul class=\"wp-block-list\">\n<li><strong>WordPress <\/strong>\u2013 \u0130\u015flevsel<br\/>WordPress hizmetine onay<\/li>\n\n\n\n<li><strong>Complianz<\/strong> \u2013 \u0130\u015flevsel<br\/>Hizmet onay\u0131 Complianz<\/li>\n\n\n\n<li><strong>\u00c7e\u015fitli <\/strong>\u2013 Ama\u00e7 soru\u015fturma bekliyor<br\/>Hizmet onay\u0131 \u00c7e\u015fitli<\/li>\n<\/ul>\n\n<h3 class=\"wp-block-heading\">7. Onay<\/h3>\n\n<p>Web sitemizi ilk kez ziyaret etti\u011finizde, \u00e7erezler hakk\u0131nda bir a\u00e7\u0131klama i\u00e7eren bir a\u00e7\u0131l\u0131r pencere g\u00f6sterece\u011fiz. &#8220;Tercihleri \u200b\u200bkaydet&#8221;e t\u0131klad\u0131\u011f\u0131n\u0131z anda, bu \u00e7erez politikas\u0131nda a\u00e7\u0131kland\u0131\u011f\u0131 gibi, a\u00e7\u0131l\u0131r pencerede se\u00e7ti\u011finiz \u00e7erez ve eklenti kategorilerini kullanmam\u0131za izin vermi\u015f olursunuz. \u00c7erez kullan\u0131m\u0131n\u0131 taray\u0131c\u0131n\u0131z arac\u0131l\u0131\u011f\u0131yla devre d\u0131\u015f\u0131 b\u0131rakabilirsiniz, ancak l\u00fctfen web sitemizin d\u00fczg\u00fcn \u00e7al\u0131\u015fmayabilece\u011fini unutmay\u0131n.  <\/p>\n\n<h4 class=\"wp-block-heading\">7.1 Onay ayarlar\u0131n\u0131z\u0131 y\u00f6netin<\/h4>\n\n<ul class=\"wp-block-list\">\n<li><strong>\u0130\u015flevsel <\/strong>\u2013 Her zaman aktif<\/li>\n\n\n\n<li><strong>\u0130statistikler <\/strong>\u2013 \u0130statistikler<\/li>\n<\/ul>\n\n<h3 class=\"wp-block-heading\">8. \u00c7erezleri etkinle\u015ftirme\/devre d\u0131\u015f\u0131 b\u0131rakma ve silme<\/h3>\n\n<p>\u00c7erezleri otomatik veya manuel olarak silmek i\u00e7in internet taray\u0131c\u0131n\u0131z\u0131 kullanabilirsiniz. Ayr\u0131ca belirli \u00e7erezlerin yerle\u015ftirilemeyece\u011fini de belirtebilirsiniz. Bir di\u011fer se\u00e7enek de internet taray\u0131c\u0131n\u0131z\u0131n ayarlar\u0131n\u0131, her \u00e7erez yerle\u015ftirildi\u011finde bir mesaj alacak \u015fekilde de\u011fi\u015ftirmektir. Bu se\u00e7enekler hakk\u0131nda daha fazla bilgi i\u00e7in taray\u0131c\u0131n\u0131z\u0131n &#8220;Yard\u0131m&#8221; b\u00f6l\u00fcm\u00fcndeki talimatlara bak\u0131n.   <\/p>\n\n<p>L\u00fctfen t\u00fcm \u00e7erezler devre d\u0131\u015f\u0131 b\u0131rak\u0131l\u0131rsa web sitemizin d\u00fczg\u00fcn \u00e7al\u0131\u015fmayabilece\u011fini unutmay\u0131n. Taray\u0131c\u0131n\u0131zdaki \u00e7erezleri silerseniz, web sitemizi tekrar ziyaret etti\u011finizde izninizden sonra tekrar yerle\u015ftirilecektir. <\/p>\n\n<h3 class=\"wp-block-heading\">9. Ki\u015fisel verilerinizle ilgili haklar\u0131n\u0131z<\/h3>\n\n<p>Ki\u015fisel verilerinizle ilgili olarak a\u015fa\u011f\u0131daki haklara sahipsiniz:<\/p>\n\n<ul class=\"wp-block-list\">\n<li><strong>Ki\u015fisel verilerinizin<\/strong> neden gerekli oldu\u011funu, bunlara ne olaca\u011f\u0131n\u0131 ve ne kadar s\u00fcreyle saklanaca\u011f\u0131n\u0131 bilme hakk\u0131n\u0131z.<\/li>\n\n\n\n<li><strong>Eri\u015fim hakk\u0131<\/strong>: Hakk\u0131n\u0131zda saklad\u0131\u011f\u0131m\u0131z ki\u015fisel verilere eri\u015fim hakk\u0131na sahipsiniz.<\/li>\n\n\n\n<li><strong>D\u00fczeltme hakk\u0131<\/strong>: Diledi\u011finiz zaman ki\u015fisel verilerinizi tamamlama, d\u00fczeltme, silme veya engelleme hakk\u0131na sahipsiniz.<\/li>\n\n\n\n<li>Verilerinizin i\u015flenmesine ili\u015fkin bize onay vermeniz halinde, bu onay\u0131 geri alma ve ki\u015fisel verilerinizin silinmesini talep etme hakk\u0131na sahipsiniz.<\/li>\n\n\n\n<li><strong>Veri ta\u015f\u0131nabilirli\u011fi hakk\u0131<\/strong>: Ki\u015fisel verilerinizin tamam\u0131n\u0131 veri sorumlusundan talep etme ve bunlar\u0131 ba\u015fka bir veri sorumlusuna eksiksiz olarak aktarma hakk\u0131na sahipsiniz.<\/li>\n\n\n\n<li><strong>\u0130tiraz hakk\u0131<\/strong>: Verilerinizin i\u015flenmesine itiraz edebilirsiniz. \u0130\u015fleme i\u00e7in me\u015fru gerek\u00e7eler olmad\u0131\u011f\u0131 s\u00fcrece uyaca\u011f\u0131z. <\/li>\n<\/ul>\n\n<p>Bu haklar\u0131 kullanmak i\u00e7in l\u00fctfen bizimle ileti\u015fime ge\u00e7in. Bu \u00e7erez politikas\u0131n\u0131n alt k\u0131sm\u0131ndaki ileti\u015fim bilgilerine bak\u0131n. Verilerinizi nas\u0131l i\u015fledi\u011fimizle ilgili herhangi bir \u015fikayetiniz varsa, bize bildirmenizden memnuniyet duyar\u0131z, ancak ayn\u0131 zamanda denetim otoritesine (veri koruma otoritesi) \u015fikayette bulunma hakk\u0131n\u0131z da vard\u0131r.  <\/p>\n\n<h3 class=\"wp-block-heading\">10. \u0130leti\u015fim bilgileri<\/h3>\n\n<p>\u00c7erez politikam\u0131z ve bu beyanla ilgili soru ve\/veya yorumlar\u0131n\u0131z varsa l\u00fctfen a\u015fa\u011f\u0131daki bilgileri kullanarak bizimle ileti\u015fime ge\u00e7in:<\/p>\n\n<p><strong>FUNDACI\u00d3N INTRAS<\/strong><br\/>Calle Mart\u00edn Santos Romero 1, Valladolid CP 47016<br\/>\u0130spanya<br\/>Web sitesi: <a href=\"https:\/\/www.empower2act.org\/tr\/\">https:\/\/www.empower2act.org<\/a><br\/>E-posta: <a href=\"mailto:jcp@intras.es\">dpo@intras.es<\/a><br\/>Telefon numaras\u0131: +34 983 399 633<\/p>\n\n<p>Bu \u00e7erez politikas\u0131 10 Nisan 2025 tarihinde <a href=\"https:\/\/cookiedatabase.org\/\">cookiedatabase.org<\/a> ile senkronize edildi.<\/p>\n","protected":false},"excerpt":{"rendered":"<p>Bu \u00e7erez politikas\u0131 en son 10 Nisan 2025 tarihinde g\u00fcncellenmi\u015ftir ve Avrupa Ekonomik Alan\u0131 ve \u0130svi\u00e7re vatanda\u015flar\u0131 ve yasal daimi [&hellip;]<\/p>\n","protected":false},"author":1,"featured_media":0,"parent":0,"menu_order":0,"comment_status":"closed","ping_status":"closed","template":"","meta":{"_coblocks_attr":"","_coblocks_dimensions":"","_coblocks_responsive_height":"","_coblocks_accordion_ie_support":"","_uag_custom_page_level_css":"","site-sidebar-layout":"default","site-content-layout":"","ast-site-content-layout":"default","site-content-style":"default","site-sidebar-style":"default","ast-global-header-display":"","ast-banner-title-visibility":"","ast-main-header-display":"","ast-hfb-above-header-display":"","ast-hfb-below-header-display":"","ast-hfb-mobile-header-display":"","site-post-title":"","ast-breadcrumbs-content":"","ast-featured-img":"","footer-sml-layout":"","ast-disable-related-posts":"","theme-transparent-header-meta":"","adv-header-id-meta":"","stick-header-meta":"","header-above-stick-meta":"","header-main-stick-meta":"","header-below-stick-meta":"","astra-migrate-meta-layouts":"default","ast-page-background-enabled":"default","ast-page-background-meta":{"desktop":{"background-color":"var(--ast-global-color-5)","background-image":"","background-repeat":"repeat","background-position":"center center","background-size":"auto","background-attachment":"scroll","background-type":"","background-media":"","overlay-type":"","overlay-color":"","overlay-opacity":"","overlay-gradient":""},"tablet":{"background-color":"","background-image":"","background-repeat":"repeat","background-position":"center center","background-size":"auto","background-attachment":"scroll","background-type":"","background-media":"","overlay-type":"","overlay-color":"","overlay-opacity":"","overlay-gradient":""},"mobile":{"background-color":"","background-image":"","background-repeat":"repeat","background-position":"center center","background-size":"auto","background-attachment":"scroll","background-type":"","background-media":"","overlay-type":"","overlay-color":"","overlay-opacity":"","overlay-gradient":""}},"ast-content-background-meta":{"desktop":{"background-color":"var(--ast-global-color-4)","background-image":"","background-repeat":"repeat","background-position":"center center","background-size":"auto","background-attachment":"scroll","background-type":"","background-media":"","overlay-type":"","overlay-color":"","overlay-opacity":"","overlay-gradient":""},"tablet":{"background-color":"var(--ast-global-color-4)","background-image":"","background-repeat":"repeat","background-position":"center center","background-size":"auto","background-attachment":"scroll","background-type":"","background-media":"","overlay-type":"","overlay-color":"","overlay-opacity":"","overlay-gradient":""},"mobile":{"background-color":"var(--ast-global-color-4)","background-image":"","background-repeat":"repeat","background-position":"center center","background-size":"auto","background-attachment":"scroll","background-type":"","background-media":"","overlay-type":"","overlay-color":"","overlay-opacity":"","overlay-gradient":""}},"footnotes":""},"class_list":["post-1156","page","type-page","status-publish","hentry"],"yoast_head":"<!-- This site is optimized with the Yoast SEO plugin v27.4 - https:\/\/yoast.com\/product\/yoast-seo-wordpress\/ -->\n<title>\u00c7erez Politikas\u0131 (AB) -<\/title>\n<meta name=\"robots\" content=\"index, follow, max-snippet:-1, max-image-preview:large, max-video-preview:-1\" \/>\n<link rel=\"canonical\" href=\"https:\/\/www.empower2act.org\/tr\/cerez-politikasi-ab\/\" \/>\n<meta property=\"og:locale\" content=\"tr_TR\" \/>\n<meta property=\"og:type\" content=\"article\" \/>\n<meta property=\"og:title\" content=\"\u00c7erez Politikas\u0131 (AB) -\" \/>\n<meta property=\"og:description\" content=\"Bu \u00e7erez politikas\u0131 en son 10 Nisan 2025 tarihinde g\u00fcncellenmi\u015ftir ve Avrupa Ekonomik Alan\u0131 ve \u0130svi\u00e7re vatanda\u015flar\u0131 ve yasal daimi [&hellip;]\" \/>\n<meta property=\"og:url\" content=\"https:\/\/www.empower2act.org\/tr\/cerez-politikasi-ab\/\" \/>\n<meta property=\"article:modified_time\" content=\"2025-07-02T10:33:39+00:00\" \/>\n<meta name=\"twitter:card\" content=\"summary_large_image\" \/>\n<meta name=\"twitter:label1\" content=\"Tahmini okuma s\u00fcresi\" \/>\n\t<meta name=\"twitter:data1\" content=\"4 dakika\" \/>\n<script type=\"application\/ld+json\" class=\"yoast-schema-graph\">{\"@context\":\"https:\\\/\\\/schema.org\",\"@graph\":[{\"@type\":\"WebPage\",\"@id\":\"https:\\\/\\\/www.empower2act.org\\\/tr\\\/cerez-politikasi-ab\\\/\",\"url\":\"https:\\\/\\\/www.empower2act.org\\\/tr\\\/cerez-politikasi-ab\\\/\",\"name\":\"\u00c7erez Politikas\u0131 (AB) -\",\"isPartOf\":{\"@id\":\"https:\\\/\\\/www.empower2act.org\\\/tr\\\/#website\"},\"datePublished\":\"2025-04-10T08:45:22+00:00\",\"dateModified\":\"2025-07-02T10:33:39+00:00\",\"breadcrumb\":{\"@id\":\"https:\\\/\\\/www.empower2act.org\\\/tr\\\/cerez-politikasi-ab\\\/#breadcrumb\"},\"inLanguage\":\"tr\",\"potentialAction\":[{\"@type\":\"ReadAction\",\"target\":[\"https:\\\/\\\/www.empower2act.org\\\/tr\\\/cerez-politikasi-ab\\\/\"]}]},{\"@type\":\"BreadcrumbList\",\"@id\":\"https:\\\/\\\/www.empower2act.org\\\/tr\\\/cerez-politikasi-ab\\\/#breadcrumb\",\"itemListElement\":[{\"@type\":\"ListItem\",\"position\":1,\"name\":\"Portada\",\"item\":\"https:\\\/\\\/www.empower2act.org\\\/tr\\\/\"},{\"@type\":\"ListItem\",\"position\":2,\"name\":\"\u00c7erez Politikas\u0131 (AB)\"}]},{\"@type\":\"WebSite\",\"@id\":\"https:\\\/\\\/www.empower2act.org\\\/tr\\\/#website\",\"url\":\"https:\\\/\\\/www.empower2act.org\\\/tr\\\/\",\"name\":\"empower2act\",\"description\":\"\",\"publisher\":{\"@id\":\"https:\\\/\\\/www.empower2act.org\\\/tr\\\/#organization\"},\"potentialAction\":[{\"@type\":\"SearchAction\",\"target\":{\"@type\":\"EntryPoint\",\"urlTemplate\":\"https:\\\/\\\/www.empower2act.org\\\/tr\\\/?s={search_term_string}\"},\"query-input\":{\"@type\":\"PropertyValueSpecification\",\"valueRequired\":true,\"valueName\":\"search_term_string\"}}],\"inLanguage\":\"tr\"},{\"@type\":\"Organization\",\"@id\":\"https:\\\/\\\/www.empower2act.org\\\/tr\\\/#organization\",\"name\":\"empower2act\",\"url\":\"https:\\\/\\\/www.empower2act.org\\\/tr\\\/\",\"logo\":{\"@type\":\"ImageObject\",\"inLanguage\":\"tr\",\"@id\":\"https:\\\/\\\/www.empower2act.org\\\/tr\\\/#\\\/schema\\\/logo\\\/image\\\/\",\"url\":\"https:\\\/\\\/www.empower2act.org\\\/wp-content\\\/uploads\\\/2025\\\/01\\\/IDEA-LOGO.jpg\",\"contentUrl\":\"https:\\\/\\\/www.empower2act.org\\\/wp-content\\\/uploads\\\/2025\\\/01\\\/IDEA-LOGO.jpg\",\"width\":1213,\"height\":411,\"caption\":\"empower2act\"},\"image\":{\"@id\":\"https:\\\/\\\/www.empower2act.org\\\/tr\\\/#\\\/schema\\\/logo\\\/image\\\/\"}}]}<\/script>\n<!-- \/ Yoast SEO plugin. -->","yoast_head_json":{"title":"\u00c7erez Politikas\u0131 (AB) -","robots":{"index":"index","follow":"follow","max-snippet":"max-snippet:-1","max-image-preview":"max-image-preview:large","max-video-preview":"max-video-preview:-1"},"canonical":"https:\/\/www.empower2act.org\/tr\/cerez-politikasi-ab\/","og_locale":"tr_TR","og_type":"article","og_title":"\u00c7erez Politikas\u0131 (AB) -","og_description":"Bu \u00e7erez politikas\u0131 en son 10 Nisan 2025 tarihinde g\u00fcncellenmi\u015ftir ve Avrupa Ekonomik Alan\u0131 ve \u0130svi\u00e7re vatanda\u015flar\u0131 ve yasal daimi [&hellip;]","og_url":"https:\/\/www.empower2act.org\/tr\/cerez-politikasi-ab\/","article_modified_time":"2025-07-02T10:33:39+00:00","twitter_card":"summary_large_image","twitter_misc":{"Tahmini okuma s\u00fcresi":"4 dakika"},"schema":{"@context":"https:\/\/schema.org","@graph":[{"@type":"WebPage","@id":"https:\/\/www.empower2act.org\/tr\/cerez-politikasi-ab\/","url":"https:\/\/www.empower2act.org\/tr\/cerez-politikasi-ab\/","name":"\u00c7erez Politikas\u0131 (AB) -","isPartOf":{"@id":"https:\/\/www.empower2act.org\/tr\/#website"},"datePublished":"2025-04-10T08:45:22+00:00","dateModified":"2025-07-02T10:33:39+00:00","breadcrumb":{"@id":"https:\/\/www.empower2act.org\/tr\/cerez-politikasi-ab\/#breadcrumb"},"inLanguage":"tr","potentialAction":[{"@type":"ReadAction","target":["https:\/\/www.empower2act.org\/tr\/cerez-politikasi-ab\/"]}]},{"@type":"BreadcrumbList","@id":"https:\/\/www.empower2act.org\/tr\/cerez-politikasi-ab\/#breadcrumb","itemListElement":[{"@type":"ListItem","position":1,"name":"Portada","item":"https:\/\/www.empower2act.org\/tr\/"},{"@type":"ListItem","position":2,"name":"\u00c7erez Politikas\u0131 (AB)"}]},{"@type":"WebSite","@id":"https:\/\/www.empower2act.org\/tr\/#website","url":"https:\/\/www.empower2act.org\/tr\/","name":"empower2act","description":"","publisher":{"@id":"https:\/\/www.empower2act.org\/tr\/#organization"},"potentialAction":[{"@type":"SearchAction","target":{"@type":"EntryPoint","urlTemplate":"https:\/\/www.empower2act.org\/tr\/?s={search_term_string}"},"query-input":{"@type":"PropertyValueSpecification","valueRequired":true,"valueName":"search_term_string"}}],"inLanguage":"tr"},{"@type":"Organization","@id":"https:\/\/www.empower2act.org\/tr\/#organization","name":"empower2act","url":"https:\/\/www.empower2act.org\/tr\/","logo":{"@type":"ImageObject","inLanguage":"tr","@id":"https:\/\/www.empower2act.org\/tr\/#\/schema\/logo\/image\/","url":"https:\/\/www.empower2act.org\/wp-content\/uploads\/2025\/01\/IDEA-LOGO.jpg","contentUrl":"https:\/\/www.empower2act.org\/wp-content\/uploads\/2025\/01\/IDEA-LOGO.jpg","width":1213,"height":411,"caption":"empower2act"},"image":{"@id":"https:\/\/www.empower2act.org\/tr\/#\/schema\/logo\/image\/"}}]}},"uagb_featured_image_src":{"full":false,"thumbnail":false,"medium":false,"medium_large":false,"large":false,"1536x1536":false,"2048x2048":false},"uagb_author_info":{"display_name":"adminJULIACUNY","author_link":"https:\/\/www.empower2act.org\/tr\/author\/adminjuliacuny\/"},"uagb_comment_info":0,"uagb_excerpt":"Bu \u00e7erez politikas\u0131 en son 10 Nisan 2025 tarihinde g\u00fcncellenmi\u015ftir ve Avrupa Ekonomik Alan\u0131 ve \u0130svi\u00e7re vatanda\u015flar\u0131 ve yasal daimi [&hellip;]","_links":{"self":[{"href":"https:\/\/www.empower2act.org\/tr\/wp-json\/wp\/v2\/pages\/1156","targetHints":{"allow":["GET"]}}],"collection":[{"href":"https:\/\/www.empower2act.org\/tr\/wp-json\/wp\/v2\/pages"}],"about":[{"href":"https:\/\/www.empower2act.org\/tr\/wp-json\/wp\/v2\/types\/page"}],"author":[{"embeddable":true,"href":"https:\/\/www.empower2act.org\/tr\/wp-json\/wp\/v2\/users\/1"}],"replies":[{"embeddable":true,"href":"https:\/\/www.empower2act.org\/tr\/wp-json\/wp\/v2\/comments?post=1156"}],"version-history":[{"count":1,"href":"https:\/\/www.empower2act.org\/tr\/wp-json\/wp\/v2\/pages\/1156\/revisions"}],"predecessor-version":[{"id":1163,"href":"https:\/\/www.empower2act.org\/tr\/wp-json\/wp\/v2\/pages\/1156\/revisions\/1163"}],"wp:attachment":[{"href":"https:\/\/www.empower2act.org\/tr\/wp-json\/wp\/v2\/media?parent=1156"}],"curies":[{"name":"wp","href":"https:\/\/api.w.org\/{rel}","templated":true}]}}