{"id":617,"date":"2025-04-09T13:42:15","date_gmt":"2025-04-09T11:42:15","guid":{"rendered":"https:\/\/www.empower2act.org\/intras-vakfi\/"},"modified":"2025-05-12T13:30:03","modified_gmt":"2025-05-12T11:30:03","slug":"intras-vakfi","status":"publish","type":"page","link":"https:\/\/www.empower2act.org\/tr\/intras-vakfi\/","title":{"rendered":"Intras Vakf\u0131"},"content":{"rendered":"\n<div class=\"wp-block-group is-layout-constrained wp-block-group-is-layout-constrained\">\n<div class=\"wp-block-uagb-image uagb-block-c492ccd6 wp-block-uagb-image--layout-default wp-block-uagb-image--effect-static wp-block-uagb-image--align-none\"><figure class=\"wp-block-uagb-image__figure\"><img decoding=\"async\" srcset=\"https:\/\/www.empower2act.org\/wp-content\/uploads\/2025\/05\/BIZIZ.gif ,https:\/\/www.empower2act.org\/wp-content\/uploads\/2025\/05\/BIZIZ.gif 780w, https:\/\/www.empower2act.org\/wp-content\/uploads\/2025\/05\/BIZIZ.gif 360w\" sizes=\"auto, (max-width: 480px) 150px\" src=\"https:\/\/www.empower2act.org\/wp-content\/uploads\/2025\/05\/BIZIZ.gif\" alt=\"\" class=\"uag-image-237\" width=\"385\" height=\"178\" title=\"BIZIZ\" loading=\"lazy\" role=\"img\"><\/figure><\/div>\n\n\n\n<hr class=\"wp-block-separator has-alpha-channel-opacity\"\/>\n\n\n\n<div style=\"height:100px\" aria-hidden=\"true\" class=\"wp-block-spacer\"><\/div>\n\n\n\n<div class=\"wp-block-uagb-image uagb-block-c7dd82a4 wp-block-uagb-image--layout-default wp-block-uagb-image--effect-static wp-block-uagb-image--align-none\"><figure class=\"wp-block-uagb-image__figure\"><img decoding=\"async\" srcset=\"https:\/\/www.empower2act.org\/wp-content\/uploads\/2025\/02\/Logo_positivo-1-1024x443.png ,https:\/\/www.empower2act.org\/wp-content\/uploads\/2025\/02\/Logo_positivo-1.png 780w, https:\/\/www.empower2act.org\/wp-content\/uploads\/2025\/02\/Logo_positivo-1.png 360w\" sizes=\"auto, (max-width: 480px) 150px\" src=\"https:\/\/www.empower2act.org\/wp-content\/uploads\/2025\/02\/Logo_positivo-1-1024x443.png\" alt=\"\" class=\"uag-image-77\" width=\"693\" height=\"300\" title=\"Logo_positivo\" loading=\"lazy\" role=\"img\"><\/figure><\/div>\n\n\n\n<div style=\"height:100px\" aria-hidden=\"true\" class=\"wp-block-spacer\"><\/div>\n\n\n\n<p>INTRAS, 1994 y?l?nda kurulan kar amac? g\u00fctmeyen bir organizasyondur ve sosyal alanda ara?t?rma ve m\u00fcdahale \u00e7al??malar?na odaklanmaktad?r. Her y?l 900&#8217;\u00fcn \u00fczerinde profesyonelden olu?an bir ekiple yakla??k 3.000 ki?iye destek olmaktad?r. INTRAS\u2019?n ana hedef grubu, ruh sa?l??? sorunlar?, \u00f6?renme g\u00fc\u00e7l\u00fckleri, davran??sal bozukluklar ve sosyal d??lanma riski ta??yan gen\u00e7ler ve yeti?kinlerden olu?maktad?r. INTRAS, ruh sa?l??? sorunlar? ve \u00f6?renme g\u00fc\u00e7l\u00fckleri olan gen\u00e7lere destek verme konusunda geni? bir deneyime sahiptir. Mesleki e?itim, resmi olmayan faaliyetler sunmakta ve yerel ve b\u00f6lgesel ruh sa?l??? fark?ndal?k kampanyalar? d\u00fczenlemektedir. \u00c7ocuklar ve gen\u00e7ler i\u00e7in \u2018#estabienpedirayuda\u2019 (yard?m istemek sorun de?ildir) kampanyas? gibi ruh sa?l??? konusundaki a\u00e7?k tart??malar? te?vik etmeyi ama\u00e7layan bir\u00e7ok giri?im ve \u2018Teo tambi\u00e9n cuenta\u2019 projesi gibi interaktif aktiviteler ve hikaye anlat?m? yoluyla ruh sa?l???na ili?kin damgalama ile m\u00fccadele eden e?itimsel projeler ger\u00e7ekle?tirmi?tir.     <\/p>\n\n\n\n<div class=\"wp-block-group is-nowrap is-layout-flex wp-container-core-group-is-layout-6c531013 wp-block-group-is-layout-flex\">\n<div class=\"wp-block-uagb-container uagb-block-7cca70a9 alignfull uagb-is-root-container\"><div class=\"uagb-container-inner-blocks-wrap\">\n<div class=\"wp-block-uagb-info-box uagb-block-abbb4464 uagb-infobox__content-wrap  uagb-infobox-icon-above-title uagb-infobox-image-valign-top\"><div class=\"uagb-ifb-content\"><div class=\"uagb-ifb-icon-wrap\"><svg xmlns=\"https:\/\/www.w3.org\/2000\/svg\" viewbox=\"0 0 512 512\"><path d=\"M256 0C114.6 0 0 114.6 0 256s114.6 256 256 256s256-114.6 256-256S397.4 0 256 0zM256 128c17.67 0 32 14.33 32 32c0 17.67-14.33 32-32 32S224 177.7 224 160C224 142.3 238.3 128 256 128zM296 384h-80C202.8 384 192 373.3 192 360s10.75-24 24-24h16v-64H224c-13.25 0-24-10.75-24-24S210.8 224 224 224h32c13.25 0 24 10.75 24 24v88h16c13.25 0 24 10.75 24 24S309.3 384 296 384z\"><\/path><\/svg><\/div><div class=\"uagb-ifb-title-wrap\"><h3 class=\"uagb-ifb-title\"><strong>WEB S\u0130TEM\u0130ZDEN B\u0130Z\u0130MLE \u0130LET\u0130\u015e\u0130ME GE\u00c7<\/strong><\/h3><\/div><p class=\"uagb-ifb-desc\"><a href=\"http:\/\/www.intras.es\">www.intras.es<\/a><\/p><\/div><\/div>\n<\/div><\/div>\n<\/div>\n<\/div>\n\n<div class=\"wp-block-group alignfull has-ast-global-color-3-background-color has-background is-layout-constrained wp-container-core-group-is-layout-cfcca693 wp-block-group-is-layout-constrained\" id=\"contact\" style=\"padding-top:104px;padding-bottom:104px;background-image:url(&apos;https:\/\/www.empower2act.org\/wp-content\/uploads\/2025\/03\/FOOTER-IMAGEN.gif&apos;);background-size:cover;\">\n<div class=\"wp-block-columns alignfull is-layout-flex wp-container-core-columns-is-layout-28f84493 wp-block-columns-is-layout-flex\">\n<div class=\"wp-block-column is-layout-flow wp-block-column-is-layout-flow\"><\/div>\n\n\n\n<div class=\"wp-block-column is-layout-flow wp-block-column-is-layout-flow\">\n<div class=\"wp-block-uagb-image aligncenter uagb-block-d3d4b727 wp-block-uagb-image--layout-default wp-block-uagb-image--effect-static wp-block-uagb-image--align-center\"><figure class=\"wp-block-uagb-image__figure\"><img decoding=\"async\" srcset=\"https:\/\/www.empower2act.org\/wp-content\/uploads\/2025\/03\/LOGO-EMPOWER-white.gif ,https:\/\/www.empower2act.org\/wp-content\/uploads\/2025\/03\/LOGO-EMPOWER-white.gif 780w, https:\/\/www.empower2act.org\/wp-content\/uploads\/2025\/03\/LOGO-EMPOWER-white.gif 360w\" sizes=\"auto, (max-width: 480px) 150px\" src=\"https:\/\/www.empower2act.org\/wp-content\/uploads\/2025\/03\/LOGO-EMPOWER-white.gif\" alt=\"\" class=\"uag-image-225\" width=\"257\" height=\"101\" title=\"LOGO-EMPOWER-white\" loading=\"lazy\" role=\"img\"\/><\/figure><\/div>\n\n\n\n<p class=\"has-text-align-center has-ast-global-color-4-color has-text-color has-link-color has-medium-font-size wp-elements-6917b169e273beb6ad2922f76a0dea9b\" style=\"margin-top:var(--wp--preset--spacing--20);margin-bottom:var(--wp--preset--spacing--20)\">Bizi sosyal medyada takip edin<\/p>\n\n\n\n<div class=\"wp-block-group has-small-font-size is-content-justification-center is-nowrap is-layout-flex wp-container-core-group-is-layout-23441af8 wp-block-group-is-layout-flex\">      \n\t\t\t<div data-aos= \"zoom-in\" data-aos-duration=\"400\" data-aos-delay=\"0\" data-aos-easing=\"ease\" data-aos-once=\"true\" class=\"uagb-icon-wrapper uagb-block-ad806a6f      \"\n\t\t\tstyle=\"\" >\n\t\t\t\t\t\t\t\t\t<span class=\"uagb-svg-wrapper\" \n\t\t\t\t\t aria-label=\"tiktok\"\t\t\t\t\ttabindex=\"0\">\t\t\n\t\t\t\t\t\t\t\t\t\t<a rel=\"noopener noreferrer\" href=\"https:\/\/www.tiktok.com\/@empower2actproject\" target=\"_self\"><svg xmlns=\"https:\/\/www.w3.org\/2000\/svg\" viewBox= \"0 0 448 512\" role=\"graphics-symbol\" aria-hidden=\"false\" aria-label=\"\"><path d=\"M448 209.9a210.1 210.1 0 0 1 -122.8-39.25V349.4A162.6 162.6 0 1 1 185 188.3V278.2a74.62 74.62 0 1 0 52.23 71.18V0l88 0a121.2 121.2 0 0 0 1.86 22.17h0A122.2 122.2 0 0 0 381 102.4a121.4 121.4 0 0 0 67 20.14z\"><\/path><\/svg><\/a>\n\t\t\t\t\t\t\t\t\t<\/span>\n\t\t\t\t\t\t\t<\/div>\n\t\t\t\n\n      \n\t\t\t<div class=\"uagb-icon-wrapper uagb-block-7ab65e9d      \"\n\t\t\tstyle=\"\" >\n\t\t\t\t\t\t\t\t\t<span class=\"uagb-svg-wrapper\" \n\t\t\t\t\t aria-label=\"instagram\"\t\t\t\t\ttabindex=\"0\">\t\t\n\t\t\t\t\t\t\t\t\t\t<a rel=\"noopener noreferrer\" href=\"https:\/\/www.instagram.com\/empower2actproject\/%20\" target=\"_self\"><svg xmlns=\"https:\/\/www.w3.org\/2000\/svg\" viewBox= \"0 0 448 512\" role=\"graphics-symbol\" aria-hidden=\"false\" aria-label=\"\"><path d=\"M224.1 141c-63.6 0-114.9 51.3-114.9 114.9s51.3 114.9 114.9 114.9S339 319.5 339 255.9 287.7 141 224.1 141zm0 189.6c-41.1 0-74.7-33.5-74.7-74.7s33.5-74.7 74.7-74.7 74.7 33.5 74.7 74.7-33.6 74.7-74.7 74.7zm146.4-194.3c0 14.9-12 26.8-26.8 26.8-14.9 0-26.8-12-26.8-26.8s12-26.8 26.8-26.8 26.8 12 26.8 26.8zm76.1 27.2c-1.7-35.9-9.9-67.7-36.2-93.9-26.2-26.2-58-34.4-93.9-36.2-37-2.1-147.9-2.1-184.9 0-35.8 1.7-67.6 9.9-93.9 36.1s-34.4 58-36.2 93.9c-2.1 37-2.1 147.9 0 184.9 1.7 35.9 9.9 67.7 36.2 93.9s58 34.4 93.9 36.2c37 2.1 147.9 2.1 184.9 0 35.9-1.7 67.7-9.9 93.9-36.2 26.2-26.2 34.4-58 36.2-93.9 2.1-37 2.1-147.8 0-184.8zM398.8 388c-7.8 19.6-22.9 34.7-42.6 42.6-29.5 11.7-99.5 9-132.1 9s-102.7 2.6-132.1-9c-19.6-7.8-34.7-22.9-42.6-42.6-11.7-29.5-9-99.5-9-132.1s-2.6-102.7 9-132.1c7.8-19.6 22.9-34.7 42.6-42.6 29.5-11.7 99.5-9 132.1-9s102.7-2.6 132.1 9c19.6 7.8 34.7 22.9 42.6 42.6 11.7 29.5 9 99.5 9 132.1s2.7 102.7-9 132.1z\"><\/path><\/svg><\/a>\n\t\t\t\t\t\t\t\t\t<\/span>\n\t\t\t\t\t\t\t<\/div>\n\t\t\t<\/div>\n\n\n\n<div class=\"wp-block-uagb-image uagb-block-db9168d9 wp-block-uagb-image--layout-default wp-block-uagb-image--effect-static wp-block-uagb-image--align-none\"><figure class=\"wp-block-uagb-image__figure\"><img decoding=\"async\" srcset=\"https:\/\/www.empower2act.org\/wp-content\/uploads\/2025\/03\/LOGO-EU-co-funded.gif ,https:\/\/www.empower2act.org\/wp-content\/uploads\/2025\/03\/LOGO-EU-co-funded.gif 780w, https:\/\/www.empower2act.org\/wp-content\/uploads\/2025\/03\/LOGO-EU-co-funded.gif 360w\" sizes=\"auto, (max-width: 480px) 150px\" src=\"https:\/\/www.empower2act.org\/wp-content\/uploads\/2025\/03\/LOGO-EU-co-funded.gif\" alt=\"\" class=\"uag-image-231\" width=\"234\" height=\"56\" title=\"LOGO-EU-co-funded\" loading=\"lazy\" role=\"img\"\/><\/figure><\/div>\n\n\n\n<p class=\"has-text-align-center has-ast-global-color-4-color has-text-color has-link-color has-small-font-size wp-elements-17a5ebb8db82f0bed272ab21bfd56400\">2024-1-PT01-KA220-SCH-000243565<br>Avrupa Birli\u011fi taraf\u0131ndan finanse edilmektedir. Ancak ifade edilen g\u00f6r\u00fc\u015f ve g\u00f6r\u00fc\u015fler yaln\u0131zca yazar(lar)a aittir ve Avrupa Birli\u011fi&#8217;nin veya Ag\u00eancia Nacional Erasmus+ Educa\u00e7\u00e3o e Forma\u00e7\u00e3o&#8217;nun g\u00f6r\u00fc\u015flerini yans\u0131tmayabilir. Bunlardan ne Avrupa Birli\u011fi ne de hibe veren makam sorumlu tutulamaz.  <\/p>\n<\/div>\n<\/div>\n<\/div>\n","protected":false},"excerpt":{"rendered":"<p>INTRAS, 1994 y?l?nda kurulan kar amac? g\u00fctmeyen bir organizasyondur ve sosyal alanda ara?t?rma ve m\u00fcdahale \u00e7al??malar?na odaklanmaktad?r. Her y?l 900&#8217;\u00fcn [&hellip;]<\/p>\n","protected":false},"author":1,"featured_media":0,"parent":0,"menu_order":0,"comment_status":"closed","ping_status":"closed","template":"","meta":{"_coblocks_attr":"","_coblocks_dimensions":"","_coblocks_responsive_height":"","_coblocks_accordion_ie_support":"","_uag_custom_page_level_css":"","site-sidebar-layout":"default","site-content-layout":"","ast-site-content-layout":"default","site-content-style":"default","site-sidebar-style":"default","ast-global-header-display":"","ast-banner-title-visibility":"","ast-main-header-display":"","ast-hfb-above-header-display":"","ast-hfb-below-header-display":"","ast-hfb-mobile-header-display":"","site-post-title":"","ast-breadcrumbs-content":"","ast-featured-img":"","footer-sml-layout":"","ast-disable-related-posts":"","theme-transparent-header-meta":"","adv-header-id-meta":"","stick-header-meta":"","header-above-stick-meta":"","header-main-stick-meta":"","header-below-stick-meta":"","astra-migrate-meta-layouts":"default","ast-page-background-enabled":"default","ast-page-background-meta":{"desktop":{"background-color":"var(--ast-global-color-5)","background-image":"","background-repeat":"repeat","background-position":"center center","background-size":"auto","background-attachment":"scroll","background-type":"","background-media":"","overlay-type":"","overlay-color":"","overlay-opacity":"","overlay-gradient":""},"tablet":{"background-color":"","background-image":"","background-repeat":"repeat","background-position":"center center","background-size":"auto","background-attachment":"scroll","background-type":"","background-media":"","overlay-type":"","overlay-color":"","overlay-opacity":"","overlay-gradient":""},"mobile":{"background-color":"","background-image":"","background-repeat":"repeat","background-position":"center center","background-size":"auto","background-attachment":"scroll","background-type":"","background-media":"","overlay-type":"","overlay-color":"","overlay-opacity":"","overlay-gradient":""}},"ast-content-background-meta":{"desktop":{"background-color":"var(--ast-global-color-4)","background-image":"","background-repeat":"repeat","background-position":"center center","background-size":"auto","background-attachment":"scroll","background-type":"","background-media":"","overlay-type":"","overlay-color":"","overlay-opacity":"","overlay-gradient":""},"tablet":{"background-color":"var(--ast-global-color-4)","background-image":"","background-repeat":"repeat","background-position":"center center","background-size":"auto","background-attachment":"scroll","background-type":"","background-media":"","overlay-type":"","overlay-color":"","overlay-opacity":"","overlay-gradient":""},"mobile":{"background-color":"var(--ast-global-color-4)","background-image":"","background-repeat":"repeat","background-position":"center center","background-size":"auto","background-attachment":"scroll","background-type":"","background-media":"","overlay-type":"","overlay-color":"","overlay-opacity":"","overlay-gradient":""}},"footnotes":""},"class_list":["post-617","page","type-page","status-publish","hentry"],"yoast_head":"<!-- This site is optimized with the Yoast SEO plugin v27.4 - https:\/\/yoast.com\/product\/yoast-seo-wordpress\/ -->\n<title>Intras Vakf\u0131 -<\/title>\n<meta name=\"robots\" content=\"index, follow, max-snippet:-1, max-image-preview:large, max-video-preview:-1\" \/>\n<link rel=\"canonical\" href=\"https:\/\/www.empower2act.org\/tr\/intras-vakfi\/\" \/>\n<meta property=\"og:locale\" content=\"tr_TR\" \/>\n<meta property=\"og:type\" content=\"article\" \/>\n<meta property=\"og:title\" content=\"Intras Vakf\u0131 -\" \/>\n<meta property=\"og:description\" content=\"INTRAS, 1994 y?l?nda kurulan kar amac? g\u00fctmeyen bir organizasyondur ve sosyal alanda ara?t?rma ve m\u00fcdahale \u00e7al??malar?na odaklanmaktad?r. Her y?l 900&#8217;\u00fcn [&hellip;]\" \/>\n<meta property=\"og:url\" content=\"https:\/\/www.empower2act.org\/tr\/intras-vakfi\/\" \/>\n<meta property=\"article:modified_time\" content=\"2025-05-12T11:30:03+00:00\" \/>\n<meta property=\"og:image\" content=\"https:\/\/www.empower2act.org\/wp-content\/uploads\/2025\/05\/BIZIZ.gif\" \/>\n<meta name=\"twitter:card\" content=\"summary_large_image\" \/>\n<meta name=\"twitter:label1\" content=\"Tahmini okuma s\u00fcresi\" \/>\n\t<meta name=\"twitter:data1\" content=\"1 dakika\" \/>\n<script type=\"application\/ld+json\" class=\"yoast-schema-graph\">{\"@context\":\"https:\\\/\\\/schema.org\",\"@graph\":[{\"@type\":\"WebPage\",\"@id\":\"https:\\\/\\\/www.empower2act.org\\\/tr\\\/intras-vakfi\\\/\",\"url\":\"https:\\\/\\\/www.empower2act.org\\\/tr\\\/intras-vakfi\\\/\",\"name\":\"Intras Vakf\u0131 -\",\"isPartOf\":{\"@id\":\"https:\\\/\\\/www.empower2act.org\\\/tr\\\/#website\"},\"primaryImageOfPage\":{\"@id\":\"https:\\\/\\\/www.empower2act.org\\\/tr\\\/intras-vakfi\\\/#primaryimage\"},\"image\":{\"@id\":\"https:\\\/\\\/www.empower2act.org\\\/tr\\\/intras-vakfi\\\/#primaryimage\"},\"thumbnailUrl\":\"https:\\\/\\\/www.empower2act.org\\\/wp-content\\\/uploads\\\/2025\\\/05\\\/BIZIZ.gif\",\"datePublished\":\"2025-04-09T11:42:15+00:00\",\"dateModified\":\"2025-05-12T11:30:03+00:00\",\"breadcrumb\":{\"@id\":\"https:\\\/\\\/www.empower2act.org\\\/tr\\\/intras-vakfi\\\/#breadcrumb\"},\"inLanguage\":\"tr\",\"potentialAction\":[{\"@type\":\"ReadAction\",\"target\":[\"https:\\\/\\\/www.empower2act.org\\\/tr\\\/intras-vakfi\\\/\"]}]},{\"@type\":\"ImageObject\",\"inLanguage\":\"tr\",\"@id\":\"https:\\\/\\\/www.empower2act.org\\\/tr\\\/intras-vakfi\\\/#primaryimage\",\"url\":\"https:\\\/\\\/www.empower2act.org\\\/wp-content\\\/uploads\\\/2025\\\/05\\\/BIZIZ.gif\",\"contentUrl\":\"https:\\\/\\\/www.empower2act.org\\\/wp-content\\\/uploads\\\/2025\\\/05\\\/BIZIZ.gif\"},{\"@type\":\"BreadcrumbList\",\"@id\":\"https:\\\/\\\/www.empower2act.org\\\/tr\\\/intras-vakfi\\\/#breadcrumb\",\"itemListElement\":[{\"@type\":\"ListItem\",\"position\":1,\"name\":\"Portada\",\"item\":\"https:\\\/\\\/www.empower2act.org\\\/tr\\\/\"},{\"@type\":\"ListItem\",\"position\":2,\"name\":\"Intras Vakf\u0131\"}]},{\"@type\":\"WebSite\",\"@id\":\"https:\\\/\\\/www.empower2act.org\\\/tr\\\/#website\",\"url\":\"https:\\\/\\\/www.empower2act.org\\\/tr\\\/\",\"name\":\"empower2act\",\"description\":\"\",\"publisher\":{\"@id\":\"https:\\\/\\\/www.empower2act.org\\\/tr\\\/#organization\"},\"potentialAction\":[{\"@type\":\"SearchAction\",\"target\":{\"@type\":\"EntryPoint\",\"urlTemplate\":\"https:\\\/\\\/www.empower2act.org\\\/tr\\\/?s={search_term_string}\"},\"query-input\":{\"@type\":\"PropertyValueSpecification\",\"valueRequired\":true,\"valueName\":\"search_term_string\"}}],\"inLanguage\":\"tr\"},{\"@type\":\"Organization\",\"@id\":\"https:\\\/\\\/www.empower2act.org\\\/tr\\\/#organization\",\"name\":\"empower2act\",\"url\":\"https:\\\/\\\/www.empower2act.org\\\/tr\\\/\",\"logo\":{\"@type\":\"ImageObject\",\"inLanguage\":\"tr\",\"@id\":\"https:\\\/\\\/www.empower2act.org\\\/tr\\\/#\\\/schema\\\/logo\\\/image\\\/\",\"url\":\"https:\\\/\\\/www.empower2act.org\\\/wp-content\\\/uploads\\\/2025\\\/01\\\/IDEA-LOGO.jpg\",\"contentUrl\":\"https:\\\/\\\/www.empower2act.org\\\/wp-content\\\/uploads\\\/2025\\\/01\\\/IDEA-LOGO.jpg\",\"width\":1213,\"height\":411,\"caption\":\"empower2act\"},\"image\":{\"@id\":\"https:\\\/\\\/www.empower2act.org\\\/tr\\\/#\\\/schema\\\/logo\\\/image\\\/\"}}]}<\/script>\n<!-- \/ Yoast SEO plugin. -->","yoast_head_json":{"title":"Intras Vakf\u0131 -","robots":{"index":"index","follow":"follow","max-snippet":"max-snippet:-1","max-image-preview":"max-image-preview:large","max-video-preview":"max-video-preview:-1"},"canonical":"https:\/\/www.empower2act.org\/tr\/intras-vakfi\/","og_locale":"tr_TR","og_type":"article","og_title":"Intras Vakf\u0131 -","og_description":"INTRAS, 1994 y?l?nda kurulan kar amac? g\u00fctmeyen bir organizasyondur ve sosyal alanda ara?t?rma ve m\u00fcdahale \u00e7al??malar?na odaklanmaktad?r. Her y?l 900&#8217;\u00fcn [&hellip;]","og_url":"https:\/\/www.empower2act.org\/tr\/intras-vakfi\/","article_modified_time":"2025-05-12T11:30:03+00:00","og_image":[{"url":"https:\/\/www.empower2act.org\/wp-content\/uploads\/2025\/05\/BIZIZ.gif","type":"","width":"","height":""}],"twitter_card":"summary_large_image","twitter_misc":{"Tahmini okuma s\u00fcresi":"1 dakika"},"schema":{"@context":"https:\/\/schema.org","@graph":[{"@type":"WebPage","@id":"https:\/\/www.empower2act.org\/tr\/intras-vakfi\/","url":"https:\/\/www.empower2act.org\/tr\/intras-vakfi\/","name":"Intras Vakf\u0131 -","isPartOf":{"@id":"https:\/\/www.empower2act.org\/tr\/#website"},"primaryImageOfPage":{"@id":"https:\/\/www.empower2act.org\/tr\/intras-vakfi\/#primaryimage"},"image":{"@id":"https:\/\/www.empower2act.org\/tr\/intras-vakfi\/#primaryimage"},"thumbnailUrl":"https:\/\/www.empower2act.org\/wp-content\/uploads\/2025\/05\/BIZIZ.gif","datePublished":"2025-04-09T11:42:15+00:00","dateModified":"2025-05-12T11:30:03+00:00","breadcrumb":{"@id":"https:\/\/www.empower2act.org\/tr\/intras-vakfi\/#breadcrumb"},"inLanguage":"tr","potentialAction":[{"@type":"ReadAction","target":["https:\/\/www.empower2act.org\/tr\/intras-vakfi\/"]}]},{"@type":"ImageObject","inLanguage":"tr","@id":"https:\/\/www.empower2act.org\/tr\/intras-vakfi\/#primaryimage","url":"https:\/\/www.empower2act.org\/wp-content\/uploads\/2025\/05\/BIZIZ.gif","contentUrl":"https:\/\/www.empower2act.org\/wp-content\/uploads\/2025\/05\/BIZIZ.gif"},{"@type":"BreadcrumbList","@id":"https:\/\/www.empower2act.org\/tr\/intras-vakfi\/#breadcrumb","itemListElement":[{"@type":"ListItem","position":1,"name":"Portada","item":"https:\/\/www.empower2act.org\/tr\/"},{"@type":"ListItem","position":2,"name":"Intras Vakf\u0131"}]},{"@type":"WebSite","@id":"https:\/\/www.empower2act.org\/tr\/#website","url":"https:\/\/www.empower2act.org\/tr\/","name":"empower2act","description":"","publisher":{"@id":"https:\/\/www.empower2act.org\/tr\/#organization"},"potentialAction":[{"@type":"SearchAction","target":{"@type":"EntryPoint","urlTemplate":"https:\/\/www.empower2act.org\/tr\/?s={search_term_string}"},"query-input":{"@type":"PropertyValueSpecification","valueRequired":true,"valueName":"search_term_string"}}],"inLanguage":"tr"},{"@type":"Organization","@id":"https:\/\/www.empower2act.org\/tr\/#organization","name":"empower2act","url":"https:\/\/www.empower2act.org\/tr\/","logo":{"@type":"ImageObject","inLanguage":"tr","@id":"https:\/\/www.empower2act.org\/tr\/#\/schema\/logo\/image\/","url":"https:\/\/www.empower2act.org\/wp-content\/uploads\/2025\/01\/IDEA-LOGO.jpg","contentUrl":"https:\/\/www.empower2act.org\/wp-content\/uploads\/2025\/01\/IDEA-LOGO.jpg","width":1213,"height":411,"caption":"empower2act"},"image":{"@id":"https:\/\/www.empower2act.org\/tr\/#\/schema\/logo\/image\/"}}]}},"uagb_featured_image_src":{"full":false,"thumbnail":false,"medium":false,"medium_large":false,"large":false,"1536x1536":false,"2048x2048":false},"uagb_author_info":{"display_name":"adminJULIACUNY","author_link":"https:\/\/www.empower2act.org\/tr\/author\/adminjuliacuny\/"},"uagb_comment_info":0,"uagb_excerpt":"INTRAS, 1994 y?l?nda kurulan kar amac? g\u00fctmeyen bir organizasyondur ve sosyal alanda ara?t?rma ve m\u00fcdahale \u00e7al??malar?na odaklanmaktad?r. Her y?l 900&#8217;\u00fcn [&hellip;]","_links":{"self":[{"href":"https:\/\/www.empower2act.org\/tr\/wp-json\/wp\/v2\/pages\/617","targetHints":{"allow":["GET"]}}],"collection":[{"href":"https:\/\/www.empower2act.org\/tr\/wp-json\/wp\/v2\/pages"}],"about":[{"href":"https:\/\/www.empower2act.org\/tr\/wp-json\/wp\/v2\/types\/page"}],"author":[{"embeddable":true,"href":"https:\/\/www.empower2act.org\/tr\/wp-json\/wp\/v2\/users\/1"}],"replies":[{"embeddable":true,"href":"https:\/\/www.empower2act.org\/tr\/wp-json\/wp\/v2\/comments?post=617"}],"version-history":[{"count":3,"href":"https:\/\/www.empower2act.org\/tr\/wp-json\/wp\/v2\/pages\/617\/revisions"}],"predecessor-version":[{"id":909,"href":"https:\/\/www.empower2act.org\/tr\/wp-json\/wp\/v2\/pages\/617\/revisions\/909"}],"wp:attachment":[{"href":"https:\/\/www.empower2act.org\/tr\/wp-json\/wp\/v2\/media?parent=617"}],"curies":[{"name":"wp","href":"https:\/\/api.w.org\/{rel}","templated":true}]}}