{"id":870,"date":"2025-01-28T12:41:22","date_gmt":"2025-01-28T11:41:22","guid":{"rendered":"https:\/\/www.empower2act.org\/gizlilik-politikasi\/"},"modified":"2025-05-12T12:41:09","modified_gmt":"2025-05-12T10:41:09","slug":"gizlilik-politikasi","status":"publish","type":"page","link":"https:\/\/www.empower2act.org\/tr\/gizlilik-politikasi\/","title":{"rendered":"Gizlilik Politikas\u0131"},"content":{"rendered":"\n<h3 class=\"wp-block-heading\"><strong>Yorumlar<\/strong><\/h3>\n\n<p>Web sitemizin adresi: <a href=\"https:\/\/www.empower2act.org\/tr\/\">https:\/\/www.empower2act.org<\/a>.<\/p>\n\n<h3 class=\"wp-block-heading\"><strong>Yorumlar<\/strong><\/h3>\n\n<p> \u00d6nerilen metin: Ziyaret\u00e7iler siteye yorum b\u0131rakt\u0131\u011f\u0131nda, yorum formunda g\u00f6sterilen verilerin yan\u0131 s\u0131ra, spam tespitine yard\u0131mc\u0131 olmak i\u00e7in ziyaret\u00e7inin IP adresi ve taray\u0131c\u0131 kullan\u0131c\u0131 temsilci dizisini toplar\u0131z.<\/p>\n\n<p>E-posta adresinizden olu\u015fturulan anonimle\u015ftirilmi\u015f bir dizi (karma olarak da adland\u0131r\u0131l\u0131r), Gravatar hizmetine, onu kullan\u0131p kullanmad\u0131\u011f\u0131n\u0131z\u0131 kontrol etmek amac\u0131yla sa\u011flanabilir. Gravatar hizmetinin gizlilik politikas\u0131 burada mevcuttur: <a href=\"https:\/\/automattic.com\/privacy\/\">https:\/\/automattic.com\/privacy\/<\/a>. Yorumunuz onayland\u0131ktan sonra, profil resminiz yorum ba\u011flam\u0131nda halka g\u00f6r\u00fcn\u00fcr hale gelir.  <\/p>\n\n<h3 class=\"wp-block-heading\"><strong>Medya<\/strong><\/h3>\n\n<p>\u00d6nerilen metin: Web sitesine g\u00f6rsel y\u00fcklerseniz, yerle\u015fik konum verileri (<strong>GPS EXIF<\/strong>) i\u00e7eren g\u00f6rselleri y\u00fcklemekten ka\u00e7\u0131nmal\u0131s\u0131n\u0131z. Web sitesini ziyaret edenler, sitedeki g\u00f6rsellerden konum verilerini indirebilir ve \u00e7\u0131karabilir. <\/p>\n\n<h3 class=\"wp-block-heading\"><strong>\u00c7erezler<\/strong><\/h3>\n\n<p>Sitemize bir yorum b\u0131rak\u0131rsan\u0131z, ad\u0131n\u0131z\u0131, e-posta adresinizi ve web sitenizi \u00e7erezlerde kaydetmeyi tercih edebilirsiniz. Bu, bir sonraki yorumunuzda bilgilerinizi yeniden doldurmaman\u0131z i\u00e7in sa\u011flan\u0131r. Bu \u00e7erezler bir y\u0131l boyunca saklan\u0131r.  <\/p>\n\n<p>Bir hesab\u0131n\u0131z varsa ve bu siteye giri\u015f yapt\u0131ysan\u0131z, taray\u0131c\u0131n\u0131z\u0131n \u00e7erezleri kabul edip etmedi\u011fini belirlemek i\u00e7in ge\u00e7ici bir \u00e7erez ayarlar\u0131z. Bu \u00e7erez ki\u015fisel veri i\u00e7ermez ve taray\u0131c\u0131n\u0131z\u0131 kapatt\u0131\u011f\u0131n\u0131zda silinir. <\/p>\n\n<p>Giri\u015f yapt\u0131\u011f\u0131n\u0131zda, giri\u015f bilgilerinizi ve ekran g\u00f6r\u00fcnt\u00fc tercihlerinizi kaydetmek i\u00e7in \u00e7e\u015fitli \u00e7erezler ayarlar\u0131z. Giri\u015f \u00e7erezleri iki g\u00fcn boyunca, ekran tercihleri \u00e7erezleri ise bir y\u0131l boyunca ge\u00e7erlidir. \u201cBeni hat\u0131rla\u201d se\u00e7ene\u011fini i\u015faretlerseniz, giri\u015finiz iki hafta boyunca devam eder. Hesab\u0131n\u0131zdan \u00e7\u0131k\u0131\u015f yaparsan\u0131z, giri\u015f \u00e7erezleri kald\u0131r\u0131l\u0131r.   <\/p>\n\n<p>Bir makale d\u00fczenlerseniz veya yay\u0131nlarsan\u0131z, taray\u0131c\u0131n\u0131za ek bir \u00e7erez kaydedilir. Bu \u00e7erez ki\u015fisel veri i\u00e7ermez ve yaln\u0131zca d\u00fczenledi\u011finiz makalenin kimli\u011fini belirtir. Bir g\u00fcn sonra s\u00fcresi dolar.  <\/p>\n\n<h3 class=\"wp-block-heading\"><strong>Di\u011fer Web Sitelerinden G\u00f6m\u00fcl\u00fc \u0130\u00e7erik<\/strong><\/h3>\n\n<p>Bu sitedeki makaleler g\u00f6m\u00fcl\u00fc i\u00e7erik (\u00f6rne\u011fin videolar, g\u00f6rseller, makaleler vb.) i\u00e7erebilir. Di\u011fer web sitelerinden g\u00f6m\u00fcl\u00fc i\u00e7erik, ziyaret\u00e7i di\u011fer siteyi ziyaret etmi\u015f gibi davran\u0131r. <\/p>\n\n<p>Bu web siteleri sizinle ilgili veriler toplayabilir, \u00e7erezler kullanabilir, ek \u00fc\u00e7\u00fcnc\u00fc taraf izleme yerle\u015ftirebilir ve bu g\u00f6m\u00fcl\u00fc i\u00e7erikle olan etkile\u015fiminizi izleyebilir. Buna, bir hesab\u0131n\u0131z varsa ve o web sitesine giri\u015f yapt\u0131ysan\u0131z, i\u00e7erikle olan etkile\u015fiminizi izlemek de dahildir.<\/p>\n\n<h3 class=\"wp-block-heading\"><strong>Verilerinizi Kimlerle Payla\u015f\u0131yoruz<\/strong><\/h3>\n\n<p>\u015eifre s\u0131f\u0131rlama talebinde bulunursan\u0131z, IP adresiniz s\u0131f\u0131rlama e-postas\u0131na dahil edilir.<\/p>\n\n<h3 class=\"wp-block-heading\"><strong>Verilerinizi Ne Kadar S\u00fcreyle Sakl\u0131yoruz<\/strong><\/h3>\n\n<p>Bir yorum b\u0131rak\u0131rsan\u0131z, yorum ve meta verileri s\u00fcresiz olarak saklan\u0131r. Bu, takip eden yorumlar\u0131 otomatik olarak tan\u0131y\u0131p onaylayabilmemiz i\u00e7indir. <\/p>\n\n<p>Web sitemize kay\u0131t olan kullan\u0131c\u0131lar (varsa) sa\u011flad\u0131klar\u0131 ki\u015fisel bilgileri kullan\u0131c\u0131 profillerinde sakl\u0131yoruz. T\u00fcm kullan\u0131c\u0131lar ki\u015fisel bilgilerini istedikleri zaman g\u00f6rebilir, d\u00fczenleyebilir veya silebilir (kullan\u0131c\u0131 adlar\u0131n\u0131 de\u011fi\u015ftiremezler). Site y\u00f6neticileri de bu bilgileri g\u00f6rebilir ve d\u00fczenleyebilir.  <\/p>\n\n<h3 class=\"wp-block-heading\"><strong>Verileriniz \u00dczerindeki Haklar\u0131n\u0131z<\/strong><\/h3>\n\n<p>Bu sitede bir hesab\u0131n\u0131z varsa veya yorum b\u0131rakt\u0131ysan\u0131z, elimizde bulunan ki\u015fisel verilerinizin d\u0131\u015fa aktar\u0131lm\u0131\u015f bir dosyas\u0131n\u0131 talep edebilirsiniz. Ayr\u0131ca, sizinle ilgili elimizdeki t\u00fcm ki\u015fisel verileri silmemizi talep edebilirsiniz. Bu, idari, yasal veya g\u00fcvenlik ama\u00e7lar\u0131yla saklamak zorunda oldu\u011fumuz veriler i\u00e7in ge\u00e7erli de\u011fildir.  <\/p>\n\n<h3 class=\"wp-block-heading\"><strong>Verileriniz Nereye G\u00f6nderilir<\/strong><\/h3>\n\n<p>Ziyaret\u00e7i yorumlar\u0131, otomatik bir spam tespit hizmeti arac\u0131l\u0131\u011f\u0131yla kontrol edilebilir.<\/p>\n","protected":false},"excerpt":{"rendered":"<p>Yorumlar Web sitemizin adresi: https:\/\/www.empower2act.org. Yorumlar \u00d6nerilen metin: Ziyaret\u00e7iler siteye yorum b\u0131rakt\u0131\u011f\u0131nda, yorum formunda g\u00f6sterilen verilerin yan\u0131 s\u0131ra, spam tespitine [&hellip;]<\/p>\n","protected":false},"author":1,"featured_media":0,"parent":0,"menu_order":0,"comment_status":"closed","ping_status":"open","template":"","meta":{"_coblocks_attr":"","_coblocks_dimensions":"","_coblocks_responsive_height":"","_coblocks_accordion_ie_support":"","_uag_custom_page_level_css":"","site-sidebar-layout":"default","site-content-layout":"","ast-site-content-layout":"default","site-content-style":"default","site-sidebar-style":"default","ast-global-header-display":"","ast-banner-title-visibility":"","ast-main-header-display":"","ast-hfb-above-header-display":"","ast-hfb-below-header-display":"","ast-hfb-mobile-header-display":"","site-post-title":"","ast-breadcrumbs-content":"","ast-featured-img":"","footer-sml-layout":"","ast-disable-related-posts":"","theme-transparent-header-meta":"","adv-header-id-meta":"","stick-header-meta":"","header-above-stick-meta":"","header-main-stick-meta":"","header-below-stick-meta":"","astra-migrate-meta-layouts":"default","ast-page-background-enabled":"default","ast-page-background-meta":{"desktop":{"background-color":"var(--ast-global-color-5)","background-image":"","background-repeat":"repeat","background-position":"center center","background-size":"auto","background-attachment":"scroll","background-type":"","background-media":"","overlay-type":"","overlay-color":"","overlay-opacity":"","overlay-gradient":""},"tablet":{"background-color":"","background-image":"","background-repeat":"repeat","background-position":"center center","background-size":"auto","background-attachment":"scroll","background-type":"","background-media":"","overlay-type":"","overlay-color":"","overlay-opacity":"","overlay-gradient":""},"mobile":{"background-color":"","background-image":"","background-repeat":"repeat","background-position":"center center","background-size":"auto","background-attachment":"scroll","background-type":"","background-media":"","overlay-type":"","overlay-color":"","overlay-opacity":"","overlay-gradient":""}},"ast-content-background-meta":{"desktop":{"background-color":"var(--ast-global-color-4)","background-image":"","background-repeat":"repeat","background-position":"center center","background-size":"auto","background-attachment":"scroll","background-type":"","background-media":"","overlay-type":"","overlay-color":"","overlay-opacity":"","overlay-gradient":""},"tablet":{"background-color":"var(--ast-global-color-4)","background-image":"","background-repeat":"repeat","background-position":"center center","background-size":"auto","background-attachment":"scroll","background-type":"","background-media":"","overlay-type":"","overlay-color":"","overlay-opacity":"","overlay-gradient":""},"mobile":{"background-color":"var(--ast-global-color-4)","background-image":"","background-repeat":"repeat","background-position":"center center","background-size":"auto","background-attachment":"scroll","background-type":"","background-media":"","overlay-type":"","overlay-color":"","overlay-opacity":"","overlay-gradient":""}},"footnotes":""},"class_list":["post-870","page","type-page","status-publish","hentry"],"yoast_head":"<!-- This site is optimized with the Yoast SEO plugin v27.4 - https:\/\/yoast.com\/product\/yoast-seo-wordpress\/ -->\n<title>Gizlilik Politikas\u0131 -<\/title>\n<meta name=\"robots\" content=\"index, follow, max-snippet:-1, max-image-preview:large, max-video-preview:-1\" \/>\n<link rel=\"canonical\" href=\"https:\/\/www.empower2act.org\/tr\/gizlilik-politikasi\/\" \/>\n<meta property=\"og:locale\" content=\"tr_TR\" \/>\n<meta property=\"og:type\" content=\"article\" \/>\n<meta property=\"og:title\" content=\"Gizlilik Politikas\u0131 -\" \/>\n<meta property=\"og:description\" content=\"Yorumlar Web sitemizin adresi: https:\/\/www.empower2act.org. Yorumlar \u00d6nerilen metin: Ziyaret\u00e7iler siteye yorum b\u0131rakt\u0131\u011f\u0131nda, yorum formunda g\u00f6sterilen verilerin yan\u0131 s\u0131ra, spam tespitine [&hellip;]\" \/>\n<meta property=\"og:url\" content=\"https:\/\/www.empower2act.org\/tr\/gizlilik-politikasi\/\" \/>\n<meta property=\"article:modified_time\" content=\"2025-05-12T10:41:09+00:00\" \/>\n<meta name=\"twitter:card\" content=\"summary_large_image\" \/>\n<meta name=\"twitter:label1\" content=\"Tahmini okuma s\u00fcresi\" \/>\n\t<meta name=\"twitter:data1\" content=\"3 dakika\" \/>\n<script type=\"application\/ld+json\" class=\"yoast-schema-graph\">{\"@context\":\"https:\\\/\\\/schema.org\",\"@graph\":[{\"@type\":\"WebPage\",\"@id\":\"https:\\\/\\\/www.empower2act.org\\\/tr\\\/gizlilik-politikasi\\\/\",\"url\":\"https:\\\/\\\/www.empower2act.org\\\/tr\\\/gizlilik-politikasi\\\/\",\"name\":\"Gizlilik Politikas\u0131 -\",\"isPartOf\":{\"@id\":\"https:\\\/\\\/www.empower2act.org\\\/tr\\\/#website\"},\"datePublished\":\"2025-01-28T11:41:22+00:00\",\"dateModified\":\"2025-05-12T10:41:09+00:00\",\"breadcrumb\":{\"@id\":\"https:\\\/\\\/www.empower2act.org\\\/tr\\\/gizlilik-politikasi\\\/#breadcrumb\"},\"inLanguage\":\"tr\",\"potentialAction\":[{\"@type\":\"ReadAction\",\"target\":[\"https:\\\/\\\/www.empower2act.org\\\/tr\\\/gizlilik-politikasi\\\/\"]}]},{\"@type\":\"BreadcrumbList\",\"@id\":\"https:\\\/\\\/www.empower2act.org\\\/tr\\\/gizlilik-politikasi\\\/#breadcrumb\",\"itemListElement\":[{\"@type\":\"ListItem\",\"position\":1,\"name\":\"Portada\",\"item\":\"https:\\\/\\\/www.empower2act.org\\\/tr\\\/\"},{\"@type\":\"ListItem\",\"position\":2,\"name\":\"Gizlilik Politikas\u0131\"}]},{\"@type\":\"WebSite\",\"@id\":\"https:\\\/\\\/www.empower2act.org\\\/tr\\\/#website\",\"url\":\"https:\\\/\\\/www.empower2act.org\\\/tr\\\/\",\"name\":\"empower2act\",\"description\":\"\",\"publisher\":{\"@id\":\"https:\\\/\\\/www.empower2act.org\\\/tr\\\/#organization\"},\"potentialAction\":[{\"@type\":\"SearchAction\",\"target\":{\"@type\":\"EntryPoint\",\"urlTemplate\":\"https:\\\/\\\/www.empower2act.org\\\/tr\\\/?s={search_term_string}\"},\"query-input\":{\"@type\":\"PropertyValueSpecification\",\"valueRequired\":true,\"valueName\":\"search_term_string\"}}],\"inLanguage\":\"tr\"},{\"@type\":\"Organization\",\"@id\":\"https:\\\/\\\/www.empower2act.org\\\/tr\\\/#organization\",\"name\":\"empower2act\",\"url\":\"https:\\\/\\\/www.empower2act.org\\\/tr\\\/\",\"logo\":{\"@type\":\"ImageObject\",\"inLanguage\":\"tr\",\"@id\":\"https:\\\/\\\/www.empower2act.org\\\/tr\\\/#\\\/schema\\\/logo\\\/image\\\/\",\"url\":\"https:\\\/\\\/www.empower2act.org\\\/wp-content\\\/uploads\\\/2025\\\/01\\\/IDEA-LOGO.jpg\",\"contentUrl\":\"https:\\\/\\\/www.empower2act.org\\\/wp-content\\\/uploads\\\/2025\\\/01\\\/IDEA-LOGO.jpg\",\"width\":1213,\"height\":411,\"caption\":\"empower2act\"},\"image\":{\"@id\":\"https:\\\/\\\/www.empower2act.org\\\/tr\\\/#\\\/schema\\\/logo\\\/image\\\/\"}}]}<\/script>\n<!-- \/ Yoast SEO plugin. -->","yoast_head_json":{"title":"Gizlilik Politikas\u0131 -","robots":{"index":"index","follow":"follow","max-snippet":"max-snippet:-1","max-image-preview":"max-image-preview:large","max-video-preview":"max-video-preview:-1"},"canonical":"https:\/\/www.empower2act.org\/tr\/gizlilik-politikasi\/","og_locale":"tr_TR","og_type":"article","og_title":"Gizlilik Politikas\u0131 -","og_description":"Yorumlar Web sitemizin adresi: https:\/\/www.empower2act.org. Yorumlar \u00d6nerilen metin: Ziyaret\u00e7iler siteye yorum b\u0131rakt\u0131\u011f\u0131nda, yorum formunda g\u00f6sterilen verilerin yan\u0131 s\u0131ra, spam tespitine [&hellip;]","og_url":"https:\/\/www.empower2act.org\/tr\/gizlilik-politikasi\/","article_modified_time":"2025-05-12T10:41:09+00:00","twitter_card":"summary_large_image","twitter_misc":{"Tahmini okuma s\u00fcresi":"3 dakika"},"schema":{"@context":"https:\/\/schema.org","@graph":[{"@type":"WebPage","@id":"https:\/\/www.empower2act.org\/tr\/gizlilik-politikasi\/","url":"https:\/\/www.empower2act.org\/tr\/gizlilik-politikasi\/","name":"Gizlilik Politikas\u0131 -","isPartOf":{"@id":"https:\/\/www.empower2act.org\/tr\/#website"},"datePublished":"2025-01-28T11:41:22+00:00","dateModified":"2025-05-12T10:41:09+00:00","breadcrumb":{"@id":"https:\/\/www.empower2act.org\/tr\/gizlilik-politikasi\/#breadcrumb"},"inLanguage":"tr","potentialAction":[{"@type":"ReadAction","target":["https:\/\/www.empower2act.org\/tr\/gizlilik-politikasi\/"]}]},{"@type":"BreadcrumbList","@id":"https:\/\/www.empower2act.org\/tr\/gizlilik-politikasi\/#breadcrumb","itemListElement":[{"@type":"ListItem","position":1,"name":"Portada","item":"https:\/\/www.empower2act.org\/tr\/"},{"@type":"ListItem","position":2,"name":"Gizlilik Politikas\u0131"}]},{"@type":"WebSite","@id":"https:\/\/www.empower2act.org\/tr\/#website","url":"https:\/\/www.empower2act.org\/tr\/","name":"empower2act","description":"","publisher":{"@id":"https:\/\/www.empower2act.org\/tr\/#organization"},"potentialAction":[{"@type":"SearchAction","target":{"@type":"EntryPoint","urlTemplate":"https:\/\/www.empower2act.org\/tr\/?s={search_term_string}"},"query-input":{"@type":"PropertyValueSpecification","valueRequired":true,"valueName":"search_term_string"}}],"inLanguage":"tr"},{"@type":"Organization","@id":"https:\/\/www.empower2act.org\/tr\/#organization","name":"empower2act","url":"https:\/\/www.empower2act.org\/tr\/","logo":{"@type":"ImageObject","inLanguage":"tr","@id":"https:\/\/www.empower2act.org\/tr\/#\/schema\/logo\/image\/","url":"https:\/\/www.empower2act.org\/wp-content\/uploads\/2025\/01\/IDEA-LOGO.jpg","contentUrl":"https:\/\/www.empower2act.org\/wp-content\/uploads\/2025\/01\/IDEA-LOGO.jpg","width":1213,"height":411,"caption":"empower2act"},"image":{"@id":"https:\/\/www.empower2act.org\/tr\/#\/schema\/logo\/image\/"}}]}},"uagb_featured_image_src":{"full":false,"thumbnail":false,"medium":false,"medium_large":false,"large":false,"1536x1536":false,"2048x2048":false},"uagb_author_info":{"display_name":"adminJULIACUNY","author_link":"https:\/\/www.empower2act.org\/tr\/author\/adminjuliacuny\/"},"uagb_comment_info":0,"uagb_excerpt":"Yorumlar Web sitemizin adresi: https:\/\/www.empower2act.org. Yorumlar \u00d6nerilen metin: Ziyaret\u00e7iler siteye yorum b\u0131rakt\u0131\u011f\u0131nda, yorum formunda g\u00f6sterilen verilerin yan\u0131 s\u0131ra, spam tespitine [&hellip;]","_links":{"self":[{"href":"https:\/\/www.empower2act.org\/tr\/wp-json\/wp\/v2\/pages\/870","targetHints":{"allow":["GET"]}}],"collection":[{"href":"https:\/\/www.empower2act.org\/tr\/wp-json\/wp\/v2\/pages"}],"about":[{"href":"https:\/\/www.empower2act.org\/tr\/wp-json\/wp\/v2\/types\/page"}],"author":[{"embeddable":true,"href":"https:\/\/www.empower2act.org\/tr\/wp-json\/wp\/v2\/users\/1"}],"replies":[{"embeddable":true,"href":"https:\/\/www.empower2act.org\/tr\/wp-json\/wp\/v2\/comments?post=870"}],"version-history":[{"count":1,"href":"https:\/\/www.empower2act.org\/tr\/wp-json\/wp\/v2\/pages\/870\/revisions"}],"predecessor-version":[{"id":878,"href":"https:\/\/www.empower2act.org\/tr\/wp-json\/wp\/v2\/pages\/870\/revisions\/878"}],"wp:attachment":[{"href":"https:\/\/www.empower2act.org\/tr\/wp-json\/wp\/v2\/media?parent=870"}],"curies":[{"name":"wp","href":"https:\/\/api.w.org\/{rel}","templated":true}]}}